{"id":8,"date":"2015-05-14T20:50:14","date_gmt":"2015-05-14T20:50:14","guid":{"rendered":"http:\/\/sintelsoftware.com\/?page_id=8"},"modified":"2015-08-10T10:30:19","modified_gmt":"2015-08-10T17:30:19","slug":"solutions","status":"publish","type":"page","link":"https:\/\/sintelsoftware.com\/pt\/solutions","title":{"rendered":"Produtos"},"content":{"rendered":"<p><\/p>\n<table border=\"1\">\n<tbody>\n<tr>\n<td>\n<div class=\"product-shop\">\n<div class=\"f-fix\">\n<div class=\"product-primary\">\n<h2 class=\"product-name\" style=\"text-align: center;\"><a href=\"https:\/\/sintelsoftware.com\/retail-software-pos\"><img loading=\"lazy\" decoding=\"async\" class=\" alignright\" src=\"https:\/\/www.sintelsystems.com\/media\/catalog\/product\/cache\/1\/small_image\/300x\/17f82f742ffe127f42dca9de82fb58b1\/r\/e\/retail.png\" alt=\"\" width=\"300\" height=\"333\" \/><\/a><a title=\"Retail Software POS\" href=\"https:\/\/sintelsoftware.com\/retail-software-pos\">POS Software De Varejo<\/a><\/h2>\n<div class=\"product-shop\" style=\"text-align: center;\">\n<div class=\"desc std\">\n<p style=\"text-align: center;\">O Sintel Sistemas Retail traz um software profissional e poderoso para o seu neg\u00f3cio. Com a funcionalidade de HQ, gest\u00e3o de clientes em tempo real e controle de invent\u00e1rio simplificado, apenas tr\u00eas dos muitos recursos, o gerenciamento de sua opera\u00e7\u00e3o torna-se muito f\u00e1cil. N\u00e3o \u00e9 apenas o software inteiramente customiz\u00e1vel, tamb\u00e9m \u00e9 f\u00e1cil de usar. Se voc\u00ea tem um local de varejo ou uma grande cadeia, o nosso Software Varejo \u00e9 projetado para levar o seu neg\u00f3cio para o pr\u00f3ximo n\u00edvel.<\/p>\n<\/div>\n<\/div>\n<\/div>\n<\/div>\n<\/div>\n<\/td>\n<td><a href=\"https:\/\/sintelsoftware.com\/restaurant-software-pos\"><img loading=\"lazy\" decoding=\"async\" class=\"alignright\" src=\"https:\/\/www.sintelsystems.com\/media\/catalog\/product\/cache\/1\/small_image\/300x\/17f82f742ffe127f42dca9de82fb58b1\/r\/e\/restaurant_box.jpg\" alt=\"\" width=\"300\" height=\"333\" \/><\/a><\/p>\n<div class=\"product-shop\">\n<div class=\"f-fix\">\n<div class=\"product-primary\">\n<h2 class=\"product-name\" style=\"text-align: center;\"><a title=\"Restaurant Software POS\" href=\"https:\/\/sintelsoftware.com\/restaurant-software-pos\">POS Software De Restaurante<\/a><\/h2>\n<\/div>\n<p style=\"text-align: center;\">Manter um restaurante movimentado e atender as demandas dos clientes \u00e9 essencial para o sucesso. Com nosso Software Sintel Sistemas Restaurante, transa\u00e7\u00f5es s\u00e3o processadas rapidamente e precisamente. Nosso menu de op\u00e7\u00f5es \u00e9 completamente customiz\u00e1vel e categoriz\u00e1vel faz com que o programa seja adapt\u00e1vel e eficiente. Adicione op\u00e7\u00f5es do dia, itens extras e especiais de almo\u00e7o\/janta sem problemas. Usando o Sintel Sistemas Restaurante, voc\u00ea melhorar\u00e1 o servi\u00e7o ao consumidor e ajudar\u00e1 no gerenciamento cada vez mais f\u00e1cil do seu restaurante.<\/p>\n<\/div>\n<\/div>\n<\/td>\n<\/tr>\n<tr>\n<td><a title=\"Chinese Food Software POS\" href=\"https:\/\/sintelsoftware.com\/chinese-food-software-pos\"><img loading=\"lazy\" decoding=\"async\" class=\" alignright\" src=\"https:\/\/www.sintelsystems.com\/media\/catalog\/product\/cache\/1\/small_image\/300x\/17f82f742ffe127f42dca9de82fb58b1\/c\/h\/chinese_food.png\" alt=\"\" width=\"300\" height=\"333\" \/><\/a><\/p>\n<div class=\"product-shop\">\n<div class=\"f-fix\">\n<div class=\"product-primary\">\n<h2 class=\"product-name\" style=\"text-align: center;\"><a title=\"Chinese Food Software POS\" href=\"https:\/\/sintelsoftware.com\/chinese-food-software-pos\">POS Software De Comida Chinesa<\/a><\/h2>\n<\/div>\n<div class=\"product-secondary\" style=\"text-align: center;\">\n<div class=\"product-secondary\" style=\"text-align: center;\"><span id=\"product-price-1017\" class=\"regular-price\"> <\/span>Sistemas POS para comida chinesa e culin\u00e1ria asi\u00e1tica precisam controlar todo o invent\u00e1rio, com qualquer prato, sopas, entradas e adicionais para cada pedido. Seja adicionando frango. Carnes ou tofu, ou especificando entre v\u00e1rios tipos de temperos, voc\u00ea quer facilmente gerenciar cada pedido para manter seu cliente satisfeito. Al\u00e9m disso, n\u00e3o seria \u00f3timo poder enviar ao seu chef as receitas de frango em chin\u00eas tamb\u00e9m? Com a Ponto de Venda da Sintel Sistemas, n\u00f3s garantimos que essas necessidades e mais ser\u00e3o atendidas.<\/div>\n<\/div>\n<\/div>\n<\/div>\n<\/td>\n<td><a href=\"https:\/\/sintelsoftware.com\/pizza-software-pos\"><img loading=\"lazy\" decoding=\"async\" class=\" alignright\" src=\"https:\/\/www.sintelsystems.com\/media\/catalog\/product\/cache\/1\/small_image\/300x\/17f82f742ffe127f42dca9de82fb58b1\/p\/i\/pizza.jpg\" alt=\"\" width=\"300\" height=\"333\" \/><\/a><\/p>\n<div class=\"product-shop\">\n<div class=\"desc std\">\n<div class=\"product-primary\">\n<h2 class=\"product-name\" style=\"text-align: center;\"><a title=\"Pizza Software POS\" href=\"https:\/\/sintelsoftware.com\/pizza-software-pos\">POS Software De Pizza<\/a><\/h2>\n<\/div>\n<p style=\"text-align: center;\">Se voc\u00ea vende sua pizza por peda\u00e7o, entrega, ou tem um restaurante de servi\u00e7o completo, o Software POS pizza da Sintel Sistemas prover\u00e1 o que seu neg\u00f3cio espec\u00edfico precisa. O programa inclui gerenciamento simplificado de menu, op\u00e7\u00f5es customiz\u00e1veis de entrega, e integra\u00e7\u00e3o de identifica\u00e7\u00e3o. Um cliente escolhe sua massa, molho, queijo, e, claro, todos os seus sabores. O Software POS pizza em seu restaurante precisa ser configurado para introduzir eficientemente todas as informa\u00e7\u00f5es da maneira espec\u00edfica que seu neg\u00f3cio funcione. Com Sintel Sistemas, nosso software inclui todos os detalhes necess\u00e1rios, mantendo uma interface amig\u00e1vel.<\/p>\n<\/div>\n<\/div>\n<\/td>\n<\/tr>\n<tr>\n<td><a href=\"https:\/\/sintelsoftware.com\/frozen-yogurt-software-pos\"><img loading=\"lazy\" decoding=\"async\" class=\" alignright\" src=\"https:\/\/www.sintelsystems.com\/media\/catalog\/product\/cache\/1\/small_image\/300x\/17f82f742ffe127f42dca9de82fb58b1\/f\/r\/frozen_yogurt.png\" alt=\"\" width=\"300\" height=\"333\" \/><\/a><\/p>\n<div class=\"product-primary\">\n<h2 class=\"product-name\" style=\"text-align: center;\"><a title=\"Frozen Yogurt Software POS\" href=\"https:\/\/sintelsoftware.com\/frozen-yogurt-software-pos\">POS Software De Iogurte Congelado<\/a><\/h2>\n<\/div>\n<div class=\"desc std\">\n<div class=\"short-description\" style=\"text-align: center;\">\n<div class=\"std\">\n<p>Como propriet\u00e1rio de uma loja de frozen yogurt, \u00e9 importante para acompanhar n\u00e3o s\u00f3 variedade, mas tamb\u00e9m constante procura e concorr\u00eancia. Incluindo uma escala de peso integrado, fun\u00e7\u00e3o tara e programa de cart\u00e3o de fidelidade, a Sintel Sistemas Frozen Yogurt POS disponibiliza um programa de f\u00e1cil uso com poderosa capacidade de gerenciamento para seu neg\u00f3cio. Nosso programa permite que nossos empregados processem pedidos em segundos com cart\u00e3o de cr\u00e9dito integrado e tamb\u00e9m fun\u00e7\u00e3o de salvamento de pedido.<\/p>\n<\/div>\n<\/div>\n<\/div>\n<\/td>\n<td><a href=\"https:\/\/sintelsoftware.com\/bakery-software-pos\"><img loading=\"lazy\" decoding=\"async\" class=\" alignright\" src=\"https:\/\/www.sintelsystems.com\/media\/catalog\/product\/cache\/1\/small_image\/300x\/17f82f742ffe127f42dca9de82fb58b1\/b\/a\/bakery.jpg\" alt=\"\" width=\"300\" height=\"333\" \/><\/a><\/p>\n<div class=\"product-shop\">\n<div class=\"desc std\">\n<div class=\"product-primary\">\n<h2 class=\"product-name\" style=\"text-align: center;\"><a title=\"Bakery Software POS\" href=\"https:\/\/sintelsoftware.com\/bakery-software-pos\">POS Software De Padaria<\/a><\/h2>\n<\/div>\n<p style=\"text-align: center;\">Gerenciar sua padaria nunca foi t\u00e3o f\u00e1cil com o Software POS Sintel Sistemas Bakery. Com recursos totalmente personaliz\u00e1veis, qualquer grande evento ou uma ordem de catering pode ser preenchido diretamente atrav\u00e9s de seu sistema. Mantenha o controle de ordens de bolos personalizado e permita que os clientes fa\u00e7am dep\u00f3sitos quando requisitarem. Use a escala integrada para todos e quaisquer produtos pesados.<\/p>\n<\/div>\n<\/div>\n<\/td>\n<\/tr>\n<tr>\n<td><a href=\"https:\/\/sintelsoftware.com\/salon-software-pos\"><img loading=\"lazy\" decoding=\"async\" class=\" alignright\" src=\"https:\/\/www.sintelsystems.com\/media\/catalog\/product\/cache\/1\/small_image\/300x\/17f82f742ffe127f42dca9de82fb58b1\/s\/a\/salon.png\" alt=\"\" width=\"300\" height=\"333\" \/><\/a><\/p>\n<div class=\"product-shop\">\n<div class=\"desc std\">\n<div class=\"product-primary\">\n<h2 class=\"product-name\" style=\"text-align: center;\"><a title=\"Salon Software POS\" href=\"https:\/\/sintelsoftware.com\/salon-software-pos\">POS Software De Sal\u00e3o e Spa<\/a><\/h2>\n<\/div>\n<p style=\"text-align: center;\">Enquanto sal\u00f5es e spas continuam a atender as demandas de seus clientes, a ind\u00fastria Ponto de Venda aumenta o desenvolvimento para satisfazer as necessidades dos Sal\u00f5es. O Software Sintel Sistemas Sal\u00e3o e Spa POS traz um livro de f\u00e1cil agendamento com servi\u00e7o de conveni\u00eancia ao cliente e hist\u00f3rico de compras para que voc\u00ea e seu cliente fiquem satisfeitos. Adicionalmente, voc\u00ea pode facilmente gerenciar todo o invent\u00e1rio de seu sal\u00e3o e procurar vendas realizadas. Continuar a mimar os seus clientes sem ter que se preocupar com seu sistema POS. Deixe que a Sintel Sistemas tome conta do resto.<\/p>\n<\/div>\n<\/div>\n<\/td>\n<td><a href=\"https:\/\/sintelsoftware.com\/produce-grocery-software-pos\"><img loading=\"lazy\" decoding=\"async\" class=\" alignright\" src=\"https:\/\/www.sintelsystems.com\/media\/catalog\/product\/cache\/1\/small_image\/300x\/17f82f742ffe127f42dca9de82fb58b1\/p\/r\/produce_and_grocery.png\" alt=\"\" width=\"300\" height=\"333\" \/><\/a><\/p>\n<div class=\"product-primary\">\n<h2 class=\"product-name\" style=\"text-align: center;\"><a title=\"Produce &#038; Grocery Software POS\" href=\"https:\/\/sintelsoftware.com\/produce-grocery-software-pos\">POS Software De Supermercado &#038; Mercearia<\/a><\/h2>\n<\/div>\n<div class=\"desc std\">\n<p style=\"text-align: center;\">Com o Software Produ\u00e7\u00e3o e Mercearia Sintel Sistemas, seu neg\u00f3cio funcionar\u00e1 tranquilamente e eficientemente. A balan\u00e7a integrada permite f\u00e1cil pesagem de manufaturados para um r\u00e1pido checkout. Para fazer cada transa\u00e7\u00e3o ainda mais r\u00e1pida, o programa incui cart\u00e3o de cr\u00e9dito e processamento integrados. Mantenha seus clientes felizes com reembolso de itens e opera\u00e7\u00f5es de troca. Se sua mercearia ou loja est\u00e1 na busca por melhoras na qualidade de seu programa POS, enquanto aumenta a efici\u00eancia para atender \u00e0s demandas de seus cliente, a Sintel Sistemas est\u00e1 aqui para ajudar.<\/p>\n<\/div>\n<\/td>\n<\/tr>\n<tr>\n<td><a href=\"https:\/\/sintelsoftware.com\/back-office-software-pos\"><img loading=\"lazy\" decoding=\"async\" class=\" alignright\" src=\"https:\/\/www.sintelsystems.com\/media\/catalog\/product\/cache\/1\/small_image\/300x\/17f82f742ffe127f42dca9de82fb58b1\/b\/a\/back_office_software.png\" alt=\"\" width=\"300\" height=\"333\" \/><\/a><\/p>\n<div class=\"product-shop\">\n<div class=\"desc std\">\n<div class=\"product-primary\">\n<h2 class=\"product-name\" style=\"text-align: center;\"><a title=\"Back Office Software POS\" href=\"https:\/\/sintelsoftware.com\/back-office-software-pos\">POS Software De Escrit\u00f3rio<\/a><\/h2>\n<\/div>\n<p style=\"text-align: center;\">Acesso a gest\u00e3o da opera\u00e7\u00e3o \u00e9 essencial para o seu neg\u00f3cio, mas interromper as transa\u00e7\u00f5es dos clientes para obter informa\u00e7\u00e3o necess\u00e1ria pode ser prejudicial. O Software Back Office Sintel Sistemas permite que voc\u00ea veja as planilhas dos empregados, gerencie seus invent\u00e1rios e analise relat\u00f3rios de vendas de qualquer lugar. O programa tamb\u00e9m permite um controle de v\u00e1rias lojas visando franquias. N\u00e3o tem um escrit\u00f3rio? Sem problemas. O Back Office Sintel Sistemas pode ser instalado diretamente em seu notebook. Contanto que voc\u00ea seja parte da rede da loja, voc\u00ea pode acessar a base de dados. Licen\u00e7a do Software Back Office: Licen\u00e7a Completa com Acesso Local e Fun\u00e7\u00f5es dos Terminais.<\/p>\n<\/div>\n<\/div>\n<\/td>\n<td><a href=\"https:\/\/sintelsoftware.com\/coffee-shop-software-pos\"><img loading=\"lazy\" decoding=\"async\" class=\" alignright\" src=\"https:\/\/www.sintelsystems.com\/media\/catalog\/product\/cache\/1\/small_image\/300x\/17f82f742ffe127f42dca9de82fb58b1\/c\/o\/coffee_shop_box.png\" alt=\"\" width=\"300\" height=\"333\" \/><\/a><\/p>\n<div class=\"product-shop\">\n<div class=\"desc std\" style=\"text-align: right;\">\n<div class=\"product-primary\">\n<h2 class=\"product-name\" style=\"text-align: center;\"><a title=\"Coffee Shop Software POS\" href=\"https:\/\/sintelsoftware.com\/coffee-shop-software-pos\">POS Software De Cafeteria<\/a><\/h2>\n<\/div>\n<p style=\"text-align: center;\">Com milh\u00f5es de Americanos come\u00e7ando seu dia com caf\u00e9, deixe o Software POS Sintel Sistemas ser sua escolha. Checkouts nunca foram t\u00e3o r\u00e1pidos com nosso modo de servi\u00e7o r\u00e1pido. A balan\u00e7a integrada permite aos clientes comprar n\u00e3o apenas seu caf\u00e9 mas tamb\u00e9m a sua mistura \u00fanica favorita de caf\u00e9 mo\u00eddo. Com um programa de fideliza\u00e7\u00e3o de clientes, deixe seus clientes ganhar pontos e resgatar pr\u00eamios, al\u00e9m de envi\u00e1-los ofertas e cupons com informa\u00e7\u00f5es do cliente salvas direito no sistema. Caf\u00e9 j\u00e1 n\u00e3o \u00e9 apenas um neg\u00f3cio, e sim uma cultura. Nossa atualizada tecnologia POS \u00e9 a maneira mais eficiente de administrar sua cafeteria.<\/p>\n<\/div>\n<\/div>\n<\/td>\n<\/tr>\n<\/tbody>\n<\/table>\n<p><\/p>","protected":false},"excerpt":{"rendered":"<p>POS Software De Varejo O Sintel Sistemas Retail traz um software profissional e poderoso para o seu neg\u00f3cio. Com a funcionalidade de HQ, gest\u00e3o de clientes em tempo real e controle de invent\u00e1rio simplificado, apenas tr\u00eas dos muitos recursos, o gerenciamento de sua opera\u00e7\u00e3o torna-se muito f\u00e1cil. N\u00e3o \u00e9 apenas o software inteiramente customiz\u00e1vel, tamb\u00e9m [&hellip;]<\/p>\n","protected":false},"author":1,"featured_media":204,"parent":0,"menu_order":0,"comment_status":"closed","ping_status":"open","template":"","meta":{"footnotes":""},"class_list":["post-8","page","type-page","status-publish","has-post-thumbnail","czr-hentry"],"_links":{"self":[{"href":"https:\/\/sintelsoftware.com\/pt\/wp-json\/wp\/v2\/pages\/8","targetHints":{"allow":["GET"]}}],"collection":[{"href":"https:\/\/sintelsoftware.com\/pt\/wp-json\/wp\/v2\/pages"}],"about":[{"href":"https:\/\/sintelsoftware.com\/pt\/wp-json\/wp\/v2\/types\/page"}],"author":[{"embeddable":true,"href":"https:\/\/sintelsoftware.com\/pt\/wp-json\/wp\/v2\/users\/1"}],"replies":[{"embeddable":true,"href":"https:\/\/sintelsoftware.com\/pt\/wp-json\/wp\/v2\/comments?post=8"}],"version-history":[{"count":112,"href":"https:\/\/sintelsoftware.com\/pt\/wp-json\/wp\/v2\/pages\/8\/revisions"}],"predecessor-version":[{"id":394,"href":"https:\/\/sintelsoftware.com\/pt\/wp-json\/wp\/v2\/pages\/8\/revisions\/394"}],"wp:featuredmedia":[{"embeddable":true,"href":"https:\/\/sintelsoftware.com\/pt\/wp-json\/wp\/v2\/media\/204"}],"wp:attachment":[{"href":"https:\/\/sintelsoftware.com\/pt\/wp-json\/wp\/v2\/media?parent=8"}],"curies":[{"name":"wp","href":"https:\/\/api.w.org\/{rel}","templated":true}]}}