{"id":159,"date":"2015-05-22T16:36:21","date_gmt":"2015-05-22T16:36:21","guid":{"rendered":"http:\/\/sintelsoftware.com\/?page_id=159"},"modified":"2016-03-25T15:05:07","modified_gmt":"2016-03-25T22:05:07","slug":"back-office-software-pos","status":"publish","type":"page","link":"https:\/\/sintelsoftware.com\/pt\/back-office-software-pos","title":{"rendered":"POS Software De Escrit\u00f3rio"},"content":{"rendered":"<p><\/p>\n<table border=\"0\">\n<tbody>\n<tr>\n<td><img loading=\"lazy\" decoding=\"async\" title=\"Back Office POS Software\" src=\"https:\/\/sintelsoftware.com\/wp-content\/uploads\/2015\/12\/Portugu\u00eas-Escrit\u00f3rio-PDV-Pontos-de-Venda-Sintel-Software-855-POS-SALE-www.SintelSoftware.com_.png\" alt=\"Back Office POS Software\" width=\"583\" height=\"647\" \/><\/p>\n<p>\n\t\t<style type=\"text\/css\">\n\t\t\t#gallery-5 {\n\t\t\t\tmargin: auto;\n\t\t\t}\n\t\t\t#gallery-5 .gallery-item {\n\t\t\t\tfloat: left;\n\t\t\t\tmargin-top: 10px;\n\t\t\t\ttext-align: center;\n\t\t\t\twidth: 33%;\n\t\t\t}\n\t\t\t#gallery-5 img {\n\t\t\t\tborder: 2px solid #cfcfcf;\n\t\t\t}\n\t\t\t#gallery-5 .gallery-caption {\n\t\t\t\tmargin-left: 0;\n\t\t\t}\n\t\t\t\/* see gallery_shortcode() in wp-includes\/media.php *\/\n\t\t<\/style>\n\t\t<div id='gallery-5' class='gallery galleryid-159 gallery-columns-3 gallery-size-thumbnail'><dl class='gallery-item'>\n\t\t\t<dt class='gallery-icon portrait'>\n\t\t\t\t<a class=\"grouped_elements\" rel=\"tc-fancybox-group\" href=\"https:\/\/sintelsoftware.com\/wp-content\/uploads\/2015\/12\/Espanol-BackOffice-PTV-Punto-de-Venta-Sintel-Software-855-POS-SALE-www.SintelSoftware.com_.png\" title=\"Espanol-BackOffice-PTV-Punto-de-Venta-Sintel-Software-855-POS-SALE-www.SintelSoftware.com\"><img loading=\"lazy\" decoding=\"async\" width=\"150\" height=\"150\" src=\"https:\/\/sintelsoftware.com\/wp-content\/uploads\/2015\/12\/Espanol-BackOffice-PTV-Punto-de-Venta-Sintel-Software-855-POS-SALE-www.SintelSoftware.com_-150x150.png\" class=\"attachment-thumbnail size-thumbnail\" alt=\"Espanol-BackOffice-PTV-Punto-de-Venta-Sintel-Software-855-POS-SALE-www.SintelSoftware.com\" \/><\/a>\n\t\t\t<\/dt><\/dl><dl class='gallery-item'>\n\t\t\t<dt class='gallery-icon portrait'>\n\t\t\t\t<a class=\"grouped_elements\" rel=\"tc-fancybox-group\" href=\"https:\/\/sintelsoftware.com\/wp-content\/uploads\/2015\/12\/Deutsch-Abrechnungsstelle-POS-Kassensysteme-Kassensoftware-Sintel-Software-855-POS-SALE-www.SintelSoftware.com_.png\" title=\"Deutsch-Abrechnungsstelle-POS-Kassensysteme-Kassensoftware-Sintel-Software-855-POS-SALE-www.SintelSoftware.com\"><img loading=\"lazy\" decoding=\"async\" width=\"150\" height=\"150\" src=\"https:\/\/sintelsoftware.com\/wp-content\/uploads\/2015\/12\/Deutsch-Abrechnungsstelle-POS-Kassensysteme-Kassensoftware-Sintel-Software-855-POS-SALE-www.SintelSoftware.com_-150x150.png\" class=\"attachment-thumbnail size-thumbnail\" alt=\"Deutsch-Abrechnungsstelle-POS-Kassensysteme-Kassensoftware-Sintel-Software-855-POS-SALE-www.SintelSoftware.com\" \/><\/a>\n\t\t\t<\/dt><\/dl><dl class='gallery-item'>\n\t\t\t<dt class='gallery-icon portrait'>\n\t\t\t\t<a class=\"grouped_elements\" rel=\"tc-fancybox-group\" href=\"https:\/\/sintelsoftware.com\/wp-content\/uploads\/2015\/12\/Italiano-Amministrazione-POS-Punto-Vendito-Sintel-Software-855-POS-SALE-www.SintelSoftware.com_.png\" title=\"Italiano-Amministrazione-POS-Punto-Vendito-Sintel-Software-855-POS-SALE-www.SintelSoftware.com\"><img loading=\"lazy\" decoding=\"async\" width=\"150\" height=\"150\" src=\"https:\/\/sintelsoftware.com\/wp-content\/uploads\/2015\/12\/Italiano-Amministrazione-POS-Punto-Vendito-Sintel-Software-855-POS-SALE-www.SintelSoftware.com_-150x150.png\" class=\"attachment-thumbnail size-thumbnail\" alt=\"Italiano-Amministrazione-POS-Punto-Vendito-Sintel-Software-855-POS-SALE-www.SintelSoftware.com\" \/><\/a>\n\t\t\t<\/dt><\/dl><br style=\"clear: both\" \/><dl class='gallery-item'>\n\t\t\t<dt class='gallery-icon portrait'>\n\t\t\t\t<a class=\"grouped_elements\" rel=\"tc-fancybox-group\" href=\"https:\/\/sintelsoftware.com\/wp-content\/uploads\/2015\/12\/Fran\u00e7ais-Dossier-Bureau-PDV-Point-De-Vente-Logiciel-Sintel-Software-855-POS-SALE-www.SintelSoftware.com_.png\" title=\"Fran\u00e7ais-Dossier-Bureau-PDV-Point-De-Vente-Logiciel-Sintel-Software-855-POS-SALE-www.SintelSoftware.com\"><img loading=\"lazy\" decoding=\"async\" width=\"150\" height=\"150\" src=\"https:\/\/sintelsoftware.com\/wp-content\/uploads\/2015\/12\/Fran\u00e7ais-Dossier-Bureau-PDV-Point-De-Vente-Logiciel-Sintel-Software-855-POS-SALE-www.SintelSoftware.com_-150x150.png\" class=\"attachment-thumbnail size-thumbnail\" alt=\"Fran\u00e7ais-Dossier-Bureau-PDV-Point-De-Vente-Logiciel-Sintel-Software-855-POS-SALE-www.SintelSoftware.com\" \/><\/a>\n\t\t\t<\/dt><\/dl>\n\t\t\t<br style='clear: both' \/>\n\t\t<\/div>\n<\/td>\n<td>\n<h2 class=\"product-name\"><span style=\"color: #57cf93;\"><strong><span class=\"h1\">POS Software De Escrit\u00f3rio<\/span><\/strong><\/span><\/h2>\n<div>\n<p>Acesso a gest\u00e3o da opera\u00e7\u00e3o \u00e9 essencial para o seu neg\u00f3cio, mas interromper as transa\u00e7\u00f5es dos clientes para obter informa\u00e7\u00e3o necess\u00e1ria pode ser prejudicial. O Software Back Office Sintel Sistemas permite que voc\u00ea veja as planilhas dos empregados, gerencie seus invent\u00e1rios e analise relat\u00f3rios de vendas de qualquer lugar. O programa tamb\u00e9m permite um controle de v\u00e1rias lojas visando franquias. N\u00e3o tem um escrit\u00f3rio? Sem problemas. O Back Office Sintel Sistemas pode ser instalado diretamente em seu notebook. Contanto que voc\u00ea seja parte da rede da loja, voc\u00ea pode acessar a base de dados. Licen\u00e7a do Software Back Office: Licen\u00e7a Completa com Acesso Local e Fun\u00e7\u00f5es dos Terminais.<\/p>\n<p><strong>A Sintel Software Systems <\/strong>oferece uma solu\u00e7\u00e3o ASP (Application Service Provider), o que d\u00e1 a voc\u00ea total controle do seu neg\u00f3cio, onde quer que voc\u00ea esteja. Esta op\u00e7\u00e3o permite o uso de recursos de melhoramentos, incluindo integra\u00e7\u00e3o com Google Maps e compras online. Seja o comerciante um pequeno restaurante em uma comunidade rural ou uma franquia famosa em uma grande cidade\u2026 A Sintel Systems \u00e9 a solu\u00e7\u00e3o universal para todo tipo de neg\u00f3cio.<\/p>\n<p><strong><u>Sistema de Pontos por Fidelidade:<\/u><\/strong><\/p>\n<p>Premie seus clientes fi\u00e9is e mostre o seu reconhecimento pela prefer\u00eancia deles. Este sistema de pontua\u00e7\u00e3o interna encoraja os seus clientes a voltarem cada vez mais. Eles podem acumular pontos para compras futuras com base nos detalhes do seu programa. O Sistema de Fidelidade salva as informa\u00e7\u00f5es do cliente na nuvem ao inv\u00e9s da sua m\u00e1quina local. Assim os dados n\u00e3o ser\u00e3o perdidos e os clientes poder\u00e3o acessar as informa\u00e7\u00f5es sobre os seus pontos no app m\u00f3vel. As informa\u00e7\u00f5es de contato tamb\u00e9m podem ser utilizadas para enviar ofertas e cupons especiais.<\/p>\n<p>*Configura\u00e7\u00e3o Completa, Educa\u00e7\u00e3o <span id=\"result_box\" class=\"short_text\" lang=\"pt\"><span class=\"hps\">e<\/span> <span class=\"hps\">suporte t\u00e9cnico dispon\u00edvel<\/span><\/span><br \/>\n*<a href=\"https:\/\/sintelsoftware.com\/request-live-demo\" target=\"_blank\">Solicitar Demonstra\u00e7\u00e3o Ao Vivo<\/a><br \/>\n*I<span id=\"result_box\" class=\"short_text\" lang=\"pt\"><span class=\"hps\">diomas Dispon\u00edveis<\/span><\/span>: Arabe \u2013 Chin\u00eas\u2013 Italiano \u2013 Alem\u00e3o \u2013 Japon\u00eas &#8211; Coreano &#8211; Ingl\u00eas &#8211; Franc\u00eas &#8211; Portugu\u00eas &#8211; Russo &#8211; Espanhol<\/p>\n<\/div>\n<\/td>\n<\/tr>\n<\/tbody>\n<\/table>\n<p><\/p>","protected":false},"excerpt":{"rendered":"<p>POS Software De Escrit\u00f3rio Acesso a gest\u00e3o da opera\u00e7\u00e3o \u00e9 essencial para o seu neg\u00f3cio, mas interromper as transa\u00e7\u00f5es dos clientes para obter informa\u00e7\u00e3o necess\u00e1ria pode ser prejudicial. O Software Back Office Sintel Sistemas permite que voc\u00ea veja as planilhas dos empregados, gerencie seus invent\u00e1rios e analise relat\u00f3rios de vendas de qualquer lugar. O programa [&hellip;]<\/p>\n","protected":false},"author":1,"featured_media":0,"parent":0,"menu_order":0,"comment_status":"closed","ping_status":"open","template":"","meta":{"footnotes":""},"class_list":["post-159","page","type-page","status-publish","czr-hentry"],"_links":{"self":[{"href":"https:\/\/sintelsoftware.com\/pt\/wp-json\/wp\/v2\/pages\/159","targetHints":{"allow":["GET"]}}],"collection":[{"href":"https:\/\/sintelsoftware.com\/pt\/wp-json\/wp\/v2\/pages"}],"about":[{"href":"https:\/\/sintelsoftware.com\/pt\/wp-json\/wp\/v2\/types\/page"}],"author":[{"embeddable":true,"href":"https:\/\/sintelsoftware.com\/pt\/wp-json\/wp\/v2\/users\/1"}],"replies":[{"embeddable":true,"href":"https:\/\/sintelsoftware.com\/pt\/wp-json\/wp\/v2\/comments?post=159"}],"version-history":[{"count":35,"href":"https:\/\/sintelsoftware.com\/pt\/wp-json\/wp\/v2\/pages\/159\/revisions"}],"predecessor-version":[{"id":1179,"href":"https:\/\/sintelsoftware.com\/pt\/wp-json\/wp\/v2\/pages\/159\/revisions\/1179"}],"wp:attachment":[{"href":"https:\/\/sintelsoftware.com\/pt\/wp-json\/wp\/v2\/media?parent=159"}],"curies":[{"name":"wp","href":"https:\/\/api.w.org\/{rel}","templated":true}]}}