{"id":151,"date":"2015-05-22T00:04:46","date_gmt":"2015-05-22T00:04:46","guid":{"rendered":"http:\/\/sintelsoftware.com\/?page_id=151"},"modified":"2016-03-25T18:29:47","modified_gmt":"2016-03-26T01:29:47","slug":"salon-software-pos","status":"publish","type":"page","link":"https:\/\/sintelsoftware.com\/pt\/salon-software-pos","title":{"rendered":"POS Software De Sal\u00e3o e Spa"},"content":{"rendered":"<p><\/p>\n<table border=\"0\">\n<tbody>\n<tr>\n<td><img loading=\"lazy\" decoding=\"async\" title=\"Salon POS Software\" src=\"https:\/\/sintelsoftware.com\/wp-content\/uploads\/2015\/12\/Portugu\u00eas-Sal\u00e3o-e-Spa-PDV-Pontos-De-Venda-Sintel-Software-855-POS-SALE-www.SintelSoftware.com_.png\" alt=\"Salon POS Software\" width=\"583\" height=\"647\" \/><\/p>\n<p>\n\t\t<style type=\"text\/css\">\n\t\t\t#gallery-5 {\n\t\t\t\tmargin: auto;\n\t\t\t}\n\t\t\t#gallery-5 .gallery-item {\n\t\t\t\tfloat: left;\n\t\t\t\tmargin-top: 10px;\n\t\t\t\ttext-align: center;\n\t\t\t\twidth: 33%;\n\t\t\t}\n\t\t\t#gallery-5 img {\n\t\t\t\tborder: 2px solid #cfcfcf;\n\t\t\t}\n\t\t\t#gallery-5 .gallery-caption {\n\t\t\t\tmargin-left: 0;\n\t\t\t}\n\t\t\t\/* see gallery_shortcode() in wp-includes\/media.php *\/\n\t\t<\/style>\n\t\t<div id='gallery-5' class='gallery galleryid-151 gallery-columns-3 gallery-size-thumbnail'><dl class='gallery-item'>\n\t\t\t<dt class='gallery-icon portrait'>\n\t\t\t\t<a class=\"grouped_elements\" rel=\"tc-fancybox-group\" href=\"https:\/\/sintelsoftware.com\/wp-content\/uploads\/2015\/12\/Espanol-Salon-de-Belleza-PTV-Punto-de-Venta-Sintel-Software-855-POS-SALE-www.SintelSoftware.com_.png\" title=\"Espanol-Salon-de-Belleza-PTV-Punto-de-Venta-Sintel-Software-855-POS-SALE-www.SintelSoftware.com\"><img loading=\"lazy\" decoding=\"async\" width=\"150\" height=\"150\" src=\"https:\/\/sintelsoftware.com\/wp-content\/uploads\/2015\/12\/Espanol-Salon-de-Belleza-PTV-Punto-de-Venta-Sintel-Software-855-POS-SALE-www.SintelSoftware.com_-150x150.png\" class=\"attachment-thumbnail size-thumbnail\" alt=\"Espanol-Salon-de-Belleza-PTV-Punto-de-Venta-Sintel-Software-855-POS-SALE-www.SintelSoftware.com\" \/><\/a>\n\t\t\t<\/dt><\/dl><dl class='gallery-item'>\n\t\t\t<dt class='gallery-icon portrait'>\n\t\t\t\t<a class=\"grouped_elements\" rel=\"tc-fancybox-group\" href=\"https:\/\/sintelsoftware.com\/wp-content\/uploads\/2015\/12\/Deutsch-Salon-und-Spa-POS-Kassensysteme-Kassensoftware-Sintel-Software-855-POS-SALE-www.SintelSoftware.com_.png\" title=\"Deutsch-Salon-und-Spa-POS-Kassensysteme-Kassensoftware-Sintel-Software-855-POS-SALE-www.SintelSoftware.com\"><img loading=\"lazy\" decoding=\"async\" width=\"150\" height=\"150\" src=\"https:\/\/sintelsoftware.com\/wp-content\/uploads\/2015\/12\/Deutsch-Salon-und-Spa-POS-Kassensysteme-Kassensoftware-Sintel-Software-855-POS-SALE-www.SintelSoftware.com_-150x150.png\" class=\"attachment-thumbnail size-thumbnail\" alt=\"Deutsch-Salon-und-Spa-POS-Kassensysteme-Kassensoftware-Sintel-Software-855-POS-SALE-www.SintelSoftware.com\" \/><\/a>\n\t\t\t<\/dt><\/dl><dl class='gallery-item'>\n\t\t\t<dt class='gallery-icon portrait'>\n\t\t\t\t<a class=\"grouped_elements\" rel=\"tc-fancybox-group\" href=\"https:\/\/sintelsoftware.com\/wp-content\/uploads\/2015\/12\/Italiano-Salon-e-Spa-POS-Punto-Vendito-Sintel-Software-855-POS-SALE-www.SintelSoftware.com_.png\" title=\"Italiano-Salon-e-Spa-POS-Punto-Vendito-Sintel-Software-855-POS-SALE-www.SintelSoftware.com\"><img loading=\"lazy\" decoding=\"async\" width=\"150\" height=\"150\" src=\"https:\/\/sintelsoftware.com\/wp-content\/uploads\/2015\/12\/Italiano-Salon-e-Spa-POS-Punto-Vendito-Sintel-Software-855-POS-SALE-www.SintelSoftware.com_-150x150.png\" class=\"attachment-thumbnail size-thumbnail\" alt=\"Italiano-Salon-e-Spa-POS-Punto-Vendito-Sintel-Software-855-POS-SALE-www.SintelSoftware.com\" \/><\/a>\n\t\t\t<\/dt><\/dl><br style=\"clear: both\" \/><dl class='gallery-item'>\n\t\t\t<dt class='gallery-icon portrait'>\n\t\t\t\t<a class=\"grouped_elements\" rel=\"tc-fancybox-group\" href=\"https:\/\/sintelsoftware.com\/wp-content\/uploads\/2015\/12\/Fran\u00e7ais-Salon-et-Spa-PDV-Point-De-Vente-Logiciel-Sintel-Software-855-POS-SALE-www.SintelSoftware.com_.png\" title=\"Fran\u00e7ais-Salon-et-Spa-PDV-Point-De-Vente-Logiciel-Sintel-Software-855-POS-SALE-www.SintelSoftware.com\"><img loading=\"lazy\" decoding=\"async\" width=\"150\" height=\"150\" src=\"https:\/\/sintelsoftware.com\/wp-content\/uploads\/2015\/12\/Fran\u00e7ais-Salon-et-Spa-PDV-Point-De-Vente-Logiciel-Sintel-Software-855-POS-SALE-www.SintelSoftware.com_-150x150.png\" class=\"attachment-thumbnail size-thumbnail\" alt=\"Fran\u00e7ais-Salon-et-Spa-PDV-Point-De-Vente-Logiciel-Sintel-Software-855-POS-SALE-www.SintelSoftware.com\" \/><\/a>\n\t\t\t<\/dt><\/dl>\n\t\t\t<br style='clear: both' \/>\n\t\t<\/div>\n<\/td>\n<td>\n<h2 class=\"product-name\"><span style=\"color: #57cf93;\"><strong><span class=\"h1\">POS Software De Sal\u00e3o e Spa<\/span><\/strong><\/span><\/h2>\n<div>\n<p>Enquanto sal\u00f5es e spas continuam a atender as demandas de seus clientes, a ind\u00fastria Ponto de Venda aumenta o desenvolvimento para satisfazer as necessidades dos Sal\u00f5es. O Software Sintel Sistemas Sal\u00e3o e Spa POS traz um livro de f\u00e1cil agendamento com servi\u00e7o de conveni\u00eancia ao cliente e hist\u00f3rico de compras para que voc\u00ea e seu cliente fiquem satisfeitos. Adicionalmente, voc\u00ea pode facilmente gerenciar todo o invent\u00e1rio de seu sal\u00e3o e procurar vendas realizadas. Continuar a mimar os seus clientes sem ter que se preocupar com seu sistema POS. Deixe que a Sintel Sistemas tome conta do resto.<\/p>\n<p>Inicialmente criado para opera\u00e7\u00f5es baseadas em marca\u00e7\u00f5es, o software de pontos de venda de sal\u00f5es e spas da Sintel Systems \u00e9 ideal para o seu sal\u00e3o de cabeleireiro, sal\u00e3o de unhas ou spa. A interface simples do utilizador promove opera\u00e7\u00f5es de rece\u00e7\u00e3o, gest\u00e3o de funcion\u00e1rios e marca\u00e7\u00f5es. A gest\u00e3o dos clientes \u00e9 convenientemente executada atrav\u00e9s de funcionalidades como a visualiza\u00e7\u00e3o do perfil do cliente e o seu hist\u00f3rico de compras . A back-end do nosso software oferece uma variedade de ferramentas de gest\u00e3o desde relat\u00f3rios de vendas a controlo de invent\u00e1rio. Administrar o seu sal\u00e3o ou spa nunca foi t\u00e3o f\u00e1cil.<\/p>\n<p>Configura\u00e7\u00e3o do software, treino, apoio e manuten\u00e7\u00e3o continuados e upgrades est\u00e3o todos inclu\u00eddos no plano tecnol\u00f3gico de suporte da Sintel System.<\/p>\n<p>O software POS para sal\u00f5es e spas est\u00e1 inclu\u00eddo no pacote completo \u2018Salon and Spa POS\u2019 da Sintel Systems.<\/p>\n<p>*Configura\u00e7\u00e3o Completa, Educa\u00e7\u00e3o <span id=\"result_box\" class=\"short_text\" lang=\"pt\"><span class=\"hps\">e<\/span> <span class=\"hps\">suporte t\u00e9cnico dispon\u00edvel<\/span><\/span><br \/>\n*<a href=\"https:\/\/sintelsoftware.com\/request-live-demo\" target=\"_blank\">Solicitar Demonstra\u00e7\u00e3o Ao Vivo<\/a><br \/>\n*I<span id=\"result_box\" class=\"short_text\" lang=\"pt\"><span class=\"hps\">diomas Dispon\u00edveis<\/span><\/span>: Arabe \u2013 Chin\u00eas\u2013 Italiano \u2013 Alem\u00e3o \u2013 Japon\u00eas &#8211; Coreano &#8211; Ingl\u00eas &#8211; Franc\u00eas &#8211; Portugu\u00eas &#8211; Russo &#8211; Espanhol<\/p>\n<\/div>\n<\/td>\n<\/tr>\n<\/tbody>\n<\/table>\n<p><\/p>","protected":false},"excerpt":{"rendered":"<p>POS Software De Sal\u00e3o e Spa Enquanto sal\u00f5es e spas continuam a atender as demandas de seus clientes, a ind\u00fastria Ponto de Venda aumenta o desenvolvimento para satisfazer as necessidades dos Sal\u00f5es. O Software Sintel Sistemas Sal\u00e3o e Spa POS traz um livro de f\u00e1cil agendamento com servi\u00e7o de conveni\u00eancia ao cliente e hist\u00f3rico de [&hellip;]<\/p>\n","protected":false},"author":1,"featured_media":0,"parent":0,"menu_order":0,"comment_status":"closed","ping_status":"open","template":"","meta":{"footnotes":""},"class_list":["post-151","page","type-page","status-publish","czr-hentry"],"_links":{"self":[{"href":"https:\/\/sintelsoftware.com\/pt\/wp-json\/wp\/v2\/pages\/151","targetHints":{"allow":["GET"]}}],"collection":[{"href":"https:\/\/sintelsoftware.com\/pt\/wp-json\/wp\/v2\/pages"}],"about":[{"href":"https:\/\/sintelsoftware.com\/pt\/wp-json\/wp\/v2\/types\/page"}],"author":[{"embeddable":true,"href":"https:\/\/sintelsoftware.com\/pt\/wp-json\/wp\/v2\/users\/1"}],"replies":[{"embeddable":true,"href":"https:\/\/sintelsoftware.com\/pt\/wp-json\/wp\/v2\/comments?post=151"}],"version-history":[{"count":29,"href":"https:\/\/sintelsoftware.com\/pt\/wp-json\/wp\/v2\/pages\/151\/revisions"}],"predecessor-version":[{"id":1185,"href":"https:\/\/sintelsoftware.com\/pt\/wp-json\/wp\/v2\/pages\/151\/revisions\/1185"}],"wp:attachment":[{"href":"https:\/\/sintelsoftware.com\/pt\/wp-json\/wp\/v2\/media?parent=151"}],"curies":[{"name":"wp","href":"https:\/\/api.w.org\/{rel}","templated":true}]}}