{"id":134,"date":"2015-05-21T23:29:08","date_gmt":"2015-05-21T23:29:08","guid":{"rendered":"http:\/\/sintelsoftware.com\/?page_id=134"},"modified":"2016-03-25T16:44:10","modified_gmt":"2016-03-25T23:44:10","slug":"restaurant-software-pos","status":"publish","type":"page","link":"https:\/\/sintelsoftware.com\/pt\/restaurant-software-pos","title":{"rendered":"POS Software De Restaurante"},"content":{"rendered":"<p><\/p>\n<table border=\"0\">\n<tbody>\n<tr>\n<td><img loading=\"lazy\" decoding=\"async\" title=\"Restaurant POS Software\" src=\"https:\/\/sintelsoftware.com\/wp-content\/uploads\/2015\/08\/Portuguese.png\" alt=\"Retail POS Software\" width=\"583\" height=\"647\" \/><\/p>\n\n\t\t<style type=\"text\/css\">\n\t\t\t#gallery-5 {\n\t\t\t\tmargin: auto;\n\t\t\t}\n\t\t\t#gallery-5 .gallery-item {\n\t\t\t\tfloat: left;\n\t\t\t\tmargin-top: 10px;\n\t\t\t\ttext-align: center;\n\t\t\t\twidth: 33%;\n\t\t\t}\n\t\t\t#gallery-5 img {\n\t\t\t\tborder: 2px solid #cfcfcf;\n\t\t\t}\n\t\t\t#gallery-5 .gallery-caption {\n\t\t\t\tmargin-left: 0;\n\t\t\t}\n\t\t\t\/* see gallery_shortcode() in wp-includes\/media.php *\/\n\t\t<\/style>\n\t\t<div id='gallery-5' class='gallery galleryid-134 gallery-columns-3 gallery-size-thumbnail'><dl class='gallery-item'>\n\t\t\t<dt class='gallery-icon portrait'>\n\t\t\t\t<a class=\"grouped_elements\" rel=\"tc-fancybox-group\" href=\"https:\/\/sintelsoftware.com\/wp-content\/uploads\/2015\/12\/Espanol-Restaurante-PTV-Punto-de-Venta-Sintel-Software-855-POS-SALE-www.SintelSoftware.com_.png\" title=\"Espanol-Restaurante-PTV-Punto-de-Venta-Sintel-Software-855-POS-SALE-www.SintelSoftware.com\"><img loading=\"lazy\" decoding=\"async\" width=\"150\" height=\"150\" src=\"https:\/\/sintelsoftware.com\/wp-content\/uploads\/2015\/12\/Espanol-Restaurante-PTV-Punto-de-Venta-Sintel-Software-855-POS-SALE-www.SintelSoftware.com_-150x150.png\" class=\"attachment-thumbnail size-thumbnail\" alt=\"Espanol-Restaurante-PTV-Punto-de-Venta-Sintel-Software-855-POS-SALE-www.SintelSoftware.com\" \/><\/a>\n\t\t\t<\/dt><\/dl><dl class='gallery-item'>\n\t\t\t<dt class='gallery-icon portrait'>\n\t\t\t\t<a class=\"grouped_elements\" rel=\"tc-fancybox-group\" href=\"https:\/\/sintelsoftware.com\/wp-content\/uploads\/2015\/12\/Portugu\u00eas-Restaurante-PDV-pontos-de-venda-Sintel-Software-855-POS-SALE-www.SintelSoftware.com_.png\" title=\"Portugu\u00eas-Restaurante-PDV-pontos-de-venda-Sintel-Software-855-POS-SALE-www.SintelSoftware.com\"><img loading=\"lazy\" decoding=\"async\" width=\"150\" height=\"150\" src=\"https:\/\/sintelsoftware.com\/wp-content\/uploads\/2015\/12\/Portugu\u00eas-Restaurante-PDV-pontos-de-venda-Sintel-Software-855-POS-SALE-www.SintelSoftware.com_-150x150.png\" class=\"attachment-thumbnail size-thumbnail\" alt=\"Portugu\u00eas-Restaurante-PDV-pontos-de-venda-Sintel-Software-855-POS-SALE-www.SintelSoftware.com\" \/><\/a>\n\t\t\t<\/dt><\/dl><dl class='gallery-item'>\n\t\t\t<dt class='gallery-icon portrait'>\n\t\t\t\t<a class=\"grouped_elements\" rel=\"tc-fancybox-group\" href=\"https:\/\/sintelsoftware.com\/wp-content\/uploads\/2015\/12\/Italiano-Ristoranti-POS-Punto-Vendito-Sintel-Software-855-POS-SALE-www.SintelSoftware.com_.png\" title=\"Italiano-Ristoranti-POS-Punto-Vendito-Sintel-Software-855-POS-SALE-www.SintelSoftware.com\"><img loading=\"lazy\" decoding=\"async\" width=\"150\" height=\"150\" src=\"https:\/\/sintelsoftware.com\/wp-content\/uploads\/2015\/12\/Italiano-Ristoranti-POS-Punto-Vendito-Sintel-Software-855-POS-SALE-www.SintelSoftware.com_-150x150.png\" class=\"attachment-thumbnail size-thumbnail\" alt=\"Italiano-Ristoranti-POS-Punto-Vendito-Sintel-Software-855-POS-SALE-www.SintelSoftware.com\" \/><\/a>\n\t\t\t<\/dt><\/dl><br style=\"clear: both\" \/><dl class='gallery-item'>\n\t\t\t<dt class='gallery-icon portrait'>\n\t\t\t\t<a class=\"grouped_elements\" rel=\"tc-fancybox-group\" href=\"https:\/\/sintelsoftware.com\/wp-content\/uploads\/2015\/12\/Fran\u00e7ais-Restaurant-PDV-Point-De-Vente-Logiciel-Sintel-Software-855-POS-SALE-www.SintelSoftware.com_.png\" title=\"Fran\u00e7ais-Restaurant-PDV-Point-De-Vente-Logiciel-Sintel-Software-855-POS-SALE-www.SintelSoftware.com\"><img loading=\"lazy\" decoding=\"async\" width=\"150\" height=\"150\" src=\"https:\/\/sintelsoftware.com\/wp-content\/uploads\/2015\/12\/Fran\u00e7ais-Restaurant-PDV-Point-De-Vente-Logiciel-Sintel-Software-855-POS-SALE-www.SintelSoftware.com_-150x150.png\" class=\"attachment-thumbnail size-thumbnail\" alt=\"Fran\u00e7ais-Restaurant-PDV-Point-De-Vente-Logiciel-Sintel-Software-855-POS-SALE-www.SintelSoftware.com\" \/><\/a>\n\t\t\t<\/dt><\/dl>\n\t\t\t<br style='clear: both' \/>\n\t\t<\/div>\n\n<p>&nbsp;<\/td>\n<td>\n<h2 class=\"product-name\"><span style=\"color: #57cf93;\"><strong><span class=\"h1\">POS Software De Restaurante<\/span><\/strong><\/span><\/h2>\n<div>\n<p>Manter um restaurante movimentado e atender as demandas dos clientes \u00e9 essencial para o sucesso. Com nosso Software Sintel Sistemas Restaurante, transa\u00e7\u00f5es s\u00e3o processadas rapidamente e precisamente. Nosso menu de op\u00e7\u00f5es \u00e9 completamente customiz\u00e1vel e categoriz\u00e1vel faz com que o programa seja adapt\u00e1vel e eficiente. Adicione op\u00e7\u00f5es do dia, itens extras e especiais de almo\u00e7o\/janta sem problemas. Usando o Sintel Sistemas Restaurante, voc\u00ea melhorar\u00e1 o servi\u00e7o ao consumidor e ajudar\u00e1 no gerenciamento cada vez mais f\u00e1cil do seu restaurante.<\/p>\n<p>O software \u201cSintel Systems\u201d, relativo aos pontos de venda de restaurantes, adequa-se a todo o tipos de restaurantes desde o setor de restaura\u00e7\u00e3o r\u00e1pida at\u00e9 restaurantes de servi\u00e7o completo e opera\u00e7\u00f5es de catering. O nosso software profissional \u2018POS\u2019 \u00e9 concebido para o ajudar a gerir a sua loja de maneira eficiente e, ao mesmo tempo, oferecer um servi\u00e7o de qualidade ao cliente. Ao estar equipado com uma interface adapt\u00e1vel e com a capacidade de implementar facilmente o seu menu, calcular o custo dos pedidos dos clientes nunca foi t\u00e3o r\u00e1pido ou f\u00e1cil. A front-end, acess\u00edvel ao utilizador, permite uma forma\u00e7\u00e3o r\u00e1pida para os empregados enquanto que a back-end oferece um menu de ferramentas de gest\u00e3o incluindo relat\u00f3rios de vendas, gest\u00e3o do hor\u00e1rio dos empregados, processamento de transa\u00e7\u00f5es e a possibilidade de fazer invent\u00e1rios. Com menos tempo dedicado a tarefas de gest\u00e3o, ir\u00e1 ter tempo para providenciar aos seus clientes um ambiente para o qual eles queiram voltar. Num mercado t\u00e3o altamente competitivo, \u00e9 crucial manter a qualidade de servi\u00e7o para o cliente. Gerir o seu neg\u00f3cio nunca envolveu t\u00e3o pouco esfor\u00e7o como com o software profissional para restaurantes \u2018POS\u2019, da Sintel Systems.<\/p>\n<p>Configura\u00e7\u00e3o do software, treino, apoio e manuten\u00e7\u00e3o continuados assim como upgrades est\u00e3o todos inclu\u00eddos no plano tecnol\u00f3gico de suporte da Sintel System.<\/p>\n<p>O software POS para restaurantes est\u00e1 inclu\u00eddo no pacote completo \u2018Restaurant POS\u2019 da Sintel Systems.<\/p>\n<p>A Sintel Systems \u00e9 o \u00fanico servi\u00e7o completo direto ao usu\u00e1rio que garante sistemas de pontos de venda adaptados a restaurantes com localiza\u00e7\u00e3o \u00fanica ou franchisados globalmente, incluindo pizzarias e restaurants de sushi.<\/p>\n<p>*Configura\u00e7\u00e3o Completa, Educa\u00e7\u00e3o <span id=\"result_box\" class=\"short_text\" lang=\"pt\"><span class=\"hps\">e<\/span> <span class=\"hps\">suporte t\u00e9cnico dispon\u00edvel<\/span><\/span><br \/>\n*<a href=\"https:\/\/sintelsoftware.com\/request-live-demo\" target=\"_blank\">Solicitar Demonstra\u00e7\u00e3o Ao Vivo<\/a><br \/>\n*I<span id=\"result_box\" class=\"short_text\" lang=\"pt\"><span class=\"hps\">diomas Dispon\u00edveis<\/span><\/span>: Arabe \u2013 Chin\u00eas\u2013 Italiano \u2013 Alem\u00e3o \u2013 Japon\u00eas &#8211; Coreano &#8211; Ingl\u00eas &#8211; Franc\u00eas &#8211; Portugu\u00eas &#8211; Russo &#8211; Espanhol<\/p>\n<\/div>\n<\/td>\n<\/tr>\n<\/tbody>\n<\/table>\n<p><\/p>","protected":false},"excerpt":{"rendered":"<p>&nbsp; POS Software De Restaurante Manter um restaurante movimentado e atender as demandas dos clientes \u00e9 essencial para o sucesso. Com nosso Software Sintel Sistemas Restaurante, transa\u00e7\u00f5es s\u00e3o processadas rapidamente e precisamente. Nosso menu de op\u00e7\u00f5es \u00e9 completamente customiz\u00e1vel e categoriz\u00e1vel faz com que o programa seja adapt\u00e1vel e eficiente. Adicione op\u00e7\u00f5es do dia, itens [&hellip;]<\/p>\n","protected":false},"author":1,"featured_media":0,"parent":0,"menu_order":0,"comment_status":"closed","ping_status":"open","template":"","meta":{"footnotes":""},"class_list":["post-134","page","type-page","status-publish","czr-hentry"],"_links":{"self":[{"href":"https:\/\/sintelsoftware.com\/pt\/wp-json\/wp\/v2\/pages\/134","targetHints":{"allow":["GET"]}}],"collection":[{"href":"https:\/\/sintelsoftware.com\/pt\/wp-json\/wp\/v2\/pages"}],"about":[{"href":"https:\/\/sintelsoftware.com\/pt\/wp-json\/wp\/v2\/types\/page"}],"author":[{"embeddable":true,"href":"https:\/\/sintelsoftware.com\/pt\/wp-json\/wp\/v2\/users\/1"}],"replies":[{"embeddable":true,"href":"https:\/\/sintelsoftware.com\/pt\/wp-json\/wp\/v2\/comments?post=134"}],"version-history":[{"count":57,"href":"https:\/\/sintelsoftware.com\/pt\/wp-json\/wp\/v2\/pages\/134\/revisions"}],"predecessor-version":[{"id":1183,"href":"https:\/\/sintelsoftware.com\/pt\/wp-json\/wp\/v2\/pages\/134\/revisions\/1183"}],"wp:attachment":[{"href":"https:\/\/sintelsoftware.com\/pt\/wp-json\/wp\/v2\/media?parent=134"}],"curies":[{"name":"wp","href":"https:\/\/api.w.org\/{rel}","templated":true}]}}