{"id":134,"date":"2015-05-21T23:29:08","date_gmt":"2015-05-21T23:29:08","guid":{"rendered":"http:\/\/sintelsoftware.com\/?page_id=134"},"modified":"2016-03-25T16:44:10","modified_gmt":"2016-03-25T23:44:10","slug":"restaurant-software-pos","status":"publish","type":"page","link":"https:\/\/sintelsoftware.com\/kr\/restaurant-software-pos","title":{"rendered":"Restaurante Software TPV"},"content":{"rendered":"<p><\/p>\n<table border=\"0\">\n<tbody>\n<tr>\n<td><img loading=\"lazy\" decoding=\"async\" title=\"Restaurante TPV Punto de Venta\" src=\"https:\/\/sintelsoftware.com\/wp-content\/uploads\/2015\/12\/Espanol-Restaurante-PTV-Punto-de-Venta-Sintel-Software-855-POS-SALE-www.SintelSoftware.com_.png\" alt=\"Retail POS Software\" width=\"583\" height=\"647\" \/><\/p>\n<p>&nbsp;<\/p>\n<p>\n\t\t<style type=\"text\/css\">\n\t\t\t#gallery-10 {\n\t\t\t\tmargin: auto;\n\t\t\t}\n\t\t\t#gallery-10 .gallery-item {\n\t\t\t\tfloat: left;\n\t\t\t\tmargin-top: 10px;\n\t\t\t\ttext-align: center;\n\t\t\t\twidth: 33%;\n\t\t\t}\n\t\t\t#gallery-10 img {\n\t\t\t\tborder: 2px solid #cfcfcf;\n\t\t\t}\n\t\t\t#gallery-10 .gallery-caption {\n\t\t\t\tmargin-left: 0;\n\t\t\t}\n\t\t\t\/* see gallery_shortcode() in wp-includes\/media.php *\/\n\t\t<\/style>\n\t\t<div id='gallery-10' class='gallery galleryid-134 gallery-columns-3 gallery-size-thumbnail'><dl class='gallery-item'>\n\t\t\t<dt class='gallery-icon portrait'>\n\t\t\t\t<a class=\"grouped_elements\" rel=\"tc-fancybox-group\" href=\"https:\/\/sintelsoftware.com\/wp-content\/uploads\/2015\/12\/Espanol-Restaurante-PTV-Punto-de-Venta-Sintel-Software-855-POS-SALE-www.SintelSoftware.com_.png\" title=\"Espanol-Restaurante-PTV-Punto-de-Venta-Sintel-Software-855-POS-SALE-www.SintelSoftware.com\"><img loading=\"lazy\" decoding=\"async\" width=\"150\" height=\"150\" src=\"https:\/\/sintelsoftware.com\/wp-content\/uploads\/2015\/12\/Espanol-Restaurante-PTV-Punto-de-Venta-Sintel-Software-855-POS-SALE-www.SintelSoftware.com_-150x150.png\" class=\"attachment-thumbnail size-thumbnail\" alt=\"Espanol-Restaurante-PTV-Punto-de-Venta-Sintel-Software-855-POS-SALE-www.SintelSoftware.com\" \/><\/a>\n\t\t\t<\/dt><\/dl><dl class='gallery-item'>\n\t\t\t<dt class='gallery-icon portrait'>\n\t\t\t\t<a class=\"grouped_elements\" rel=\"tc-fancybox-group\" href=\"https:\/\/sintelsoftware.com\/wp-content\/uploads\/2015\/12\/Deutsch-Restaurant-POS-Kassensysteme-Kassensoftware-Sintel-Software-855-POS-SALE-www.SintelSoftware.com_.png\" title=\"Deutsch-Restaurant-POS-Kassensysteme-Kassensoftware-Sintel-Software-855-POS-SALE-www.SintelSoftware.com\"><img loading=\"lazy\" decoding=\"async\" width=\"150\" height=\"150\" src=\"https:\/\/sintelsoftware.com\/wp-content\/uploads\/2015\/12\/Deutsch-Restaurant-POS-Kassensysteme-Kassensoftware-Sintel-Software-855-POS-SALE-www.SintelSoftware.com_-150x150.png\" class=\"attachment-thumbnail size-thumbnail\" alt=\"Deutsch-Restaurant-POS-Kassensysteme-Kassensoftware-Sintel-Software-855-POS-SALE-www.SintelSoftware.com\" \/><\/a>\n\t\t\t<\/dt><\/dl><dl class='gallery-item'>\n\t\t\t<dt class='gallery-icon portrait'>\n\t\t\t\t<a class=\"grouped_elements\" rel=\"tc-fancybox-group\" href=\"https:\/\/sintelsoftware.com\/wp-content\/uploads\/2015\/12\/Portugu\u00eas-Restaurante-PDV-pontos-de-venda-Sintel-Software-855-POS-SALE-www.SintelSoftware.com_.png\" title=\"Portugu\u00eas-Restaurante-PDV-pontos-de-venda-Sintel-Software-855-POS-SALE-www.SintelSoftware.com\"><img loading=\"lazy\" decoding=\"async\" width=\"150\" height=\"150\" src=\"https:\/\/sintelsoftware.com\/wp-content\/uploads\/2015\/12\/Portugu\u00eas-Restaurante-PDV-pontos-de-venda-Sintel-Software-855-POS-SALE-www.SintelSoftware.com_-150x150.png\" class=\"attachment-thumbnail size-thumbnail\" alt=\"Portugu\u00eas-Restaurante-PDV-pontos-de-venda-Sintel-Software-855-POS-SALE-www.SintelSoftware.com\" \/><\/a>\n\t\t\t<\/dt><\/dl><br style=\"clear: both\" \/><dl class='gallery-item'>\n\t\t\t<dt class='gallery-icon portrait'>\n\t\t\t\t<a class=\"grouped_elements\" rel=\"tc-fancybox-group\" href=\"https:\/\/sintelsoftware.com\/wp-content\/uploads\/2015\/12\/Italiano-Ristoranti-POS-Punto-Vendito-Sintel-Software-855-POS-SALE-www.SintelSoftware.com_.png\" title=\"Italiano-Ristoranti-POS-Punto-Vendito-Sintel-Software-855-POS-SALE-www.SintelSoftware.com\"><img loading=\"lazy\" decoding=\"async\" width=\"150\" height=\"150\" src=\"https:\/\/sintelsoftware.com\/wp-content\/uploads\/2015\/12\/Italiano-Ristoranti-POS-Punto-Vendito-Sintel-Software-855-POS-SALE-www.SintelSoftware.com_-150x150.png\" class=\"attachment-thumbnail size-thumbnail\" alt=\"Italiano-Ristoranti-POS-Punto-Vendito-Sintel-Software-855-POS-SALE-www.SintelSoftware.com\" \/><\/a>\n\t\t\t<\/dt><\/dl><dl class='gallery-item'>\n\t\t\t<dt class='gallery-icon portrait'>\n\t\t\t\t<a class=\"grouped_elements\" rel=\"tc-fancybox-group\" href=\"https:\/\/sintelsoftware.com\/wp-content\/uploads\/2015\/12\/Fran\u00e7ais-Restaurant-PDV-Point-De-Vente-Logiciel-Sintel-Software-855-POS-SALE-www.SintelSoftware.com_.png\" title=\"Fran\u00e7ais-Restaurant-PDV-Point-De-Vente-Logiciel-Sintel-Software-855-POS-SALE-www.SintelSoftware.com\"><img loading=\"lazy\" decoding=\"async\" width=\"150\" height=\"150\" src=\"https:\/\/sintelsoftware.com\/wp-content\/uploads\/2015\/12\/Fran\u00e7ais-Restaurant-PDV-Point-De-Vente-Logiciel-Sintel-Software-855-POS-SALE-www.SintelSoftware.com_-150x150.png\" class=\"attachment-thumbnail size-thumbnail\" alt=\"Fran\u00e7ais-Restaurant-PDV-Point-De-Vente-Logiciel-Sintel-Software-855-POS-SALE-www.SintelSoftware.com\" \/><\/a>\n\t\t\t<\/dt><\/dl><dl class='gallery-item'>\n\t\t\t<dt class='gallery-icon landscape'>\n\t\t\t\t<a class=\"grouped_elements\" rel=\"tc-fancybox-group\" href=\"https:\/\/sintelsoftware.com\/wp-content\/uploads\/2015\/12\/Korean-Restaurant-Point-of-Sale-Sintel-Systems-855-POS-SALE.png\" title=\"Korean-Restaurant-Point-of-Sale-Sintel-Systems-855-POS-SALE\"><img loading=\"lazy\" decoding=\"async\" width=\"150\" height=\"150\" src=\"https:\/\/sintelsoftware.com\/wp-content\/uploads\/2015\/12\/Korean-Restaurant-Point-of-Sale-Sintel-Systems-855-POS-SALE-150x150.png\" class=\"attachment-thumbnail size-thumbnail\" alt=\"Korean-Restaurant-Point-of-Sale-Sintel-Systems-855-POS-SALE\" \/><\/a>\n\t\t\t<\/dt><\/dl><br style=\"clear: both\" \/>\n\t\t<\/div>\n<\/td>\n<td>\n<h2 class=\"product-name\"><span style=\"color: #57cf93;\"><strong><span class=\"h1\">Restaurante Software TPV<\/span><\/strong><\/span><\/h2>\n<div>\n<div class=\"std\">\n<div class=\"std\">\n<div class=\"std\">\n<p>Mantener el ritmo en un restaurante muy concurrido y satisfacer las demandas de los clientes es esencial para tener \u00e9xito. Con el software para restaurantes de Sintel Systems, las transacciones se procesan de manera r\u00e1pida y precisa. Nuestras opciones de men\u00fa categorizadas y totalmente personalizables hacen que el software sea adaptable y eficiente. A\u00f1ada elementos modificadores, caracter\u00edsticas diarias y almuerzos\/cenas especiales sin ning\u00fan problema. Usando el software para restaurantes de Sintel Systems mejorar\u00e1 el servicio de atenci\u00f3n al cliente y ayudar\u00e1 a hacer que la gesti\u00f3n de su restaurante sea m\u00e1s f\u00e1cil que nunca.<\/p>\n<p>El software TPV para restaurantes de Sintel Systems se adapta a las necesidades de todo tipo de restaurantes, desde restaurantes de servicio r\u00e1pido hasta restaurantes de servicio completo y operaciones de catering. Nuestro profesional software TPV para restaurantes est\u00e1 dise\u00f1ado para ayudarle a dirigir eficazmente su negocio y a proporcionar un gran servicio de atenci\u00f3n al cliente al mismo tiempo. Equipado con la capacidad de implementar f\u00e1cilmente su men\u00fa y con una interfaz adaptable, registrar los pedidos de los clientes nunca ha sido tan r\u00e1pido y f\u00e1cil. La parte del software para los empleados es muy f\u00e1cil de usar y permite formarlos r\u00e1pidamente, mientras que la parte del software para el administrador ofrece un extenso men\u00fa de herramientas de gesti\u00f3n incluyendo informes de venta, gesti\u00f3n de los horarios de los empleados, procesamiento de transacciones e inventario de art\u00edculos. Al dedicar menos tiempo a trabajar en las funciones administrativas, tendr\u00e1 m\u00e1s tiempo para ofrecerle a sus clientes un ambiente al que querr\u00e1n volver. En un mercado tan competitivo como el actual, es crucial mantener un servicio de atenci\u00f3n al cliente de calidad. Dirigir su negocio nunca ha sido m\u00e1s f\u00e1cil con el software TPV para restaurantes de Sintel Systems.<\/p>\n<p>La configuraci\u00f3n del software, la formaci\u00f3n, el soporte continuo, el mantenimiento, las actualizaciones\/mejoras est\u00e1n todos ellos incluidos en el <a href=\"https:\/\/www.sintelsystems.com\/support\">Plan de soporte t\u00e9cnico<\/a> de Sintel Systems.<\/p>\n<p>El software TPV para restaurantes est\u00e1 incluido en el completo <a href=\"https:\/\/www.sintelsystems.com\/point-of-sale\/food-service\">Paquete TPV para restaurantes<\/a> de Sintel Systems.<\/p>\n<p>Sintel Systems\u00a0es el \u00fanico proveedor de servicios completos para el usuario final de sistemas TPV adaptados a ubicaciones \u00fanicas y a restaurantes de franquicia a nivel global, incluyendo <a href=\"http:\/\/www.sintelsystems.com\/point-of-sale\/food-service\/pizza\">pizzer\u00edas<\/a>\u00a0y\u00a0<a href=\"http:\/\/www.sintelsystems.com\/point-of-sale\/food-service\/sushi\">restaurantes de sushi<\/a>.<\/p>\n<\/div>\n<\/div>\n<\/div>\n<p>*Configuracion Completa, Capacitacion y Soporte Tecnico Disponible<br \/>\n*<a title=\"Request Live Demo\" href=\"https:\/\/sintelsoftware.com\/request-live-demo\" target=\"_blank\">Solicitar Demostracion En Vivo<\/a><br \/>\n*Idiomas Disponibles: Arabe\u2013 Frances\u2013 Italiano \u2013 Portugues \u2013 Espa\u00f1ol &#8211; Aleman &#8211; Japones &#8211; Ruso &#8211; Chino Mandarin &#8211; Koreano &#8211; Ingles<\/p>\n<p><a title=\"Software Demo\" href=\"https:\/\/www.sintelsystems.com\/general-software-demo\">Demostracion De Software Basico<\/a><\/p>\n<\/div>\n<\/td>\n<\/tr>\n<\/tbody>\n<\/table>\n<p><\/p>","protected":false},"excerpt":{"rendered":"<p>&nbsp; Restaurante Software TPV Mantener el ritmo en un restaurante muy concurrido y satisfacer las demandas de los clientes es esencial para tener \u00e9xito. Con el software para restaurantes de Sintel Systems, las transacciones se procesan de manera r\u00e1pida y precisa. Nuestras opciones de men\u00fa categorizadas y totalmente personalizables hacen que el software sea adaptable [&hellip;]<\/p>\n","protected":false},"author":1,"featured_media":0,"parent":0,"menu_order":0,"comment_status":"closed","ping_status":"open","template":"","meta":{"footnotes":""},"class_list":["post-134","page","type-page","status-publish","czr-hentry"],"_links":{"self":[{"href":"https:\/\/sintelsoftware.com\/kr\/wp-json\/wp\/v2\/pages\/134","targetHints":{"allow":["GET"]}}],"collection":[{"href":"https:\/\/sintelsoftware.com\/kr\/wp-json\/wp\/v2\/pages"}],"about":[{"href":"https:\/\/sintelsoftware.com\/kr\/wp-json\/wp\/v2\/types\/page"}],"author":[{"embeddable":true,"href":"https:\/\/sintelsoftware.com\/kr\/wp-json\/wp\/v2\/users\/1"}],"replies":[{"embeddable":true,"href":"https:\/\/sintelsoftware.com\/kr\/wp-json\/wp\/v2\/comments?post=134"}],"version-history":[{"count":57,"href":"https:\/\/sintelsoftware.com\/kr\/wp-json\/wp\/v2\/pages\/134\/revisions"}],"predecessor-version":[{"id":1183,"href":"https:\/\/sintelsoftware.com\/kr\/wp-json\/wp\/v2\/pages\/134\/revisions\/1183"}],"wp:attachment":[{"href":"https:\/\/sintelsoftware.com\/kr\/wp-json\/wp\/v2\/media?parent=134"}],"curies":[{"name":"wp","href":"https:\/\/api.w.org\/{rel}","templated":true}]}}