{"id":8,"date":"2015-05-14T20:50:14","date_gmt":"2015-05-14T20:50:14","guid":{"rendered":"http:\/\/sintelsoftware.com\/?page_id=8"},"modified":"2015-08-10T10:30:19","modified_gmt":"2015-08-10T17:30:19","slug":"solutions","status":"publish","type":"page","link":"https:\/\/sintelsoftware.com\/it\/solutions","title":{"rendered":"Prodotti"},"content":{"rendered":"<p><\/p>\n<table border=\"1\">\n<tbody>\n<tr>\n<td>\n<div class=\"product-shop\">\n<div class=\"f-fix\">\n<div class=\"product-primary\">\n<h2 class=\"product-name\" style=\"text-align: center;\"><a href=\"https:\/\/sintelsoftware.com\/retail-software-pos\"><img loading=\"lazy\" decoding=\"async\" class=\" alignright\" src=\"https:\/\/www.sintelsystems.com\/media\/catalog\/product\/cache\/1\/small_image\/300x\/17f82f742ffe127f42dca9de82fb58b1\/r\/e\/retail.png\" alt=\"\" width=\"300\" height=\"333\" \/><\/a><a title=\"Retail Software POS\" href=\"https:\/\/sintelsoftware.com\/retail-software-pos\">POS Software Commercio al Dettaglio<\/a><\/h2>\n<div class=\"product-shop\" style=\"text-align: center;\">\n<div class=\"desc std\">\n<p style=\"text-align: center;\">Sintel Systems Retail fornisce un software professionale e potente per la tua azienda. Tra le varie funzionalit\u00e0, il software offre una funzione di Alta Qualit\u00e0, gestione del cliente in tempo reale e controllo semplificato dell\u2019inventario e gestire la tua attivit\u00e0 diventer\u00e0 un gioco da ragazzi. Non solo il software \u00e8 completamente personalizzabile ma \u00e8 anche facile da usare. Sia che tu abbia un negozio di vendita al dettaglio od una grande catena, il nostro Retail Software \u00e8 ideato per portare la tua azienda al livello successivo.<\/p>\n<\/div>\n<\/div>\n<\/div>\n<\/div>\n<\/div>\n<\/td>\n<td><a href=\"https:\/\/sintelsoftware.com\/restaurant-software-pos\"><img loading=\"lazy\" decoding=\"async\" class=\"alignright\" src=\"https:\/\/www.sintelsystems.com\/media\/catalog\/product\/cache\/1\/small_image\/300x\/17f82f742ffe127f42dca9de82fb58b1\/r\/e\/restaurant_box.jpg\" alt=\"\" width=\"300\" height=\"333\" \/><\/a><\/p>\n<div class=\"product-shop\">\n<div class=\"f-fix\">\n<div class=\"product-primary\">\n<h2 class=\"product-name\" style=\"text-align: center;\"><a title=\"Restaurant Software POS\" href=\"https:\/\/sintelsoftware.com\/restaurant-software-pos\">POS Software Ristorante<\/a><\/h2>\n<\/div>\n<p style=\"text-align: center;\">Stare dietro ad un ristorante frenetico e affrontare le richieste del cliente \u00e8 essenziale per il successo. Con Sintel Systems Restaurant Software, le transazioni sono elaborate velocemente e con precisione. Il nostro menu delle opzioni completamente personalizzabile e diviso in categorie rende il software adattabile ed efficiente. Si \u00e8 in grado di aggiungere elementi, caratteristiche giornaliere, e i piatti speciali a pranzo e a cena senza problema. L\u2019uso di Sintel Restaurant Software migliorer\u00e0 il servizio al cliente e ti aiuter\u00e0 a gestire il tuo ristorante nel modo pi\u00f9 facile di sempre.<\/p>\n<\/div>\n<\/div>\n<\/td>\n<\/tr>\n<tr>\n<td><a title=\"Chinese Food Software POS\" href=\"https:\/\/sintelsoftware.com\/chinese-food-software-pos\"><img loading=\"lazy\" decoding=\"async\" class=\" alignright\" src=\"https:\/\/www.sintelsystems.com\/media\/catalog\/product\/cache\/1\/small_image\/300x\/17f82f742ffe127f42dca9de82fb58b1\/c\/h\/chinese_food.png\" alt=\"\" width=\"300\" height=\"333\" \/><\/a><\/p>\n<div class=\"product-shop\">\n<div class=\"f-fix\">\n<div class=\"product-primary\">\n<h2 class=\"product-name\" style=\"text-align: center;\"><a title=\"Chinese Food Software POS\" href=\"https:\/\/sintelsoftware.com\/chinese-food-software-pos\">POS Software Cucina Cinese e Asiatica<\/a><\/h2>\n<\/div>\n<div class=\"product-secondary\" style=\"text-align: center;\">\n<div class=\"product-secondary\" style=\"text-align: center;\"><span id=\"product-price-1017\" class=\"regular-price\"> <\/span>POS Systems per Cucina Cinese e Asiatica gestiscono tutto il tuo inventario, compresi tutti i piatti piccoli, antipasti e piccoli extra o modifiche per ogni ordine. Sia che si aggiunga del pollo, bistecca, o tofu, o il livello di piccantezza, si vuole essere in grado di gestire facilmente ogni ordine per far si che i tuoi clienti siano soddisfatti. Soprattutto, non sarebbe grandioso se fossimo in grado di mandare le ordinazioni allo Chef anche in Cinese? Con un Punto di Vendita di Sintel System, ti garantiamo che tutte queste necessit\u00e0 e molte altre saranno soddisfatte.<\/div>\n<\/div>\n<\/div>\n<\/div>\n<\/td>\n<td><a href=\"https:\/\/sintelsoftware.com\/pizza-software-pos\"><img loading=\"lazy\" decoding=\"async\" class=\" alignright\" src=\"https:\/\/www.sintelsystems.com\/media\/catalog\/product\/cache\/1\/small_image\/300x\/17f82f742ffe127f42dca9de82fb58b1\/p\/i\/pizza.jpg\" alt=\"\" width=\"300\" height=\"333\" \/><\/a><\/p>\n<div class=\"product-shop\">\n<div class=\"desc std\">\n<div class=\"product-primary\">\n<h2 class=\"product-name\" style=\"text-align: center;\"><a title=\"Pizza Software POS\" href=\"https:\/\/sintelsoftware.com\/pizza-software-pos\">POS Software Pizza<\/a><\/h2>\n<\/div>\n<p style=\"text-align: center;\">Sia che tu venda pizza al taglio, a domicilio o abbia una pizzeria, il pizza POS systems di Sintel Systems provveder\u00e0 a dare alla tua attivit\u00e0 tutto ci\u00f2 di cui essa a bisogno. Il software include una gestione semplificata del menu, opzioni personalizzate per la consegna a domicilio e integrazione del numero di telefono del chiamante. Il cliente sceglie la crosta, la salsa, il formaggio e ovviamente anche tutti i condimenti. Il pizza POS System nel tuo ristorante deve essere installato per garantire l\u2019inserimento di tutte queste informazioni nel modo pi\u00f9 veloce ed efficiente che rispetti il <em>modus operandi <\/em>della tua azienda commerciale. Con Sintel System, il nostro software include tutti i dettagli di cui si ha bisogno e, allo stesso tempo, \u00e8 facile da utilizzare.<\/p>\n<\/div>\n<\/div>\n<\/td>\n<\/tr>\n<tr>\n<td><a href=\"https:\/\/sintelsoftware.com\/frozen-yogurt-software-pos\"><img loading=\"lazy\" decoding=\"async\" class=\" alignright\" src=\"https:\/\/www.sintelsystems.com\/media\/catalog\/product\/cache\/1\/small_image\/300x\/17f82f742ffe127f42dca9de82fb58b1\/f\/r\/frozen_yogurt.png\" alt=\"\" width=\"300\" height=\"333\" \/><\/a><\/p>\n<div class=\"product-primary\">\n<h2 class=\"product-name\" style=\"text-align: center;\"><a title=\"Frozen Yogurt Software POS\" href=\"https:\/\/sintelsoftware.com\/frozen-yogurt-software-pos\">POS Software Yogurt Gelato<\/a><\/h2>\n<\/div>\n<div class=\"desc std\">\n<div class=\"short-description\" style=\"text-align: center;\">\n<div class=\"std\">\n<p>Come proprietario di un negozio di frozen yogurt, \u00e8 importante stare al passo non solo con la variet\u00e0 ma anche con la domanda costante e competizione. Il Sintel Systems Frozen Yogurt POS fornisce un programma aperto all\u2019utente e facile da utilizzare il quale possiede una potente capacit\u00e0 di gestione della tua attivit\u00e0 con la sua bilancia integrata, la funzione tara e con un sistema incorporato per le carte Fedelt\u00e0. Il nostro software permetter\u00e0 ai tuoi impiegati di elaborare degli ordini in pochi secondi grazie alla funzione di trattamento delle carte di credito e sospensione temporanea degli ordini.<\/p>\n<\/div>\n<\/div>\n<\/div>\n<\/td>\n<td><a href=\"https:\/\/sintelsoftware.com\/bakery-software-pos\"><img loading=\"lazy\" decoding=\"async\" class=\" alignright\" src=\"https:\/\/www.sintelsystems.com\/media\/catalog\/product\/cache\/1\/small_image\/300x\/17f82f742ffe127f42dca9de82fb58b1\/b\/a\/bakery.jpg\" alt=\"\" width=\"300\" height=\"333\" \/><\/a><\/p>\n<div class=\"product-shop\">\n<div class=\"desc std\">\n<div class=\"product-primary\">\n<h2 class=\"product-name\" style=\"text-align: center;\"><a title=\"Bakery Software POS\" href=\"https:\/\/sintelsoftware.com\/bakery-software-pos\">POS Software Panificio<\/a><\/h2>\n<\/div>\n<p style=\"text-align: center;\">Gestire la tua pasticceria non \u00e8 mai stato cos\u00ec facile con il Sintel Systems Bakery POS Software. Con le sue funzioni completamente personalizzabili, ogni grande evento o catering pu\u00f2 essere completato utilizzando direttamente il tuo sistema. Tieni traccia degli ordini riguardanti torte personalizzate e permetti ai clienti di versare il denaro al momento dell\u2019ordine. Usa la bilancia integrata per tutti i prodotti pesati. Vi assicuriamo che il nostro software facile da usare e professionale sar\u00e0 esattamente ci\u00f2 di cui la tua pasticceriaha bisogno.<\/p>\n<\/div>\n<\/div>\n<\/td>\n<\/tr>\n<tr>\n<td><a href=\"https:\/\/sintelsoftware.com\/salon-software-pos\"><img loading=\"lazy\" decoding=\"async\" class=\" alignright\" src=\"https:\/\/www.sintelsystems.com\/media\/catalog\/product\/cache\/1\/small_image\/300x\/17f82f742ffe127f42dca9de82fb58b1\/s\/a\/salon.png\" alt=\"\" width=\"300\" height=\"333\" \/><\/a><\/p>\n<div class=\"product-shop\">\n<div class=\"desc std\">\n<div class=\"product-primary\">\n<h2 class=\"product-name\" style=\"text-align: center;\"><a title=\"Salon Software POS\" href=\"https:\/\/sintelsoftware.com\/salon-software-pos\">POS Software Salon e Spa<\/a><\/h2>\n<\/div>\n<p style=\"text-align: center;\">Mentre i Salon e le SPA continuano a ricevere richieste dai loro clienti, l\u2019industria del Punto di Vendita (POS) si sviluppa per soddisfare i bisogni e necessit\u00e0 dei Salon. Intel Systems Salon e lo Spa POS Software possiede un libro degli appuntamenti facile da usare con un servizio clienti adatto e la cronologia degli acquisti cos\u00ec da rendere felici sia voi che i vostri clienti. Inoltre, si potr\u00e0 facilmente gestire tutto l\u2019inventario del Salon e tenere traccia delle vendite. Continua a viziare i tuoi clienti senza preoccuparti del tuo sistema POS. Lascia che Sintel Systems si occupi del resto.<\/p>\n<\/div>\n<\/div>\n<\/td>\n<td><a href=\"https:\/\/sintelsoftware.com\/produce-grocery-software-pos\"><img loading=\"lazy\" decoding=\"async\" class=\" alignright\" src=\"https:\/\/www.sintelsystems.com\/media\/catalog\/product\/cache\/1\/small_image\/300x\/17f82f742ffe127f42dca9de82fb58b1\/p\/r\/produce_and_grocery.png\" alt=\"\" width=\"300\" height=\"333\" \/><\/a><\/p>\n<div class=\"product-primary\">\n<h2 class=\"product-name\" style=\"text-align: center;\"><a title=\"Produce &#038; Grocery Software POS\" href=\"https:\/\/sintelsoftware.com\/produce-grocery-software-pos\">POS Software Supermercato<\/a><\/h2>\n<\/div>\n<div class=\"desc std\">\n<p style=\"text-align: center;\">Con il Sintel System Software per Prodotti Agricoli e Alimentari, la tua attivit\u00e0 pu\u00f2 essere condotta in modo pi\u00f9 fluido ed efficiente. La bilancia integrata permette una facile pesatura di prodotti agricoli per checkout un veloce e scattante. Per rendere ogni transazione ancora pi\u00f9 veloce,il software include un processo di trattamento delle carte di credito. Rendi i tuoi clienti felici con le operazioni di rimborso o cambio di un prodotto. Se il tuo alimentari o mercato di prodotti agricoli sta cercando di migliorare la qualit\u00e0 del POS Software e allo stesso tempo aumentare l\u2019efficienza per soddisfare le richieste dei clienti, Sintel Systems ti pu\u00f2 aiutare.<\/p>\n<\/div>\n<\/td>\n<\/tr>\n<tr>\n<td><a href=\"https:\/\/sintelsoftware.com\/back-office-software-pos\"><img loading=\"lazy\" decoding=\"async\" class=\" alignright\" src=\"https:\/\/www.sintelsystems.com\/media\/catalog\/product\/cache\/1\/small_image\/300x\/17f82f742ffe127f42dca9de82fb58b1\/b\/a\/back_office_software.png\" alt=\"\" width=\"300\" height=\"333\" \/><\/a><\/p>\n<div class=\"product-shop\">\n<div class=\"desc std\">\n<div class=\"product-primary\">\n<h2 class=\"product-name\" style=\"text-align: center;\"><a title=\"Back Office Software POS\" href=\"https:\/\/sintelsoftware.com\/back-office-software-pos\">POS Software Amministrazione<\/a><\/h2>\n<\/div>\n<p style=\"text-align: center;\">L\u2019accesso alla gestione dell\u2019operazione \u00e8 essenziale per la tua attivit\u00e0, ma un interruzione alle transazioni per ottenere le informazioni necessarie potrebbe risultare dannoso. Sintel System Back Office ti permette di visionare gli orari degli impiegati, gestire l\u2019inventario e analizzare report delle vendite da qualsiasi posto. Il software permette anche la gestione di pi\u00f9 negozi di franchising. Non hai un ufficio? Nessun problema. Sintel Systems Back Office pu\u00f2 essere installato direttamente sul tuo laptop. Puoi accedere al loro database, purch\u00e9 tu faccia parte della rete del negozio. Back Office Software License: Licenza completa con accesso Locale all\u2019Amministrazione e Funzione di Terminale.<\/p>\n<\/div>\n<\/div>\n<\/td>\n<td><a href=\"https:\/\/sintelsoftware.com\/coffee-shop-software-pos\"><img loading=\"lazy\" decoding=\"async\" class=\" alignright\" src=\"https:\/\/www.sintelsystems.com\/media\/catalog\/product\/cache\/1\/small_image\/300x\/17f82f742ffe127f42dca9de82fb58b1\/c\/o\/coffee_shop_box.png\" alt=\"\" width=\"300\" height=\"333\" \/><\/a><\/p>\n<div class=\"product-shop\">\n<div class=\"desc std\" style=\"text-align: right;\">\n<div class=\"product-primary\">\n<h2 class=\"product-name\" style=\"text-align: center;\"><a title=\"Coffee Shop Software POS\" href=\"https:\/\/sintelsoftware.com\/coffee-shop-software-pos\">POS Software Negozio del caff\u00e8<\/a><\/h2>\n<\/div>\n<p style=\"text-align: center;\">Con milioni di americani che iniziano la loro giornata con il caff\u00e8, lascia che Sintel Systems Coffee Shop POS software sia la tua scelta.I pagamenti non sono mai stati pi\u00f9 veloci con la nostra modalit\u00e0 di Servizio veloce. La bilancia incorporata fa s\u00ec che i clienti possano non solo comprare la loro tazza di caff\u00e8 ma anche il proprio mix di caff\u00e8 macinato. Con il programma di Fedelt\u00e0 clienti, lascia che i tuoi clienti possano acquisire punti e riscattare ricompense e ricevere degli specials o coupons con le informazioni del cliente salvate sul nostro sistema. Il caff\u00e8 non \u00e8 pi\u00f9 solo un business, \u00e8 una cultura. La nostra aggiornata tecnologia POS \u00e8 il modo pi\u00f9 efficiente per dirigere il tuo negozio di caff\u00e8.<\/p>\n<\/div>\n<\/div>\n<\/td>\n<\/tr>\n<\/tbody>\n<\/table>\n<p><\/p>","protected":false},"excerpt":{"rendered":"<p>POS Software Commercio al Dettaglio Sintel Systems Retail fornisce un software professionale e potente per la tua azienda. Tra le varie funzionalit\u00e0, il software offre una funzione di Alta Qualit\u00e0, gestione del cliente in tempo reale e controllo semplificato dell\u2019inventario e gestire la tua attivit\u00e0 diventer\u00e0 un gioco da ragazzi. Non solo il software \u00e8 [&hellip;]<\/p>\n","protected":false},"author":1,"featured_media":204,"parent":0,"menu_order":0,"comment_status":"closed","ping_status":"open","template":"","meta":{"footnotes":""},"class_list":["post-8","page","type-page","status-publish","has-post-thumbnail","czr-hentry"],"_links":{"self":[{"href":"https:\/\/sintelsoftware.com\/it\/wp-json\/wp\/v2\/pages\/8","targetHints":{"allow":["GET"]}}],"collection":[{"href":"https:\/\/sintelsoftware.com\/it\/wp-json\/wp\/v2\/pages"}],"about":[{"href":"https:\/\/sintelsoftware.com\/it\/wp-json\/wp\/v2\/types\/page"}],"author":[{"embeddable":true,"href":"https:\/\/sintelsoftware.com\/it\/wp-json\/wp\/v2\/users\/1"}],"replies":[{"embeddable":true,"href":"https:\/\/sintelsoftware.com\/it\/wp-json\/wp\/v2\/comments?post=8"}],"version-history":[{"count":112,"href":"https:\/\/sintelsoftware.com\/it\/wp-json\/wp\/v2\/pages\/8\/revisions"}],"predecessor-version":[{"id":394,"href":"https:\/\/sintelsoftware.com\/it\/wp-json\/wp\/v2\/pages\/8\/revisions\/394"}],"wp:featuredmedia":[{"embeddable":true,"href":"https:\/\/sintelsoftware.com\/it\/wp-json\/wp\/v2\/media\/204"}],"wp:attachment":[{"href":"https:\/\/sintelsoftware.com\/it\/wp-json\/wp\/v2\/media?parent=8"}],"curies":[{"name":"wp","href":"https:\/\/api.w.org\/{rel}","templated":true}]}}