{"id":145,"date":"2015-05-21T23:48:30","date_gmt":"2015-05-21T23:48:30","guid":{"rendered":"http:\/\/sintelsoftware.com\/?page_id=145"},"modified":"2016-03-25T18:43:06","modified_gmt":"2016-03-26T01:43:06","slug":"frozen-yogurt-software-pos","status":"publish","type":"page","link":"https:\/\/sintelsoftware.com\/it\/frozen-yogurt-software-pos","title":{"rendered":"POS Software Yogurt Gelato"},"content":{"rendered":"<p><\/p>\n<table border=\"0\">\n<tbody>\n<tr>\n<td><img loading=\"lazy\" decoding=\"async\" title=\"Frozen Yogurt POS Software\" src=\"https:\/\/sintelsoftware.com\/wp-content\/uploads\/2015\/12\/Italiano-Yogurt-Gelato-POS-Punto-Vendito-Sintel-Software-855-POS-SALE-www.SintelSoftware.com_.png\" alt=\"Frozen Yogurt POS Software\" width=\"583\" height=\"647\" \/><\/p>\n<p>\n\t\t<style type=\"text\/css\">\n\t\t\t#gallery-4 {\n\t\t\t\tmargin: auto;\n\t\t\t}\n\t\t\t#gallery-4 .gallery-item {\n\t\t\t\tfloat: left;\n\t\t\t\tmargin-top: 10px;\n\t\t\t\ttext-align: center;\n\t\t\t\twidth: 33%;\n\t\t\t}\n\t\t\t#gallery-4 img {\n\t\t\t\tborder: 2px solid #cfcfcf;\n\t\t\t}\n\t\t\t#gallery-4 .gallery-caption {\n\t\t\t\tmargin-left: 0;\n\t\t\t}\n\t\t\t\/* see gallery_shortcode() in wp-includes\/media.php *\/\n\t\t<\/style>\n\t\t<div id='gallery-4' class='gallery galleryid-145 gallery-columns-3 gallery-size-thumbnail'><dl class='gallery-item'>\n\t\t\t<dt class='gallery-icon portrait'>\n\t\t\t\t<a class=\"grouped_elements\" rel=\"tc-fancybox-group\" href=\"https:\/\/sintelsoftware.com\/wp-content\/uploads\/2015\/12\/Espanol-Helado-de-Yogur-PTV-Punto-de-Venta-Sintel-Software-855-POS-SALE-www.SintelSoftware.com_.png\" title=\"Espanol-Helado-de-Yogur-PTV-Punto-de-Venta-Sintel-Software-855-POS-SALE-www.SintelSoftware.com\"><img loading=\"lazy\" decoding=\"async\" width=\"150\" height=\"150\" src=\"https:\/\/sintelsoftware.com\/wp-content\/uploads\/2015\/12\/Espanol-Helado-de-Yogur-PTV-Punto-de-Venta-Sintel-Software-855-POS-SALE-www.SintelSoftware.com_-150x150.png\" class=\"attachment-thumbnail size-thumbnail\" alt=\"Espanol-Helado-de-Yogur-PTV-Punto-de-Venta-Sintel-Software-855-POS-SALE-www.SintelSoftware.com\" \/><\/a>\n\t\t\t<\/dt><\/dl><dl class='gallery-item'>\n\t\t\t<dt class='gallery-icon portrait'>\n\t\t\t\t<a class=\"grouped_elements\" rel=\"tc-fancybox-group\" href=\"https:\/\/sintelsoftware.com\/wp-content\/uploads\/2015\/12\/Deutsch-Gefrorener-Joghurt-POS-Kassensysteme-Kassensoftware-Sintel-Software-855-POS-SALE-www.SintelSoftware.com_.png\" title=\"Deutsch-Gefrorener-Joghurt-POS-Kassensysteme-Kassensoftware-Sintel-Software-855-POS-SALE-www.SintelSoftware.com\"><img loading=\"lazy\" decoding=\"async\" width=\"150\" height=\"150\" src=\"https:\/\/sintelsoftware.com\/wp-content\/uploads\/2015\/12\/Deutsch-Gefrorener-Joghurt-POS-Kassensysteme-Kassensoftware-Sintel-Software-855-POS-SALE-www.SintelSoftware.com_-150x150.png\" class=\"attachment-thumbnail size-thumbnail\" alt=\"Deutsch-Gefrorener-Joghurt-POS-Kassensysteme-Kassensoftware-Sintel-Software-855-POS-SALE-www.SintelSoftware.com\" \/><\/a>\n\t\t\t<\/dt><\/dl><dl class='gallery-item'>\n\t\t\t<dt class='gallery-icon portrait'>\n\t\t\t\t<a class=\"grouped_elements\" rel=\"tc-fancybox-group\" href=\"https:\/\/sintelsoftware.com\/wp-content\/uploads\/2015\/12\/Portugu\u00eas-Logurte-Congelado-PDV-Pontos-De-Venda-Sintel-Software-855-POS-SALE-www.SintelSoftware.com_.png\" title=\"Portugu\u00eas-Logurte-Congelado-PDV-Pontos-De-Venda-Sintel-Software-855-POS-SALE-www.SintelSoftware.com\"><img loading=\"lazy\" decoding=\"async\" width=\"150\" height=\"150\" src=\"https:\/\/sintelsoftware.com\/wp-content\/uploads\/2015\/12\/Portugu\u00eas-Logurte-Congelado-PDV-Pontos-De-Venda-Sintel-Software-855-POS-SALE-www.SintelSoftware.com_-150x150.png\" class=\"attachment-thumbnail size-thumbnail\" alt=\"Portugu\u00eas-Logurte-Congelado-PDV-Pontos-De-Venda-Sintel-Software-855-POS-SALE-www.SintelSoftware.com\" \/><\/a>\n\t\t\t<\/dt><\/dl><br style=\"clear: both\" \/><dl class='gallery-item'>\n\t\t\t<dt class='gallery-icon portrait'>\n\t\t\t\t<a class=\"grouped_elements\" rel=\"tc-fancybox-group\" href=\"https:\/\/sintelsoftware.com\/wp-content\/uploads\/2015\/12\/Fran\u00e7ais-Yaourt-Glace-PDV-Point-De-Vente-Logiciel-Sintel-Software-855-POS-SALE-www.SintelSoftware.com_.png\" title=\"Fran\u00e7ais-Yaourt-Glace-PDV-Point-De-Vente-Logiciel-Sintel-Software-855-POS-SALE-www.SintelSoftware.com\"><img loading=\"lazy\" decoding=\"async\" width=\"150\" height=\"150\" src=\"https:\/\/sintelsoftware.com\/wp-content\/uploads\/2015\/12\/Fran\u00e7ais-Yaourt-Glace-PDV-Point-De-Vente-Logiciel-Sintel-Software-855-POS-SALE-www.SintelSoftware.com_-150x150.png\" class=\"attachment-thumbnail size-thumbnail\" alt=\"Fran\u00e7ais-Yaourt-Glace-PDV-Point-De-Vente-Logiciel-Sintel-Software-855-POS-SALE-www.SintelSoftware.com\" \/><\/a>\n\t\t\t<\/dt><\/dl>\n\t\t\t<br style='clear: both' \/>\n\t\t<\/div>\n<\/td>\n<td>\n<h2 class=\"product-name\"><span style=\"color: #57cf93;\"><strong><span class=\"h1\">POS Software Yogurt Gelato<\/span><\/strong><\/span><\/h2>\n<div>\n<p>Come proprietario di un negozio di frozen yogurt, \u00e8 importante stare al passo non solo con la variet\u00e0 ma anche con la domanda costante e competizione. Il Sintel Systems Frozen Yogurt POS fornisce un programma aperto all\u2019utente e facile da utilizzare il quale possiede una potente capacit\u00e0 di gestione della tua attivit\u00e0 con la sua bilancia integrata, la funzione tara e con un sistema incorporato per le carte Fedelt\u00e0. Il nostro software permetter\u00e0 ai tuoi impiegati di elaborare degli ordini in pochi secondi grazie alla funzione di trattamento delle carte di credito e sospensione temporanea degli ordini.<\/p>\n<p><strong>Sintel Systems Software<\/strong> fornisce offerte ASP (Application Service Provider), fornendovi il controllo totale del vostro business ovunque vi troviate. Quest\u2019opzione consente funzionalit\u00e0 arricchite inclusa integrazione con Google Maps e ordini on-line. A prescindere che il commerciante sia una piccola trattoria in una comunit\u00e0 rurale o la location di un franchise famoso in tutto il mondo in una metropoli. Sintel Systems \u00e8 la soluzione universale per ogni business.<\/p>\n<p><strong><u>Sistema Punti Fedelt\u00e0:<\/u><\/strong><br \/>\nRicompensate i vostri clienti fedeli e mostrate loro il vostro apprezzamento. Questo sistema a punti interno incoraggia i clienti a ritornare da voi. I clienti potranno riscattare i punti impiegandoli verso acquisti futuri in base ai dettagli del vostro programma. Il sistema fedelt\u00e0 salva le informazioni del cliente sul cloud, invece che sulla macchina locale, in modo che non andranno perdute, e i clienti potranno anche accedere ai loro punti dalla app mobile. Possono anche essere sfruttate le informazioni di contatto per inviare offerte speciali e coupon.<\/p>\n<p><strong>CERTIFICAZIONE SISTEMA POS:<\/strong> Questo Software POS per Yogurt Gelato \u00e8 Certificato a Livello Nazionale dalla National Conference on Weights and Measures (NCWM).<\/p>\n<p><a href=\"https:\/\/sintelsoftware.com\/wp-content\/uploads\/2015\/12\/Frozen-Yogurt-Certificate-of-Conformance.pdf\" target=\"_blank\">Clicca sull\u2019immagine per Visualizzare il Certificato di Idoneit\u00e0<\/a><\/p>\n<p><a href=\"https:\/\/sintelsoftware.com\/wp-content\/uploads\/2015\/12\/Frozen-Yogurt-Certificate-of-Conformance.pdf\" target=\"_blank\"><img loading=\"lazy\" decoding=\"async\" title=\"Scale Certified\" src=\"http:\/\/www.sintelsystems.com\/images\/Certificate-Icon01.png\" alt=\"Scale Certified\" width=\"150\" height=\"164\" \/><\/a><\/p>\n<p>*<span id=\"result_box\" class=\"\" lang=\"it\"><span class=\"hps\">Configurazione<\/span> C<span class=\"hps\">ompleta<\/span><\/span>, Istruzione e <span id=\"result_box\" class=\"short_text\" lang=\"it\"><span class=\"hps\">Supporto Tecnico<\/span> <span class=\"hps\">Disponibile<\/span><\/span><br \/>\n*<a href=\"https:\/\/sintelsoftware.com\/request-live-demo\" target=\"_blank\">Richiesta Dimostrazione Dal Vivo<\/a><br \/>\n*L<span id=\"result_box\" class=\"short_text\" lang=\"it\"><span class=\"hps\">ingue Disponibili<\/span><\/span>: Arabo &#8211; Cinese &#8211; Italiano &#8211; Tedesco &#8211; Giapponese &#8211; Coreano &#8211; Inglese &#8211; Francese &#8211; Portoghese &#8211; Russo &#8211; Spagnolo<\/p>\n<\/div>\n<\/td>\n<\/tr>\n<\/tbody>\n<\/table>\n<p><\/p>","protected":false},"excerpt":{"rendered":"<p>POS Software Yogurt Gelato Come proprietario di un negozio di frozen yogurt, \u00e8 importante stare al passo non solo con la variet\u00e0 ma anche con la domanda costante e competizione. Il Sintel Systems Frozen Yogurt POS fornisce un programma aperto all\u2019utente e facile da utilizzare il quale possiede una potente capacit\u00e0 di gestione della tua [&hellip;]<\/p>\n","protected":false},"author":1,"featured_media":0,"parent":0,"menu_order":0,"comment_status":"closed","ping_status":"open","template":"","meta":{"footnotes":""},"class_list":["post-145","page","type-page","status-publish","czr-hentry"],"_links":{"self":[{"href":"https:\/\/sintelsoftware.com\/it\/wp-json\/wp\/v2\/pages\/145","targetHints":{"allow":["GET"]}}],"collection":[{"href":"https:\/\/sintelsoftware.com\/it\/wp-json\/wp\/v2\/pages"}],"about":[{"href":"https:\/\/sintelsoftware.com\/it\/wp-json\/wp\/v2\/types\/page"}],"author":[{"embeddable":true,"href":"https:\/\/sintelsoftware.com\/it\/wp-json\/wp\/v2\/users\/1"}],"replies":[{"embeddable":true,"href":"https:\/\/sintelsoftware.com\/it\/wp-json\/wp\/v2\/comments?post=145"}],"version-history":[{"count":35,"href":"https:\/\/sintelsoftware.com\/it\/wp-json\/wp\/v2\/pages\/145\/revisions"}],"predecessor-version":[{"id":1178,"href":"https:\/\/sintelsoftware.com\/it\/wp-json\/wp\/v2\/pages\/145\/revisions\/1178"}],"wp:attachment":[{"href":"https:\/\/sintelsoftware.com\/it\/wp-json\/wp\/v2\/media?parent=145"}],"curies":[{"name":"wp","href":"https:\/\/api.w.org\/{rel}","templated":true}]}}