{"id":134,"date":"2015-05-21T23:29:08","date_gmt":"2015-05-21T23:29:08","guid":{"rendered":"http:\/\/sintelsoftware.com\/?page_id=134"},"modified":"2016-03-25T16:44:10","modified_gmt":"2016-03-25T23:44:10","slug":"restaurant-software-pos","status":"publish","type":"page","link":"https:\/\/sintelsoftware.com\/it\/restaurant-software-pos","title":{"rendered":"POS Software Ristorante"},"content":{"rendered":"<p><\/p>\n<table border=\"0\">\n<tbody>\n<tr>\n<td><img loading=\"lazy\" decoding=\"async\" title=\"Restaurant POS Software\" src=\"https:\/\/sintelsoftware.com\/wp-content\/uploads\/2015\/12\/Italiano-Ristoranti-POS-Punto-Vendito-Sintel-Software-855-POS-SALE-www.SintelSoftware.com_.png\" alt=\"Retail POS Software\" width=\"583\" height=\"647\" \/><\/p>\n\n\t\t<style type=\"text\/css\">\n\t\t\t#gallery-4 {\n\t\t\t\tmargin: auto;\n\t\t\t}\n\t\t\t#gallery-4 .gallery-item {\n\t\t\t\tfloat: left;\n\t\t\t\tmargin-top: 10px;\n\t\t\t\ttext-align: center;\n\t\t\t\twidth: 33%;\n\t\t\t}\n\t\t\t#gallery-4 img {\n\t\t\t\tborder: 2px solid #cfcfcf;\n\t\t\t}\n\t\t\t#gallery-4 .gallery-caption {\n\t\t\t\tmargin-left: 0;\n\t\t\t}\n\t\t\t\/* see gallery_shortcode() in wp-includes\/media.php *\/\n\t\t<\/style>\n\t\t<div id='gallery-4' class='gallery galleryid-134 gallery-columns-3 gallery-size-thumbnail'><dl class='gallery-item'>\n\t\t\t<dt class='gallery-icon portrait'>\n\t\t\t\t<a class=\"grouped_elements\" rel=\"tc-fancybox-group\" href=\"https:\/\/sintelsoftware.com\/wp-content\/uploads\/2015\/12\/Espanol-Restaurante-PTV-Punto-de-Venta-Sintel-Software-855-POS-SALE-www.SintelSoftware.com_.png\" title=\"Espanol-Restaurante-PTV-Punto-de-Venta-Sintel-Software-855-POS-SALE-www.SintelSoftware.com\"><img loading=\"lazy\" decoding=\"async\" width=\"150\" height=\"150\" src=\"https:\/\/sintelsoftware.com\/wp-content\/uploads\/2015\/12\/Espanol-Restaurante-PTV-Punto-de-Venta-Sintel-Software-855-POS-SALE-www.SintelSoftware.com_-150x150.png\" class=\"attachment-thumbnail size-thumbnail\" alt=\"Espanol-Restaurante-PTV-Punto-de-Venta-Sintel-Software-855-POS-SALE-www.SintelSoftware.com\" \/><\/a>\n\t\t\t<\/dt><\/dl><dl class='gallery-item'>\n\t\t\t<dt class='gallery-icon portrait'>\n\t\t\t\t<a class=\"grouped_elements\" rel=\"tc-fancybox-group\" href=\"https:\/\/sintelsoftware.com\/wp-content\/uploads\/2015\/12\/Deutsch-Restaurant-POS-Kassensysteme-Kassensoftware-Sintel-Software-855-POS-SALE-www.SintelSoftware.com_.png\" title=\"Deutsch-Restaurant-POS-Kassensysteme-Kassensoftware-Sintel-Software-855-POS-SALE-www.SintelSoftware.com\"><img loading=\"lazy\" decoding=\"async\" width=\"150\" height=\"150\" src=\"https:\/\/sintelsoftware.com\/wp-content\/uploads\/2015\/12\/Deutsch-Restaurant-POS-Kassensysteme-Kassensoftware-Sintel-Software-855-POS-SALE-www.SintelSoftware.com_-150x150.png\" class=\"attachment-thumbnail size-thumbnail\" alt=\"Deutsch-Restaurant-POS-Kassensysteme-Kassensoftware-Sintel-Software-855-POS-SALE-www.SintelSoftware.com\" \/><\/a>\n\t\t\t<\/dt><\/dl><dl class='gallery-item'>\n\t\t\t<dt class='gallery-icon portrait'>\n\t\t\t\t<a class=\"grouped_elements\" rel=\"tc-fancybox-group\" href=\"https:\/\/sintelsoftware.com\/wp-content\/uploads\/2015\/12\/Portugu\u00eas-Restaurante-PDV-pontos-de-venda-Sintel-Software-855-POS-SALE-www.SintelSoftware.com_.png\" title=\"Portugu\u00eas-Restaurante-PDV-pontos-de-venda-Sintel-Software-855-POS-SALE-www.SintelSoftware.com\"><img loading=\"lazy\" decoding=\"async\" width=\"150\" height=\"150\" src=\"https:\/\/sintelsoftware.com\/wp-content\/uploads\/2015\/12\/Portugu\u00eas-Restaurante-PDV-pontos-de-venda-Sintel-Software-855-POS-SALE-www.SintelSoftware.com_-150x150.png\" class=\"attachment-thumbnail size-thumbnail\" alt=\"Portugu\u00eas-Restaurante-PDV-pontos-de-venda-Sintel-Software-855-POS-SALE-www.SintelSoftware.com\" \/><\/a>\n\t\t\t<\/dt><\/dl><br style=\"clear: both\" \/><dl class='gallery-item'>\n\t\t\t<dt class='gallery-icon portrait'>\n\t\t\t\t<a class=\"grouped_elements\" rel=\"tc-fancybox-group\" href=\"https:\/\/sintelsoftware.com\/wp-content\/uploads\/2015\/12\/Fran\u00e7ais-Restaurant-PDV-Point-De-Vente-Logiciel-Sintel-Software-855-POS-SALE-www.SintelSoftware.com_.png\" title=\"Fran\u00e7ais-Restaurant-PDV-Point-De-Vente-Logiciel-Sintel-Software-855-POS-SALE-www.SintelSoftware.com\"><img loading=\"lazy\" decoding=\"async\" width=\"150\" height=\"150\" src=\"https:\/\/sintelsoftware.com\/wp-content\/uploads\/2015\/12\/Fran\u00e7ais-Restaurant-PDV-Point-De-Vente-Logiciel-Sintel-Software-855-POS-SALE-www.SintelSoftware.com_-150x150.png\" class=\"attachment-thumbnail size-thumbnail\" alt=\"Fran\u00e7ais-Restaurant-PDV-Point-De-Vente-Logiciel-Sintel-Software-855-POS-SALE-www.SintelSoftware.com\" \/><\/a>\n\t\t\t<\/dt><\/dl>\n\t\t\t<br style='clear: both' \/>\n\t\t<\/div>\n\n<p>&nbsp;<\/td>\n<td>\n<h2 class=\"product-name\"><span style=\"color: #57cf93;\"><strong><span class=\"h1\">POS Software Ristorante<\/span><\/strong><\/span><\/h2>\n<div>\n<p>Stare dietro ad un ristorante frenetico e affrontare le richieste del cliente \u00e8 essenziale per il successo. Con Sintel Systems Restaurant Software, le transazioni sono elaborate velocemente e con precisione. Il nostro menu delle opzioni completamente personalizzabile e diviso in categorie rende il software adattabile ed efficiente. Si \u00e8 in grado di aggiungere elementi, caratteristiche giornaliere, e i piatti speciali a pranzo e a cena senza problema. L\u2019uso di Sintel Restaurant Software migliorer\u00e0 il servizio al cliente e ti aiuter\u00e0 a gestire il tuo ristorante nel modo pi\u00f9 facile di sempre.<\/p>\n<p>Il Software punto di vendita per ristorante della Sintel Systems soddisfa i bisogni di ogni tipo di ristorante a partire da RSR (ristoranti servizio rapido) fino a locali che offrono una ristorazione completa e servizi catering. Il nostro software professionale POS \u00e8 progettato per assistervi efficacementenel gestire il Vostropunto venditae a fornire allo stesso tempo un ottimo servizio alla clientela. Capace di rendere effettivo il Vostro men\u00f9 e fornito di un\u2019interfaccia adattabile, evadere gli ordini dei clienti non \u00e8 mai stato cos\u00ec facile o veloce. L\u2019interfaccia utente \u00e8 facile da utilizzare eci\u00f2 consente l\u2019addestramento rapido degli impiegati, mentre la parte pi\u00f9 tecnica del software offre un menu completo di strumenti gestionali che includono rapporti sulle vendite, gestione oraria impiegati, elaborazione transazioni, e inventario degli articoli. Risparmiando tempo nelle fasi gestionali, avrete il tempo di fornire ai vostri avventori un ambiente in cui vorranno ritornare. In un mercato cos\u00ec altamente competitivo \u00e8 cruciale mantenere un servizio alla clientela di qualit\u00e0. Portare avanti un\u2019attivit\u00e0 non \u00e8 mai stato cos\u00ec semplice grazie al software POS di livello professionale per ristoranti della Sintel Systems.<\/p>\n<p>Inclusi nell\u2019abbonamento Assistenza Tecnica della Sintel Systems vi sono la configurazione Software, addestramento, Assistenza progressiva &amp; manutenzione, aggiornamenti\/upgrades.<\/p>\n<p>Il software POS per ristoranti \u00e8 incluso nel Pacchetto completo POS Ristoranti della Sintel Systems.<\/p>\n<p>Sintel Systems \u00e8 l\u2019unico provider del servizio complete di sistemi Punti di Vendita personalizzati per locali unici e ristoranti in franchising forniti direttamente all\u2019utente finale a livello globale, incluse pizzerie e ristoranti sushi.<\/p>\n<p>*<span id=\"result_box\" class=\"\" lang=\"it\"><span class=\"hps\">Configurazione<\/span> C<span class=\"hps\">ompleta<\/span><\/span>, Istruzione e <span id=\"result_box\" class=\"short_text\" lang=\"it\"><span class=\"hps\">Supporto Tecnico<\/span> <span class=\"hps\">Disponibile<\/span><\/span><br \/>\n*<a href=\"https:\/\/sintelsoftware.com\/request-live-demo\" target=\"_blank\">Richiesta Dimostrazione Dal Vivo<\/a><br \/>\n*L<span id=\"result_box\" class=\"short_text\" lang=\"it\"><span class=\"hps\">ingue Disponibili<\/span><\/span>: Arabo &#8211; Cinese &#8211; Italiano &#8211; Tedesco &#8211; Giapponese &#8211; Coreano &#8211; Inglese &#8211; Francese &#8211; Portoghese &#8211; Russo &#8211; Spagnolo<\/p>\n<\/div>\n<\/td>\n<\/tr>\n<\/tbody>\n<\/table>\n<p><\/p>","protected":false},"excerpt":{"rendered":"<p>&nbsp; POS Software Ristorante Stare dietro ad un ristorante frenetico e affrontare le richieste del cliente \u00e8 essenziale per il successo. Con Sintel Systems Restaurant Software, le transazioni sono elaborate velocemente e con precisione. Il nostro menu delle opzioni completamente personalizzabile e diviso in categorie rende il software adattabile ed efficiente. Si \u00e8 in grado [&hellip;]<\/p>\n","protected":false},"author":1,"featured_media":0,"parent":0,"menu_order":0,"comment_status":"closed","ping_status":"open","template":"","meta":{"footnotes":""},"class_list":["post-134","page","type-page","status-publish","czr-hentry"],"_links":{"self":[{"href":"https:\/\/sintelsoftware.com\/it\/wp-json\/wp\/v2\/pages\/134","targetHints":{"allow":["GET"]}}],"collection":[{"href":"https:\/\/sintelsoftware.com\/it\/wp-json\/wp\/v2\/pages"}],"about":[{"href":"https:\/\/sintelsoftware.com\/it\/wp-json\/wp\/v2\/types\/page"}],"author":[{"embeddable":true,"href":"https:\/\/sintelsoftware.com\/it\/wp-json\/wp\/v2\/users\/1"}],"replies":[{"embeddable":true,"href":"https:\/\/sintelsoftware.com\/it\/wp-json\/wp\/v2\/comments?post=134"}],"version-history":[{"count":57,"href":"https:\/\/sintelsoftware.com\/it\/wp-json\/wp\/v2\/pages\/134\/revisions"}],"predecessor-version":[{"id":1183,"href":"https:\/\/sintelsoftware.com\/it\/wp-json\/wp\/v2\/pages\/134\/revisions\/1183"}],"wp:attachment":[{"href":"https:\/\/sintelsoftware.com\/it\/wp-json\/wp\/v2\/media?parent=134"}],"curies":[{"name":"wp","href":"https:\/\/api.w.org\/{rel}","templated":true}]}}