{"id":117,"date":"2015-05-21T20:54:09","date_gmt":"2015-05-21T20:54:09","guid":{"rendered":"http:\/\/sintelsoftware.com\/?page_id=117"},"modified":"2016-03-25T18:32:38","modified_gmt":"2016-03-26T01:32:38","slug":"retail-software-pos","status":"publish","type":"page","link":"https:\/\/sintelsoftware.com\/it\/retail-software-pos","title":{"rendered":"POS Software Commercio al Dettaglio"},"content":{"rendered":"<p><\/p>\n<table border=\"0\">\n<tbody>\n<tr>\n<td><img loading=\"lazy\" decoding=\"async\" title=\"Retail POS Software\" src=\"https:\/\/sintelsoftware.com\/wp-content\/uploads\/2015\/12\/Italiano-Commercio-al-Dettaglio-POS-Punto-Vendito-Sintel-Software-855-POS-SALE-www.SintelSoftware.com_.png\" alt=\"Retail POS Software\" width=\"583\" height=\"647\" \/><\/p>\n<p>\n\t\t<style type=\"text\/css\">\n\t\t\t#gallery-4 {\n\t\t\t\tmargin: auto;\n\t\t\t}\n\t\t\t#gallery-4 .gallery-item {\n\t\t\t\tfloat: left;\n\t\t\t\tmargin-top: 10px;\n\t\t\t\ttext-align: center;\n\t\t\t\twidth: 33%;\n\t\t\t}\n\t\t\t#gallery-4 img {\n\t\t\t\tborder: 2px solid #cfcfcf;\n\t\t\t}\n\t\t\t#gallery-4 .gallery-caption {\n\t\t\t\tmargin-left: 0;\n\t\t\t}\n\t\t\t\/* see gallery_shortcode() in wp-includes\/media.php *\/\n\t\t<\/style>\n\t\t<div id='gallery-4' class='gallery galleryid-117 gallery-columns-3 gallery-size-thumbnail'><dl class='gallery-item'>\n\t\t\t<dt class='gallery-icon portrait'>\n\t\t\t\t<a class=\"grouped_elements\" rel=\"tc-fancybox-group\" href=\"https:\/\/sintelsoftware.com\/wp-content\/uploads\/2015\/12\/Espanol-Tienda-al-por-Menor-PTV-Punto-de-Venta-Sintel-Software-855-POS-SALE-www.SintelSoftware.com_.png\" title=\"Espanol-Tienda-al-por-Menor-PTV-Punto-de-Venta-Sintel-Software-855-POS-SALE-www.SintelSoftware.com\"><img loading=\"lazy\" decoding=\"async\" width=\"150\" height=\"150\" src=\"https:\/\/sintelsoftware.com\/wp-content\/uploads\/2015\/12\/Espanol-Tienda-al-por-Menor-PTV-Punto-de-Venta-Sintel-Software-855-POS-SALE-www.SintelSoftware.com_-150x150.png\" class=\"attachment-thumbnail size-thumbnail\" alt=\"Espanol-Tienda-al-por-Menor-PTV-Punto-de-Venta-Sintel-Software-855-POS-SALE-www.SintelSoftware.com\" \/><\/a>\n\t\t\t<\/dt><\/dl><dl class='gallery-item'>\n\t\t\t<dt class='gallery-icon portrait'>\n\t\t\t\t<a class=\"grouped_elements\" rel=\"tc-fancybox-group\" href=\"https:\/\/sintelsoftware.com\/wp-content\/uploads\/2015\/12\/Deutsch-Einzelhandel-POS-Kassensysteme-Kassensoftware-Sintel-Software-855-POS-SALE-www.SintelSoftware.com_.png\" title=\"Deutsch-Einzelhandel-POS-Kassensysteme-Kassensoftware-Sintel-Software-855-POS-SALE-www.SintelSoftware.com\"><img loading=\"lazy\" decoding=\"async\" width=\"150\" height=\"150\" src=\"https:\/\/sintelsoftware.com\/wp-content\/uploads\/2015\/12\/Deutsch-Einzelhandel-POS-Kassensysteme-Kassensoftware-Sintel-Software-855-POS-SALE-www.SintelSoftware.com_-150x150.png\" class=\"attachment-thumbnail size-thumbnail\" alt=\"Deutsch-Einzelhandel-POS-Kassensysteme-Kassensoftware-Sintel-Software-855-POS-SALE-www.SintelSoftware.com\" \/><\/a>\n\t\t\t<\/dt><\/dl><dl class='gallery-item'>\n\t\t\t<dt class='gallery-icon portrait'>\n\t\t\t\t<a class=\"grouped_elements\" rel=\"tc-fancybox-group\" href=\"https:\/\/sintelsoftware.com\/wp-content\/uploads\/2015\/12\/Portugu\u00eas-Varejo-PDV-Pontos-De-Venda-Software-Sintel-Software-855-POS-SALE-www.SintelSoftware.com_.png\" title=\"Portugu\u00eas-Varejo-PDV-Pontos-De-Venda-Software-Sintel-Software-855-POS-SALE-www.SintelSoftware.com\"><img loading=\"lazy\" decoding=\"async\" width=\"150\" height=\"150\" src=\"https:\/\/sintelsoftware.com\/wp-content\/uploads\/2015\/12\/Portugu\u00eas-Varejo-PDV-Pontos-De-Venda-Software-Sintel-Software-855-POS-SALE-www.SintelSoftware.com_-150x150.png\" class=\"attachment-thumbnail size-thumbnail\" alt=\"Portugu\u00eas-Varejo-PDV-Pontos-De-Venda-Software-Sintel-Software-855-POS-SALE-www.SintelSoftware.com\" \/><\/a>\n\t\t\t<\/dt><\/dl><br style=\"clear: both\" \/><dl class='gallery-item'>\n\t\t\t<dt class='gallery-icon portrait'>\n\t\t\t\t<a class=\"grouped_elements\" rel=\"tc-fancybox-group\" href=\"https:\/\/sintelsoftware.com\/wp-content\/uploads\/2015\/12\/Fran\u00e7ais-Vente-Au-Detail-PDV-Point-De-Vente-Logiciel-Sintel-Software-855-POS-Sale-www.SintelSoftware.com_.png\" title=\"Fran\u00e7ais-Vente-Au-Detail-PDV-Point-De-Vente-Logiciel-Sintel-Software-855-POS-Sale-www.SintelSoftware.com\"><img loading=\"lazy\" decoding=\"async\" width=\"150\" height=\"150\" src=\"https:\/\/sintelsoftware.com\/wp-content\/uploads\/2015\/12\/Fran\u00e7ais-Vente-Au-Detail-PDV-Point-De-Vente-Logiciel-Sintel-Software-855-POS-Sale-www.SintelSoftware.com_-150x150.png\" class=\"attachment-thumbnail size-thumbnail\" alt=\"Fran\u00e7ais-Vente-Au-Detail-PDV-Point-De-Vente-Logiciel-Sintel-Software-855-POS-Sale-www.SintelSoftware.com\" \/><\/a>\n\t\t\t<\/dt><\/dl>\n\t\t\t<br style='clear: both' \/>\n\t\t<\/div>\n<\/td>\n<td>\n<h2 class=\"product-name\"><span style=\"color: #57cf93;\"><strong><span class=\"h1\">POS Software Commercio al Dettaglio<\/span><\/strong><\/span><\/h2>\n<div>\n<p>Sintel Systems Retail fornisce un software professionale e potente per la tua azienda. Tra le varie funzionalit\u00e0, il software offre una funzione di Alta Qualit\u00e0, gestione del cliente in tempo reale e controllo semplificato dell\u2019inventario e gestire la tua attivit\u00e0 diventer\u00e0 un gioco da ragazzi. Non solo il software \u00e8 completamente personalizzabile ma \u00e8 anche facile da usare. Sia che tu abbia un negozio di vendita al dettaglio od una grande catena, il nostro Retail Software \u00e8 ideato per portare la tua azienda al livello successivo.<\/p>\n<p><strong>Sintel Systems Software<\/strong> fornisce offerte ASP (Application Service Provider), fornendovi il controllo totale del vostro business ovunque vi troviate. Quest\u2019opzione consente funzionalit\u00e0 arricchite inclusa integrazione con Google Maps e ordini on-line. A prescindere che il commerciante sia una piccola trattoria in una comunit\u00e0 rurale o la location di un franchise famoso in tutto il mondo in una metropoli. Sintel Systems \u00e8 la soluzione universale per ogni business.<\/p>\n<p><strong><u>Sistema Punti Fedelt\u00e0:<\/u><\/strong><br \/>\nRicompensate i vostri clienti fedeli e mostrate loro il vostro apprezzamento. Questo sistema a punti interno incoraggia i clienti a ritornare da voi. I clienti potranno riscattare i punti impiegandoli verso acquisti futuri in base ai dettagli del vostro programma. Il sistema fedelt\u00e0 salva le informazioni del cliente sul cloud, invece che sulla macchina locale, in modo che non andranno perdute, e i clienti potranno anche accedere ai loro punti dalla app mobile. Possono anche essere sfruttate le informazioni di contatto per inviare offerte speciali e coupon.<\/p>\n<p>*<span id=\"result_box\" class=\"\" lang=\"it\"><span class=\"hps\">Configurazione<\/span> C<span class=\"hps\">ompleta<\/span><\/span>, Istruzione e <span id=\"result_box\" class=\"short_text\" lang=\"it\"><span class=\"hps\">Supporto Tecnico<\/span> <span class=\"hps\">Disponibile<\/span><\/span><br \/>\n*<a href=\"https:\/\/sintelsoftware.com\/request-live-demo\" target=\"_blank\">Richiesta Dimostrazione Dal Vivo<\/a><br \/>\n*L<span id=\"result_box\" class=\"short_text\" lang=\"it\"><span class=\"hps\">ingue Disponibili<\/span><\/span>: Arabo &#8211; Cinese &#8211; Italiano &#8211; Tedesco &#8211; Giapponese &#8211; Coreano &#8211; Inglese &#8211; Francese &#8211; Portoghese &#8211; Russo &#8211; Spagnolo<\/p>\n<\/div>\n<\/td>\n<\/tr>\n<\/tbody>\n<\/table>\n<p><\/p>","protected":false},"excerpt":{"rendered":"<p>POS Software Commercio al Dettaglio Sintel Systems Retail fornisce un software professionale e potente per la tua azienda. Tra le varie funzionalit\u00e0, il software offre una funzione di Alta Qualit\u00e0, gestione del cliente in tempo reale e controllo semplificato dell\u2019inventario e gestire la tua attivit\u00e0 diventer\u00e0 un gioco da ragazzi. Non solo il software \u00e8 [&hellip;]<\/p>\n","protected":false},"author":1,"featured_media":0,"parent":0,"menu_order":0,"comment_status":"closed","ping_status":"open","template":"","meta":{"footnotes":""},"class_list":["post-117","page","type-page","status-publish","czr-hentry"],"_links":{"self":[{"href":"https:\/\/sintelsoftware.com\/it\/wp-json\/wp\/v2\/pages\/117","targetHints":{"allow":["GET"]}}],"collection":[{"href":"https:\/\/sintelsoftware.com\/it\/wp-json\/wp\/v2\/pages"}],"about":[{"href":"https:\/\/sintelsoftware.com\/it\/wp-json\/wp\/v2\/types\/page"}],"author":[{"embeddable":true,"href":"https:\/\/sintelsoftware.com\/it\/wp-json\/wp\/v2\/users\/1"}],"replies":[{"embeddable":true,"href":"https:\/\/sintelsoftware.com\/it\/wp-json\/wp\/v2\/comments?post=117"}],"version-history":[{"count":41,"href":"https:\/\/sintelsoftware.com\/it\/wp-json\/wp\/v2\/pages\/117\/revisions"}],"predecessor-version":[{"id":1186,"href":"https:\/\/sintelsoftware.com\/it\/wp-json\/wp\/v2\/pages\/117\/revisions\/1186"}],"wp:attachment":[{"href":"https:\/\/sintelsoftware.com\/it\/wp-json\/wp\/v2\/media?parent=117"}],"curies":[{"name":"wp","href":"https:\/\/api.w.org\/{rel}","templated":true}]}}