{"id":8,"date":"2015-05-14T20:50:14","date_gmt":"2015-05-14T20:50:14","guid":{"rendered":"http:\/\/sintelsoftware.com\/?page_id=8"},"modified":"2015-08-10T10:30:19","modified_gmt":"2015-08-10T17:30:19","slug":"solutions","status":"publish","type":"page","link":"https:\/\/sintelsoftware.com\/fr\/solutions","title":{"rendered":"Produits"},"content":{"rendered":"<p><\/p>\n<table border=\"1\">\n<tbody>\n<tr>\n<td>\n<div class=\"product-shop\">\n<div class=\"f-fix\">\n<div class=\"product-primary\">\n<h2 class=\"product-name\" style=\"text-align: center;\"><a href=\"https:\/\/sintelsoftware.com\/retail-software-pos\"><img loading=\"lazy\" decoding=\"async\" class=\" alignright\" src=\"https:\/\/www.sintelsystems.com\/media\/catalog\/product\/cache\/1\/small_image\/300x\/17f82f742ffe127f42dca9de82fb58b1\/r\/e\/retail.png\" alt=\"\" width=\"300\" height=\"333\" \/><\/a><a title=\"Retail Software POS\" href=\"https:\/\/sintelsoftware.com\/retail-software-pos\">PDV Logiciel de Vente Au Detail<\/a><\/h2>\n<div class=\"product-shop\" style=\"text-align: center;\">\n<div class=\"desc std\">\n<p style=\"text-align: center;\">Le syst\u00e8me de vente au d\u00e9tail de Sintel apporte un outil professionnel et puissant \u00e0 votre entreprise. Avec une fonctionnalit\u00e9 de haut niveau, une gestion temps r\u00e9el du consommateur, et un contr\u00f4le de stock simplifi\u00e9 comme seulement trois de ses fonctionnalit\u00e9s, manager vos op\u00e9rations devient un jeu d\u2019enfant. A part que ce logiciel soit enti\u00e8rement personnalisable, il est tout aussi convivial. Que vous poss\u00e9dez un emplacement de vente au d\u00e9tail ou une importante cha\u00eene, notre logiciel de vente au d\u00e9tail est d\u00e9di\u00e9 pour replacer votre entreprise \u00e0 un niveau sup\u00e9rieur.<\/p>\n<\/div>\n<\/div>\n<\/div>\n<\/div>\n<\/div>\n<\/td>\n<td><a href=\"https:\/\/sintelsoftware.com\/restaurant-software-pos\"><img loading=\"lazy\" decoding=\"async\" class=\"alignright\" src=\"https:\/\/www.sintelsystems.com\/media\/catalog\/product\/cache\/1\/small_image\/300x\/17f82f742ffe127f42dca9de82fb58b1\/r\/e\/restaurant_box.jpg\" alt=\"\" width=\"300\" height=\"333\" \/><\/a><\/p>\n<div class=\"product-shop\">\n<div class=\"f-fix\">\n<div class=\"product-primary\">\n<h2 class=\"product-name\" style=\"text-align: center;\"><a title=\"Restaurant Software POS\" href=\"https:\/\/sintelsoftware.com\/restaurant-software-pos\">PDV Logiciel de Restaurant<\/a><\/h2>\n<\/div>\n<p style=\"text-align: center;\">Garder un contact fluide et r\u00e9pondre aux demandes de la client\u00e8le est essentiel pour r\u00e9ussir. Avec l\u2019outil Restaurant du syst\u00e8me Sintel, les transactions sont effectu\u00e9es rapidement avec pr\u00e9cision. Nos options de menu enti\u00e8rement personnalisables et class\u00e9s rendent le logiciel adaptable et efficace. Ajoutez des articles modifiables, fonctionnalit\u00e9s quotidiennes, et programme des diners sans aucun probl\u00e8me. L\u2019utilisation du logiciel de Restaurant Sintel am\u00e9liorera le service de la client\u00e8le et vous aidera \u00e0 g\u00e9rer votre restaurant facilement comme jamais.<\/p>\n<\/div>\n<\/div>\n<\/td>\n<\/tr>\n<tr>\n<td><a title=\"Chinese Food Software POS\" href=\"https:\/\/sintelsoftware.com\/chinese-food-software-pos\"><img loading=\"lazy\" decoding=\"async\" class=\" alignright\" src=\"https:\/\/www.sintelsystems.com\/media\/catalog\/product\/cache\/1\/small_image\/300x\/17f82f742ffe127f42dca9de82fb58b1\/c\/h\/chinese_food.png\" alt=\"\" width=\"300\" height=\"333\" \/><\/a><\/p>\n<div class=\"product-shop\">\n<div class=\"f-fix\">\n<div class=\"product-primary\">\n<h2 class=\"product-name\" style=\"text-align: center;\"><a title=\"Chinese Food Software POS\" href=\"https:\/\/sintelsoftware.com\/chinese-food-software-pos\">PDV Logiciel de Cuisine Chinoise<\/a><\/h2>\n<\/div>\n<div class=\"product-secondary\" style=\"text-align: center;\">\n<div class=\"product-secondary\" style=\"text-align: center;\"><span id=\"product-price-1017\" class=\"regular-price\"> <\/span>Le Syst\u00e8me de point de vente pour le plat Chinois et la cuisine Asiatique a besoin de g\u00e9rer votre inventaire entier, avec n\u2019importe quels petits plats, soupes, assiettes, et en plus des modificateurs pour chaque commande. Si l\u2019ajout de poulet, steak, ou du tofu, ou en sp\u00e9cifiant entre les diff\u00e9rents niveaux d\u2019\u00e9picier, vous voulez \u00eatre en mesure de g\u00e9rer facilement chaque commande afin de laisser vos clients satisfaits. En plus de cela, ne serait-il pas g\u00e9nial d\u2019\u00eatre en mesure d\u2019envoyer votre chef des recettes de cuisine chinoise aussi bien? Avec un point de vente du syst\u00e8me de Sintel, nous pouvons vous assurer que tous ces besoins et plus encore seront atteints.<\/div>\n<\/div>\n<\/div>\n<\/div>\n<\/td>\n<td><a href=\"https:\/\/sintelsoftware.com\/pizza-software-pos\"><img loading=\"lazy\" decoding=\"async\" class=\" alignright\" src=\"https:\/\/www.sintelsystems.com\/media\/catalog\/product\/cache\/1\/small_image\/300x\/17f82f742ffe127f42dca9de82fb58b1\/p\/i\/pizza.jpg\" alt=\"\" width=\"300\" height=\"333\" \/><\/a><\/p>\n<div class=\"product-shop\">\n<div class=\"desc std\">\n<div class=\"product-primary\">\n<h2 class=\"product-name\" style=\"text-align: center;\"><a title=\"Pizza Software POS\" href=\"https:\/\/sintelsoftware.com\/pizza-software-pos\">PDV Logiciel de Pizzeria<\/a><\/h2>\n<\/div>\n<p style=\"text-align: center;\">Que vous vendez votre pizza par la tranche, livraison, ou aviez un restaurant avec service complet, le syst\u00e8me de point de vente de Pizza du syst\u00e8me Sintel donnera des sp\u00e9cificit\u00e9s dont a besoin votre entreprise. Le logiciel comprend un menu simplifi\u00e9 de gestion, des options de livraison personnalis\u00e9es. Un consommateur choisit sa cro\u00fbte, sauce, fromage, et naturellement toutes les garnitures. Le syst\u00e8me de Point de vente de Pizza dans votre restaurant devrait \u00eatre configur\u00e9 pour permettre un rapide et efficace remplissage de toutes ces informations d\u2019une mani\u00e8re sp\u00e9cifique pour que votre entreprise fonctionne mieux. Avec le syst\u00e8me Sintel, notre logiciel comprend tous les d\u00e9tails n\u00e9cessaires, tout en \u00e9tant convivial.<\/p>\n<\/div>\n<\/div>\n<\/td>\n<\/tr>\n<tr>\n<td><a href=\"https:\/\/sintelsoftware.com\/frozen-yogurt-software-pos\"><img loading=\"lazy\" decoding=\"async\" class=\" alignright\" src=\"https:\/\/www.sintelsystems.com\/media\/catalog\/product\/cache\/1\/small_image\/300x\/17f82f742ffe127f42dca9de82fb58b1\/f\/r\/frozen_yogurt.png\" alt=\"\" width=\"300\" height=\"333\" \/><\/a><\/p>\n<div class=\"product-primary\">\n<h2 class=\"product-name\" style=\"text-align: center;\"><a title=\"Frozen Yogurt Software POS\" href=\"https:\/\/sintelsoftware.com\/frozen-yogurt-software-pos\">PDV Logiciel de Yaourt Glace<\/a><\/h2>\n<\/div>\n<div class=\"desc std\">\n<div class=\"short-description\" style=\"text-align: center;\">\n<div class=\"std\">\n<p>Comme un propri\u00e9taire de magasin de yaourt glac\u00e9, c\u2019est important de garder pas seulement la vari\u00e9t\u00e9 mais aussi une demande et une comp\u00e9tition constantes. Comprenant un bar\u00e8me de poids pond\u00e9r\u00e9, fonction de tare, et un programme de carte de fid\u00e9lit\u00e9 int\u00e9gr\u00e9, le Point de vente de yaourt glac\u00e9 du syst\u00e8me Sintel fourni un logiciel facile d\u2019utilisation avec une puissante capacit\u00e9 de gestion de votre entreprise. Notre logiciel\u00a0\u00a0 permet \u00e0 vos employ\u00e9s de proc\u00e9der aux commandes en quelques secondes avec un processus de carte de cr\u00e9dit int\u00e9gr\u00e9 et une fonction de maintient de commande aussi bien.<\/p>\n<\/div>\n<\/div>\n<\/div>\n<\/td>\n<td><a href=\"https:\/\/sintelsoftware.com\/bakery-software-pos\"><img loading=\"lazy\" decoding=\"async\" class=\" alignright\" src=\"https:\/\/www.sintelsystems.com\/media\/catalog\/product\/cache\/1\/small_image\/300x\/17f82f742ffe127f42dca9de82fb58b1\/b\/a\/bakery.jpg\" alt=\"\" width=\"300\" height=\"333\" \/><\/a><\/p>\n<div class=\"product-shop\">\n<div class=\"desc std\">\n<div class=\"product-primary\">\n<h2 class=\"product-name\" style=\"text-align: center;\"><a title=\"Bakery Software POS\" href=\"https:\/\/sintelsoftware.com\/bakery-software-pos\">PDV Logiciel de Boulangerie<\/a><\/h2>\n<\/div>\n<p style=\"text-align: center;\">G\u00e9rer votre boulangerie n\u2019a jamais \u00e9t\u00e9 aussi simple avec le logiciel du syst\u00e8me Sintel de gestion de boulangerie. Ayant des fonctionnalit\u00e9s enti\u00e8rement personnalisables, n\u2019importe quelle large commande peut \u00eatre compl\u00e9t\u00e9e directement via le syst\u00e8me. Garde la trace de commandes personnalis\u00e9es de g\u00e2teaux et permet aux clients de faire des d\u00e9p\u00f4ts pendant qu\u2019ils passent la commande. Utilise un bar\u00e8me int\u00e9gr\u00e9 pour tout et tous les produits pond\u00e9r\u00e9s. Nous assurons que notre convivial et logiciel professionnel sera exactement ce dont a besoin votre boulangerie.<\/p>\n<\/div>\n<\/div>\n<\/td>\n<\/tr>\n<tr>\n<td><a href=\"https:\/\/sintelsoftware.com\/salon-software-pos\"><img loading=\"lazy\" decoding=\"async\" class=\" alignright\" src=\"https:\/\/www.sintelsystems.com\/media\/catalog\/product\/cache\/1\/small_image\/300x\/17f82f742ffe127f42dca9de82fb58b1\/s\/a\/salon.png\" alt=\"\" width=\"300\" height=\"333\" \/><\/a><\/p>\n<div class=\"product-shop\">\n<div class=\"desc std\">\n<div class=\"product-primary\">\n<h2 class=\"product-name\" style=\"text-align: center;\"><a title=\"Salon Software POS\" href=\"https:\/\/sintelsoftware.com\/salon-software-pos\">PDV Logiciel de Salon Et Spa<\/a><\/h2>\n<\/div>\n<p style=\"text-align: center;\">Alors que les salons et spas continuent de r\u00e9pondre aux besoins de leurs clients, l\u2019industrie de point de vente accro\u00eet le d\u00e9veloppement pour r\u00e9pondre aux besoins des salons. Le logiciel de point de vente Salon et Spa du syst\u00e8me Sintel apporte un carnet de rendez-vous facile \u00e0 utiliser avec une convenance du service client et ach\u00e8te l\u2019historique afin que vous et vos consommateurs soyez satisfaits. En plus, vous pouvez g\u00e9rer facilement tout l\u2019inventaire de votre salon et les traces de ventes. Continuez \u00e0 choyer vos clients sans avoir \u00e0 vous d\u00e9ranger \u00e0 propos de votre syst\u00e8me de Point de vente. Laissez le Syst\u00e8me Sintel s\u2019occuper du reste.<\/p>\n<\/div>\n<\/div>\n<\/td>\n<td><a href=\"https:\/\/sintelsoftware.com\/produce-grocery-software-pos\"><img loading=\"lazy\" decoding=\"async\" class=\" alignright\" src=\"https:\/\/www.sintelsystems.com\/media\/catalog\/product\/cache\/1\/small_image\/300x\/17f82f742ffe127f42dca9de82fb58b1\/p\/r\/produce_and_grocery.png\" alt=\"\" width=\"300\" height=\"333\" \/><\/a><\/p>\n<div class=\"product-primary\">\n<h2 class=\"product-name\" style=\"text-align: center;\"><a title=\"Produce &#038; Grocery Software POS\" href=\"https:\/\/sintelsoftware.com\/produce-grocery-software-pos\">PDV Logiciel de Produire\/Epicerie<\/a><\/h2>\n<\/div>\n<div class=\"desc std\">\n<p style=\"text-align: center;\">Avec le logiciel Produire et Epicerie des syst\u00e8mes Sintel, votre entreprise fonctionne en douceur et efficacement. L\u2019\u00e9chelle de poids int\u00e9gr\u00e9 permet facilement de peser des postes de produits pour un paiement rapide. Pour rendre chaque transaction encore plus rapide, le logiciel comprend aussi bien le traitement de carte de cr\u00e9dit int\u00e9gr\u00e9. Gardez vos clients heureux pour un remboursement d\u2019un article et op\u00e9rations d\u2019\u00e9change. Si votre march\u00e9 de l\u2019\u00e9picerie ou produits souhaite am\u00e9liorer la qualit\u00e9 du logiciel de point de vente, tout en augmentant l\u2019efficacit\u00e9 pour r\u00e9pondre aux demandes des clients, le syst\u00e8me de Sintel est l\u00e0 pour vous aider.<\/p>\n<\/div>\n<\/td>\n<\/tr>\n<tr>\n<td><a href=\"https:\/\/sintelsoftware.com\/back-office-software-pos\"><img loading=\"lazy\" decoding=\"async\" class=\" alignright\" src=\"https:\/\/www.sintelsystems.com\/media\/catalog\/product\/cache\/1\/small_image\/300x\/17f82f742ffe127f42dca9de82fb58b1\/b\/a\/back_office_software.png\" alt=\"\" width=\"300\" height=\"333\" \/><\/a><\/p>\n<div class=\"product-shop\">\n<div class=\"desc std\">\n<div class=\"product-primary\">\n<h2 class=\"product-name\" style=\"text-align: center;\"><a title=\"Back Office Software POS\" href=\"https:\/\/sintelsoftware.com\/back-office-software-pos\">PDV Logiciel de Dossier Bureau<\/a><\/h2>\n<\/div>\n<p style=\"text-align: center;\">L\u2019acc\u00e8s aux op\u00e9rations de gestion est essentiel pour votre entreprise, cependant\u00a0 interrompre les transactions des consommateurs pour avoir des informations n\u00e9cessaires peut \u00eatre nuisible. Le Logiciel\u00a0\u00a0 Dossier Bureau du syst\u00e8me Sintel vous autorise \u00e0 voir les feuilles de pr\u00e9sence des employ\u00e9s, g\u00e9rer l\u2019inventaire, et analyser les rapports des ventes \u00e0 partir de n\u2019importe quel emplacement. Le logiciel\u00a0 permet \u00e9galement une gestion multi-magasins. N\u2019avez-vous pas un bureau ? Ce n\u2019est pas un probl\u00e8me. Le logiciel de dossier bureau du syst\u00e8me Sintel peut-\u00eatre install\u00e9 directement sur votre ordinateur portable. Aussi longtemps que vous \u00eates une partie d\u2019un r\u00e9seau de magasins, vous pouvez acc\u00e9der \u00e0 leur base de donn\u00e9es. La licence du logiciel Dossier Bureau : License compl\u00e8te avec un acc\u00e8s local \u00e0 Dossier Bureau et les fonctions du Terminal.<\/p>\n<\/div>\n<\/div>\n<\/td>\n<td><a href=\"https:\/\/sintelsoftware.com\/coffee-shop-software-pos\"><img loading=\"lazy\" decoding=\"async\" class=\" alignright\" src=\"https:\/\/www.sintelsystems.com\/media\/catalog\/product\/cache\/1\/small_image\/300x\/17f82f742ffe127f42dca9de82fb58b1\/c\/o\/coffee_shop_box.png\" alt=\"\" width=\"300\" height=\"333\" \/><\/a><\/p>\n<div class=\"product-shop\">\n<div class=\"desc std\" style=\"text-align: right;\">\n<div class=\"product-primary\">\n<h2 class=\"product-name\" style=\"text-align: center;\"><a title=\"Coffee Shop Software POS\" href=\"https:\/\/sintelsoftware.com\/coffee-shop-software-pos\">PDV Logiciel de Cafe<\/a><\/h2>\n<\/div>\n<p style=\"text-align: center;\">Avec des millions d\u2019Am\u00e9ricains qui commencent leur journ\u00e9e avec un caf\u00e9, laissez le logiciel de point de vente de caf\u00e9 du syst\u00e8me Sintel \u00eatre votre choix. Les extractions n\u2019ont jamais \u00e9t\u00e9 plus rapides avec notre mode de service. Le bar\u00e8me de poids int\u00e9gr\u00e9 permet aux clients d\u2019acheter non seulement leur tasse de caf\u00e9, mais aussi leur m\u00e9lange unique pr\u00e9f\u00e9r\u00e9 de caf\u00e9 moulu. Avec un programme de fid\u00e9lisation de la client\u00e8le, laissez vos clients gagner des points et des prix, tout en leur envoyant des promotions et coupons sur le syst\u00e8me. Le caf\u00e9 n\u2019est plus seulement une entreprise, c\u2019est une culture. Notre technologie de mise \u00e0 jour de Point de vente est la mani\u00e8re la plus efficace de faire fonctionner votre caf\u00e9.<\/p>\n<\/div>\n<\/div>\n<\/td>\n<\/tr>\n<\/tbody>\n<\/table>\n<p><\/p>","protected":false},"excerpt":{"rendered":"<p>PDV Logiciel de Vente Au Detail Le syst\u00e8me de vente au d\u00e9tail de Sintel apporte un outil professionnel et puissant \u00e0 votre entreprise. Avec une fonctionnalit\u00e9 de haut niveau, une gestion temps r\u00e9el du consommateur, et un contr\u00f4le de stock simplifi\u00e9 comme seulement trois de ses fonctionnalit\u00e9s, manager vos op\u00e9rations devient un jeu d\u2019enfant. A [&hellip;]<\/p>\n","protected":false},"author":1,"featured_media":204,"parent":0,"menu_order":0,"comment_status":"closed","ping_status":"open","template":"","meta":{"footnotes":""},"class_list":["post-8","page","type-page","status-publish","has-post-thumbnail","czr-hentry"],"_links":{"self":[{"href":"https:\/\/sintelsoftware.com\/fr\/wp-json\/wp\/v2\/pages\/8","targetHints":{"allow":["GET"]}}],"collection":[{"href":"https:\/\/sintelsoftware.com\/fr\/wp-json\/wp\/v2\/pages"}],"about":[{"href":"https:\/\/sintelsoftware.com\/fr\/wp-json\/wp\/v2\/types\/page"}],"author":[{"embeddable":true,"href":"https:\/\/sintelsoftware.com\/fr\/wp-json\/wp\/v2\/users\/1"}],"replies":[{"embeddable":true,"href":"https:\/\/sintelsoftware.com\/fr\/wp-json\/wp\/v2\/comments?post=8"}],"version-history":[{"count":112,"href":"https:\/\/sintelsoftware.com\/fr\/wp-json\/wp\/v2\/pages\/8\/revisions"}],"predecessor-version":[{"id":394,"href":"https:\/\/sintelsoftware.com\/fr\/wp-json\/wp\/v2\/pages\/8\/revisions\/394"}],"wp:featuredmedia":[{"embeddable":true,"href":"https:\/\/sintelsoftware.com\/fr\/wp-json\/wp\/v2\/media\/204"}],"wp:attachment":[{"href":"https:\/\/sintelsoftware.com\/fr\/wp-json\/wp\/v2\/media?parent=8"}],"curies":[{"name":"wp","href":"https:\/\/api.w.org\/{rel}","templated":true}]}}