{"id":164,"date":"2015-05-22T16:42:18","date_gmt":"2015-05-22T16:42:18","guid":{"rendered":"http:\/\/sintelsoftware.com\/?page_id=164"},"modified":"2016-03-25T18:50:22","modified_gmt":"2016-03-26T01:50:22","slug":"coffee-shop-software-pos","status":"publish","type":"page","link":"https:\/\/sintelsoftware.com\/fr\/coffee-shop-software-pos","title":{"rendered":"PDV Logiciel de Cafe"},"content":{"rendered":"<p><\/p>\n<table border=\"0\">\n<tbody>\n<tr>\n<td><img loading=\"lazy\" decoding=\"async\" title=\"Coffee Shop POS Software\" src=\"https:\/\/sintelsoftware.com\/wp-content\/uploads\/2015\/12\/Fran\u00e7ais-Cuisine-Chinoise-PDV-Point-De-Vente-Logiciel-Sintel-Software-855-POS-SALE-www.SintelSoftware.com_.png\" alt=\"Coffee Shop POS Software\" width=\"583\" height=\"647\" \/><\/p>\n<p>\n\t\t<style type=\"text\/css\">\n\t\t\t#gallery-3 {\n\t\t\t\tmargin: auto;\n\t\t\t}\n\t\t\t#gallery-3 .gallery-item {\n\t\t\t\tfloat: left;\n\t\t\t\tmargin-top: 10px;\n\t\t\t\ttext-align: center;\n\t\t\t\twidth: 33%;\n\t\t\t}\n\t\t\t#gallery-3 img {\n\t\t\t\tborder: 2px solid #cfcfcf;\n\t\t\t}\n\t\t\t#gallery-3 .gallery-caption {\n\t\t\t\tmargin-left: 0;\n\t\t\t}\n\t\t\t\/* see gallery_shortcode() in wp-includes\/media.php *\/\n\t\t<\/style>\n\t\t<div id='gallery-3' class='gallery galleryid-164 gallery-columns-3 gallery-size-thumbnail'><dl class='gallery-item'>\n\t\t\t<dt class='gallery-icon portrait'>\n\t\t\t\t<a class=\"grouped_elements\" rel=\"tc-fancybox-group\" href=\"https:\/\/sintelsoftware.com\/wp-content\/uploads\/2015\/12\/Espanol-Cafeteria-PTV-Punto-de-Venta-Sintel-Systems-855-POS-SALE-www.SintelSoftware.com_.png\" title=\"Espanol-Cafeteria-PTV-Punto-de-Venta-Sintel-Systems-855-POS-SALE-www.SintelSoftware.com\"><img loading=\"lazy\" decoding=\"async\" width=\"150\" height=\"150\" src=\"https:\/\/sintelsoftware.com\/wp-content\/uploads\/2015\/12\/Espanol-Cafeteria-PTV-Punto-de-Venta-Sintel-Systems-855-POS-SALE-www.SintelSoftware.com_-150x150.png\" class=\"attachment-thumbnail size-thumbnail\" alt=\"Espanol-Cafeteria-PTV-Punto-de-Venta-Sintel-Systems-855-POS-SALE-www.SintelSoftware.com\" \/><\/a>\n\t\t\t<\/dt><\/dl><dl class='gallery-item'>\n\t\t\t<dt class='gallery-icon portrait'>\n\t\t\t\t<a class=\"grouped_elements\" rel=\"tc-fancybox-group\" href=\"https:\/\/sintelsoftware.com\/wp-content\/uploads\/2015\/12\/Deutsch-Caf\u00e9-POS-Kassensysteme-Kassensoftware-Sintel-Software-855-POS-SALE-www.SintelSoftware.com_.png\" title=\"Deutsch-Caf\u00e9-POS-Kassensysteme-Kassensoftware-Sintel-Software-855-POS-SALE-www.SintelSoftware.com\"><img loading=\"lazy\" decoding=\"async\" width=\"150\" height=\"150\" src=\"https:\/\/sintelsoftware.com\/wp-content\/uploads\/2015\/12\/Deutsch-Caf\u00e9-POS-Kassensysteme-Kassensoftware-Sintel-Software-855-POS-SALE-www.SintelSoftware.com_-150x150.png\" class=\"attachment-thumbnail size-thumbnail\" alt=\"Deutsch-Caf\u00e9-POS-Kassensysteme-Kassensoftware-Sintel-Software-855-POS-SALE-www.SintelSoftware.com\" \/><\/a>\n\t\t\t<\/dt><\/dl><dl class='gallery-item'>\n\t\t\t<dt class='gallery-icon portrait'>\n\t\t\t\t<a class=\"grouped_elements\" rel=\"tc-fancybox-group\" href=\"https:\/\/sintelsoftware.com\/wp-content\/uploads\/2015\/12\/Portugu\u00eas-Cafeteria-PDV-Pontos-de-Venda-Sintel-Software-855-POS-SALE-www.SintelSoftware.com_.png\" title=\"Portugu\u00eas-Cafeteria-PDV-Pontos-de-Venda-Sintel-Software-855-POS-SALE-www.SintelSoftware.com\"><img loading=\"lazy\" decoding=\"async\" width=\"150\" height=\"150\" src=\"https:\/\/sintelsoftware.com\/wp-content\/uploads\/2015\/12\/Portugu\u00eas-Cafeteria-PDV-Pontos-de-Venda-Sintel-Software-855-POS-SALE-www.SintelSoftware.com_-150x150.png\" class=\"attachment-thumbnail size-thumbnail\" alt=\"Portugu\u00eas-Cafeteria-PDV-Pontos-de-Venda-Sintel-Software-855-POS-SALE-www.SintelSoftware.com\" \/><\/a>\n\t\t\t<\/dt><\/dl><br style=\"clear: both\" \/><dl class='gallery-item'>\n\t\t\t<dt class='gallery-icon portrait'>\n\t\t\t\t<a class=\"grouped_elements\" rel=\"tc-fancybox-group\" href=\"https:\/\/sintelsoftware.com\/wp-content\/uploads\/2015\/12\/Italiano-Caff\u00e8-POS-Punto-Vendito-Sintel-Software-855-POS-SALE-www.SintelSoftware.com_.png\" title=\"Italiano-Caff\u00e8-POS-Punto-Vendito-Sintel-Software-855-POS-SALE-www.SintelSoftware.com\"><img loading=\"lazy\" decoding=\"async\" width=\"150\" height=\"150\" src=\"https:\/\/sintelsoftware.com\/wp-content\/uploads\/2015\/12\/Italiano-Caff\u00e8-POS-Punto-Vendito-Sintel-Software-855-POS-SALE-www.SintelSoftware.com_-150x150.png\" class=\"attachment-thumbnail size-thumbnail\" alt=\"Italiano-Caff\u00e8-POS-Punto-Vendito-Sintel-Software-855-POS-SALE-www.SintelSoftware.com\" \/><\/a>\n\t\t\t<\/dt><\/dl>\n\t\t\t<br style='clear: both' \/>\n\t\t<\/div>\n<\/td>\n<td>\n<h2 class=\"product-name\"><span style=\"color: #57cf93;\"><strong><span class=\"h1\">PDV Logiciel de Cafe<\/span><\/strong><\/span><\/h2>\n<div>\n<p>Avec des millions d\u2019Am\u00e9ricains qui commencent leur journ\u00e9e avec un caf\u00e9, laissez le logiciel de point de vente de caf\u00e9 du syst\u00e8me Sintel \u00eatre votre choix. Les extractions n\u2019ont jamais \u00e9t\u00e9 plus rapides avec notre mode de service. Le bar\u00e8me de poids int\u00e9gr\u00e9 permet aux clients d\u2019acheter non seulement leur tasse de caf\u00e9, mais aussi leur m\u00e9lange unique pr\u00e9f\u00e9r\u00e9 de caf\u00e9 moulu. Avec un programme de fid\u00e9lisation de la client\u00e8le, laissez vos clients gagner des points et des prix, tout en leur envoyant des promotions et coupons sur le syst\u00e8me. Le caf\u00e9 n\u2019est plus seulement une entreprise, c\u2019est une culture. Notre technologie de mise \u00e0 jour de Point de vente est la mani\u00e8re la plus efficace de faire fonctionner votre caf\u00e9.<\/p>\n<p><strong>SintelSystems\u00a0Logiciel <\/strong>fournit ASP (Application Service Provider) en vous offrant, en vous donnant le contr\u00f4le total de votre entreprise o\u00f9 que vous soyez. Cette option permet l\u2019am\u00e9lioration des fonctionnalit\u00e9s, y compris Google Map int\u00e9gration et commande en ligne. Soitque le marchand est un petit diner dans une communaut\u00e9 rurale ou d\u2019un emplacement de franchise c\u00e9l\u00e8bre dans une grande ville. SintelSystems est la solution universelle pour toutes les entreprises.<\/p>\n<p><strong><u><span id=\"result_box\" class=\"short_text\" lang=\"fr\"><span class=\"hps\">Syst\u00e8me de points<\/span> <span class=\"hps\">de Fid\u00e9lisation<\/span><\/span>:<\/u><\/strong><br \/>\nR\u00e9compensez vos clients fid\u00e8les et montrer votre appr\u00e9ciation pour leurs entreprises. Ce syst\u00e8me de points internes encourage les clients \u00e0 revenir de temps en temps. Les clients peuvent \u00e9changer des pointspour les futurs achats bas\u00e9s sur les d\u00e9tails de votre programme. Le syst\u00e8me de fid\u00e9lisation enregistre les informations des clients sur le cloud, \u00e0 la place de votre machine locale, de sorte qu\u2019il ne sera pas perdu, et les clients peuvent m\u00eame acc\u00e9der \u00e0 leurs points sur l\u2019application mobile. Les informations de contact peuvent \u00e9galement \u00eatre utilis\u00e9es pour envoyer des promos et des coupons.<\/p>\n<p><strong><span id=\"result_box\" class=\"short_text\" lang=\"fr\"><span class=\"hps\">Certification du syst\u00e8me de PDV<\/span><\/span>:<\/strong> Ce PDV Logiciel de Cafe est certifi\u00e9 \u00e0 l\u2019\u00e9chelle national par The National Conference on Weights and Measures (NCWM).<br \/>\n<em><u><a href=\"https:\/\/sintelsoftware.com\/wp-content\/uploads\/2015\/12\/Coffee-Shop-Certificate-of-Conformance.pdf\" target=\"_blank\">Cliquez sur l\u2019Image pour afficher le certificat de conformit\u00e9<\/a><\/u><\/em><\/p>\n<p><a href=\"https:\/\/sintelsoftware.com\/wp-content\/uploads\/2015\/12\/Coffee-Shop-Certificate-of-Conformance.pdf\" target=\"_blank\"><img loading=\"lazy\" decoding=\"async\" title=\"Scale Certified\" src=\"http:\/\/www.sintelsystems.com\/images\/Certificate-Icon01.png\" alt=\"Scale Certified\" width=\"150\" height=\"164\" \/><\/a><\/p>\n<p>*<span id=\"result_box\" class=\"\" lang=\"fr\"><span class=\"hps\">Configuration<\/span> <span class=\"hps\">complet<\/span>, <span class=\"hps\">Support Formation et<\/span> <span class=\"hps\">technique<\/span> <span class=\"hps\">disponible<\/span><\/span><br \/>\n*<a href=\"https:\/\/sintelsoftware.com\/request-live-demo\" target=\"_blank\">Demandez une d\u00e9monstration en direct<\/a><br \/>\n*L<span id=\"result_box\" class=\"short_text\" lang=\"fr\"><span class=\"hps\">angues Disponibles<\/span><\/span>: Arabe \u2013 Chinois \u2013 Italien \u2013 Allemand \u2013 Japonais &#8211; Cor\u00e9en &#8211; Anglais &#8211; Fran\u00e7ais &#8211; Portugais &#8211; Russe &#8211; Espagnol<\/p>\n<\/div>\n<\/td>\n<\/tr>\n<\/tbody>\n<\/table>\n<p><\/p>","protected":false},"excerpt":{"rendered":"<p>PDV Logiciel de Cafe Avec des millions d\u2019Am\u00e9ricains qui commencent leur journ\u00e9e avec un caf\u00e9, laissez le logiciel de point de vente de caf\u00e9 du syst\u00e8me Sintel \u00eatre votre choix. Les extractions n\u2019ont jamais \u00e9t\u00e9 plus rapides avec notre mode de service. Le bar\u00e8me de poids int\u00e9gr\u00e9 permet aux clients d\u2019acheter non seulement leur tasse [&hellip;]<\/p>\n","protected":false},"author":1,"featured_media":0,"parent":0,"menu_order":0,"comment_status":"closed","ping_status":"open","template":"","meta":{"footnotes":""},"class_list":["post-164","page","type-page","status-publish","czr-hentry"],"_links":{"self":[{"href":"https:\/\/sintelsoftware.com\/fr\/wp-json\/wp\/v2\/pages\/164","targetHints":{"allow":["GET"]}}],"collection":[{"href":"https:\/\/sintelsoftware.com\/fr\/wp-json\/wp\/v2\/pages"}],"about":[{"href":"https:\/\/sintelsoftware.com\/fr\/wp-json\/wp\/v2\/types\/page"}],"author":[{"embeddable":true,"href":"https:\/\/sintelsoftware.com\/fr\/wp-json\/wp\/v2\/users\/1"}],"replies":[{"embeddable":true,"href":"https:\/\/sintelsoftware.com\/fr\/wp-json\/wp\/v2\/comments?post=164"}],"version-history":[{"count":33,"href":"https:\/\/sintelsoftware.com\/fr\/wp-json\/wp\/v2\/pages\/164\/revisions"}],"predecessor-version":[{"id":1181,"href":"https:\/\/sintelsoftware.com\/fr\/wp-json\/wp\/v2\/pages\/164\/revisions\/1181"}],"wp:attachment":[{"href":"https:\/\/sintelsoftware.com\/fr\/wp-json\/wp\/v2\/media?parent=164"}],"curies":[{"name":"wp","href":"https:\/\/api.w.org\/{rel}","templated":true}]}}