{"id":139,"date":"2015-05-21T23:37:36","date_gmt":"2015-05-21T23:37:36","guid":{"rendered":"http:\/\/sintelsoftware.com\/?page_id=139"},"modified":"2016-03-25T15:13:53","modified_gmt":"2016-03-25T22:13:53","slug":"chinese-food-software-pos","status":"publish","type":"page","link":"https:\/\/sintelsoftware.com\/fr\/chinese-food-software-pos","title":{"rendered":"PDV Logiciel de Cuisine Chinoise"},"content":{"rendered":"<p><\/p>\n<table border=\"0\">\n<tbody>\n<tr>\n<td><img loading=\"lazy\" decoding=\"async\" title=\"Chinese Food POS Software\" src=\"https:\/\/sintelsoftware.com\/wp-content\/uploads\/2015\/12\/Fran\u00e7ais-Cuisine-Chinoise-PDV-Point-De-Vente-Logiciel-Software-Sintel-Systems-855-POS-SALE-www.SintelSoftware.com_.png\" alt=\"\" width=\"583\" height=\"647\" \/><\/p>\n<p>\n\t\t<style type=\"text\/css\">\n\t\t\t#gallery-3 {\n\t\t\t\tmargin: auto;\n\t\t\t}\n\t\t\t#gallery-3 .gallery-item {\n\t\t\t\tfloat: left;\n\t\t\t\tmargin-top: 10px;\n\t\t\t\ttext-align: center;\n\t\t\t\twidth: 33%;\n\t\t\t}\n\t\t\t#gallery-3 img {\n\t\t\t\tborder: 2px solid #cfcfcf;\n\t\t\t}\n\t\t\t#gallery-3 .gallery-caption {\n\t\t\t\tmargin-left: 0;\n\t\t\t}\n\t\t\t\/* see gallery_shortcode() in wp-includes\/media.php *\/\n\t\t<\/style>\n\t\t<div id='gallery-3' class='gallery galleryid-139 gallery-columns-3 gallery-size-thumbnail'><dl class='gallery-item'>\n\t\t\t<dt class='gallery-icon portrait'>\n\t\t\t\t<a class=\"grouped_elements\" rel=\"tc-fancybox-group\" href=\"https:\/\/sintelsoftware.com\/wp-content\/uploads\/2015\/12\/Espanol-Comida-China-PTV-Punto-de-Venta-Software-Sintel-Systems-855-POS-SALE-www.SintelSoftware.com_.png\" title=\"Espanol-Comida-China-PTV-Punto-de-Venta-Software-Sintel-Systems-855-POS-SALE-www.SintelSoftware.com\"><img loading=\"lazy\" decoding=\"async\" width=\"150\" height=\"150\" src=\"https:\/\/sintelsoftware.com\/wp-content\/uploads\/2015\/12\/Espanol-Comida-China-PTV-Punto-de-Venta-Software-Sintel-Systems-855-POS-SALE-www.SintelSoftware.com_-150x150.png\" class=\"attachment-thumbnail size-thumbnail\" alt=\"Espanol-Comida-China-PTV-Punto-de-Venta-Software-Sintel-Systems-855-POS-SALE-www.SintelSoftware.com\" \/><\/a>\n\t\t\t<\/dt><\/dl><dl class='gallery-item'>\n\t\t\t<dt class='gallery-icon portrait'>\n\t\t\t\t<a class=\"grouped_elements\" rel=\"tc-fancybox-group\" href=\"https:\/\/sintelsoftware.com\/wp-content\/uploads\/2015\/12\/Deutsch-Chineslsches-Essen-POS-Kassensysteme-Kassensoftware-Sintel-Software-855-POS-SALE-www.SintelSoftware.com_.png\" title=\"Deutsch-Chineslsches-Essen-POS-Kassensysteme-Kassensoftware-Sintel-Software-855-POS-SALE-www.SintelSoftware.com\"><img loading=\"lazy\" decoding=\"async\" width=\"150\" height=\"150\" src=\"https:\/\/sintelsoftware.com\/wp-content\/uploads\/2015\/12\/Deutsch-Chineslsches-Essen-POS-Kassensysteme-Kassensoftware-Sintel-Software-855-POS-SALE-www.SintelSoftware.com_-150x150.png\" class=\"attachment-thumbnail size-thumbnail\" alt=\"Deutsch-Chineslsches-Essen-POS-Kassensysteme-Kassensoftware-Sintel-Software-855-POS-SALE-www.SintelSoftware.com\" \/><\/a>\n\t\t\t<\/dt><\/dl><dl class='gallery-item'>\n\t\t\t<dt class='gallery-icon portrait'>\n\t\t\t\t<a class=\"grouped_elements\" rel=\"tc-fancybox-group\" href=\"https:\/\/sintelsoftware.com\/wp-content\/uploads\/2015\/12\/Portugu\u00eas-Comida-Chinesa-PDV-Pontos-de-Venda-Software-Sintel-Systems-855-POS-SALE-www.SintelSoftware.com_.png\" title=\"Portugu\u00eas-Comida-Chinesa-PDV-Pontos-de-Venda-Software-Sintel-Systems-855-POS-SALE-www.SintelSoftware.com\"><img loading=\"lazy\" decoding=\"async\" width=\"150\" height=\"150\" src=\"https:\/\/sintelsoftware.com\/wp-content\/uploads\/2015\/12\/Portugu\u00eas-Comida-Chinesa-PDV-Pontos-de-Venda-Software-Sintel-Systems-855-POS-SALE-www.SintelSoftware.com_-150x150.png\" class=\"attachment-thumbnail size-thumbnail\" alt=\"Portugu\u00eas-Comida-Chinesa-PDV-Pontos-de-Venda-Software-Sintel-Systems-855-POS-SALE-www.SintelSoftware.com\" \/><\/a>\n\t\t\t<\/dt><\/dl><br style=\"clear: both\" \/><dl class='gallery-item'>\n\t\t\t<dt class='gallery-icon portrait'>\n\t\t\t\t<a class=\"grouped_elements\" rel=\"tc-fancybox-group\" href=\"https:\/\/sintelsoftware.com\/wp-content\/uploads\/2015\/12\/Italiano-Cucina-Cinese-POS-Punto-Vendito-Software-Sintel-Systems-855-POS-SALE-www.SintelSoftware.com_.png\" title=\"Italiano-Cucina-Cinese-POS-Punto-Vendito-Software-Sintel-Systems-855-POS-SALE-www.SintelSoftware.com\"><img loading=\"lazy\" decoding=\"async\" width=\"150\" height=\"150\" src=\"https:\/\/sintelsoftware.com\/wp-content\/uploads\/2015\/12\/Italiano-Cucina-Cinese-POS-Punto-Vendito-Software-Sintel-Systems-855-POS-SALE-www.SintelSoftware.com_-150x150.png\" class=\"attachment-thumbnail size-thumbnail\" alt=\"Italiano-Cucina-Cinese-POS-Punto-Vendito-Software-Sintel-Systems-855-POS-SALE-www.SintelSoftware.com\" \/><\/a>\n\t\t\t<\/dt><\/dl>\n\t\t\t<br style='clear: both' \/>\n\t\t<\/div>\n<\/td>\n<td>\n<h2 class=\"product-name\"><span style=\"color: #57cf93;\"><strong><span class=\"h1\">PDV Logiciel de Cuisine Chinoise<\/span><\/strong><\/span><\/h2>\n<div>\n<p>Le Syst\u00e8me de point de vente pour le plat Chinois et la cuisine Asiatique a besoin de g\u00e9rer votre inventaire entier, avec n\u2019importe quels petits plats, soupes, assiettes, et en plus des modificateurs pour chaque commande. Si l\u2019ajout de poulet, steak, ou du tofu, ou en sp\u00e9cifiant entre les diff\u00e9rents niveaux d\u2019\u00e9picier, vous voulez \u00eatre en mesure de g\u00e9rer facilement chaque commande afin de laisser vos clients satisfaits. En plus de cela, ne serait-il pas g\u00e9nial d\u2019\u00eatre en mesure d\u2019envoyer votre chef des recettes de cuisine chinoise aussi bien? Avec un point de vente du syst\u00e8me de Sintel, nous pouvons vous assurer que tous ces besoins et plus encore seront atteints.<\/p>\n<p><strong>SintelSystems\u00a0Logiciel <\/strong>fournit ASP (Application Service Provider) en vous offrant, en vous donnant le contr\u00f4le total de votre entreprise o\u00f9 que vous soyez. Cette option permet l\u2019am\u00e9lioration des fonctionnalit\u00e9s, y compris Google Map int\u00e9gration et commande en ligne. Soitque le marchand est un petit diner dans une communaut\u00e9 rurale ou d\u2019un emplacement de franchise c\u00e9l\u00e8bre dans une grande ville. SintelSystems est la solution universelle pour toutes les entreprises.<\/p>\n<p><strong><u><span id=\"result_box\" class=\"short_text\" lang=\"fr\"><span class=\"hps\">Syst\u00e8me de points<\/span> <span class=\"hps\">de Fid\u00e9lisation<\/span><\/span>:<\/u><\/strong><br \/>\nR\u00e9compensez vos clients fid\u00e8les et montrer votre appr\u00e9ciation pour leurs entreprises. Ce syst\u00e8me de points internes encourage les clients \u00e0 revenir de temps en temps. Les clients peuvent \u00e9changer des pointspour les futurs achats bas\u00e9s sur les d\u00e9tails de votre programme. Le syst\u00e8me de fid\u00e9lisation enregistre les informations des clients sur le cloud, \u00e0 la place de votre machine locale, de sorte qu\u2019il ne sera pas perdu, et les clients peuvent m\u00eame acc\u00e9der \u00e0 leurs points sur l\u2019application mobile. Les informations de contact peuvent \u00e9galement \u00eatre utilis\u00e9es pour envoyer des promos et des coupons.<\/p>\n<p>*<span id=\"result_box\" class=\"\" lang=\"fr\"><span class=\"hps\">Configuration<\/span> <span class=\"hps\">complet<\/span>, <span class=\"hps\">Support Formation et<\/span> <span class=\"hps\">technique<\/span> <span class=\"hps\">disponible<\/span><\/span><br \/>\n*<a href=\"https:\/\/sintelsoftware.com\/request-live-demo\" target=\"_blank\">Demandez une d\u00e9monstration en direct<\/a><br \/>\n*L<span id=\"result_box\" class=\"short_text\" lang=\"fr\"><span class=\"hps\">angues Disponibles<\/span><\/span>: Arabe \u2013 Chinois \u2013 Italien \u2013 Allemand \u2013 Japonais &#8211; Cor\u00e9en &#8211; Anglais &#8211; Fran\u00e7ais &#8211; Portugais &#8211; Russe &#8211; Espagnol<\/p>\n<\/div>\n<\/td>\n<\/tr>\n<\/tbody>\n<\/table>\n<p><\/p>","protected":false},"excerpt":{"rendered":"<p>PDV Logiciel de Cuisine Chinoise Le Syst\u00e8me de point de vente pour le plat Chinois et la cuisine Asiatique a besoin de g\u00e9rer votre inventaire entier, avec n\u2019importe quels petits plats, soupes, assiettes, et en plus des modificateurs pour chaque commande. Si l\u2019ajout de poulet, steak, ou du tofu, ou en sp\u00e9cifiant entre les diff\u00e9rents [&hellip;]<\/p>\n","protected":false},"author":1,"featured_media":0,"parent":0,"menu_order":0,"comment_status":"closed","ping_status":"open","template":"","meta":{"footnotes":""},"class_list":["post-139","page","type-page","status-publish","czr-hentry"],"_links":{"self":[{"href":"https:\/\/sintelsoftware.com\/fr\/wp-json\/wp\/v2\/pages\/139","targetHints":{"allow":["GET"]}}],"collection":[{"href":"https:\/\/sintelsoftware.com\/fr\/wp-json\/wp\/v2\/pages"}],"about":[{"href":"https:\/\/sintelsoftware.com\/fr\/wp-json\/wp\/v2\/types\/page"}],"author":[{"embeddable":true,"href":"https:\/\/sintelsoftware.com\/fr\/wp-json\/wp\/v2\/users\/1"}],"replies":[{"embeddable":true,"href":"https:\/\/sintelsoftware.com\/fr\/wp-json\/wp\/v2\/comments?post=139"}],"version-history":[{"count":40,"href":"https:\/\/sintelsoftware.com\/fr\/wp-json\/wp\/v2\/pages\/139\/revisions"}],"predecessor-version":[{"id":1071,"href":"https:\/\/sintelsoftware.com\/fr\/wp-json\/wp\/v2\/pages\/139\/revisions\/1071"}],"wp:attachment":[{"href":"https:\/\/sintelsoftware.com\/fr\/wp-json\/wp\/v2\/media?parent=139"}],"curies":[{"name":"wp","href":"https:\/\/api.w.org\/{rel}","templated":true}]}}