{"id":134,"date":"2015-05-21T23:29:08","date_gmt":"2015-05-21T23:29:08","guid":{"rendered":"http:\/\/sintelsoftware.com\/?page_id=134"},"modified":"2016-03-25T16:44:10","modified_gmt":"2016-03-25T23:44:10","slug":"restaurant-software-pos","status":"publish","type":"page","link":"https:\/\/sintelsoftware.com\/fr\/restaurant-software-pos","title":{"rendered":"PDV Logiciel de Restaurant"},"content":{"rendered":"<p><\/p>\n<table border=\"0\">\n<tbody>\n<tr>\n<td><img loading=\"lazy\" decoding=\"async\" title=\"Restaurant POS Software\" src=\"https:\/\/sintelsoftware.com\/wp-content\/uploads\/2015\/12\/Fran\u00e7ais-Restaurant-PDV-Point-De-Vente-Logiciel-Sintel-Software-855-POS-SALE-www.SintelSoftware.com_.png\" alt=\"Retail POS Software\" width=\"583\" height=\"647\" \/><\/p>\n<p>\n\t\t<style type=\"text\/css\">\n\t\t\t#gallery-3 {\n\t\t\t\tmargin: auto;\n\t\t\t}\n\t\t\t#gallery-3 .gallery-item {\n\t\t\t\tfloat: left;\n\t\t\t\tmargin-top: 10px;\n\t\t\t\ttext-align: center;\n\t\t\t\twidth: 33%;\n\t\t\t}\n\t\t\t#gallery-3 img {\n\t\t\t\tborder: 2px solid #cfcfcf;\n\t\t\t}\n\t\t\t#gallery-3 .gallery-caption {\n\t\t\t\tmargin-left: 0;\n\t\t\t}\n\t\t\t\/* see gallery_shortcode() in wp-includes\/media.php *\/\n\t\t<\/style>\n\t\t<div id='gallery-3' class='gallery galleryid-134 gallery-columns-3 gallery-size-thumbnail'><dl class='gallery-item'>\n\t\t\t<dt class='gallery-icon portrait'>\n\t\t\t\t<a class=\"grouped_elements\" rel=\"tc-fancybox-group\" href=\"https:\/\/sintelsoftware.com\/wp-content\/uploads\/2015\/12\/Espanol-Restaurante-PTV-Punto-de-Venta-Sintel-Software-855-POS-SALE-www.SintelSoftware.com_.png\" title=\"Espanol-Restaurante-PTV-Punto-de-Venta-Sintel-Software-855-POS-SALE-www.SintelSoftware.com\"><img loading=\"lazy\" decoding=\"async\" width=\"150\" height=\"150\" src=\"https:\/\/sintelsoftware.com\/wp-content\/uploads\/2015\/12\/Espanol-Restaurante-PTV-Punto-de-Venta-Sintel-Software-855-POS-SALE-www.SintelSoftware.com_-150x150.png\" class=\"attachment-thumbnail size-thumbnail\" alt=\"Espanol-Restaurante-PTV-Punto-de-Venta-Sintel-Software-855-POS-SALE-www.SintelSoftware.com\" \/><\/a>\n\t\t\t<\/dt><\/dl><dl class='gallery-item'>\n\t\t\t<dt class='gallery-icon portrait'>\n\t\t\t\t<a class=\"grouped_elements\" rel=\"tc-fancybox-group\" href=\"https:\/\/sintelsoftware.com\/wp-content\/uploads\/2015\/12\/Deutsch-Restaurant-POS-Kassensysteme-Kassensoftware-Sintel-Software-855-POS-SALE-www.SintelSoftware.com_.png\" title=\"Deutsch-Restaurant-POS-Kassensysteme-Kassensoftware-Sintel-Software-855-POS-SALE-www.SintelSoftware.com\"><img loading=\"lazy\" decoding=\"async\" width=\"150\" height=\"150\" src=\"https:\/\/sintelsoftware.com\/wp-content\/uploads\/2015\/12\/Deutsch-Restaurant-POS-Kassensysteme-Kassensoftware-Sintel-Software-855-POS-SALE-www.SintelSoftware.com_-150x150.png\" class=\"attachment-thumbnail size-thumbnail\" alt=\"Deutsch-Restaurant-POS-Kassensysteme-Kassensoftware-Sintel-Software-855-POS-SALE-www.SintelSoftware.com\" \/><\/a>\n\t\t\t<\/dt><\/dl><dl class='gallery-item'>\n\t\t\t<dt class='gallery-icon portrait'>\n\t\t\t\t<a class=\"grouped_elements\" rel=\"tc-fancybox-group\" href=\"https:\/\/sintelsoftware.com\/wp-content\/uploads\/2015\/12\/Portugu\u00eas-Restaurante-PDV-pontos-de-venda-Sintel-Software-855-POS-SALE-www.SintelSoftware.com_.png\" title=\"Portugu\u00eas-Restaurante-PDV-pontos-de-venda-Sintel-Software-855-POS-SALE-www.SintelSoftware.com\"><img loading=\"lazy\" decoding=\"async\" width=\"150\" height=\"150\" src=\"https:\/\/sintelsoftware.com\/wp-content\/uploads\/2015\/12\/Portugu\u00eas-Restaurante-PDV-pontos-de-venda-Sintel-Software-855-POS-SALE-www.SintelSoftware.com_-150x150.png\" class=\"attachment-thumbnail size-thumbnail\" alt=\"Portugu\u00eas-Restaurante-PDV-pontos-de-venda-Sintel-Software-855-POS-SALE-www.SintelSoftware.com\" \/><\/a>\n\t\t\t<\/dt><\/dl><br style=\"clear: both\" \/><dl class='gallery-item'>\n\t\t\t<dt class='gallery-icon portrait'>\n\t\t\t\t<a class=\"grouped_elements\" rel=\"tc-fancybox-group\" href=\"https:\/\/sintelsoftware.com\/wp-content\/uploads\/2015\/12\/Italiano-Ristoranti-POS-Punto-Vendito-Sintel-Software-855-POS-SALE-www.SintelSoftware.com_.png\" title=\"Italiano-Ristoranti-POS-Punto-Vendito-Sintel-Software-855-POS-SALE-www.SintelSoftware.com\"><img loading=\"lazy\" decoding=\"async\" width=\"150\" height=\"150\" src=\"https:\/\/sintelsoftware.com\/wp-content\/uploads\/2015\/12\/Italiano-Ristoranti-POS-Punto-Vendito-Sintel-Software-855-POS-SALE-www.SintelSoftware.com_-150x150.png\" class=\"attachment-thumbnail size-thumbnail\" alt=\"Italiano-Ristoranti-POS-Punto-Vendito-Sintel-Software-855-POS-SALE-www.SintelSoftware.com\" \/><\/a>\n\t\t\t<\/dt><\/dl><dl class='gallery-item'>\n\t\t\t<dt class='gallery-icon landscape'>\n\t\t\t\t<a class=\"grouped_elements\" rel=\"tc-fancybox-group\" href=\"https:\/\/sintelsoftware.com\/wp-content\/uploads\/2015\/12\/PDV-Logiciel-de-Restaurant-Sintel-Systems-855-POS-SALE.png\" title=\"PDV-Logiciel-de-Restaurant-Sintel-Systems-855-POS-SALE\"><img loading=\"lazy\" decoding=\"async\" width=\"150\" height=\"150\" src=\"https:\/\/sintelsoftware.com\/wp-content\/uploads\/2015\/12\/PDV-Logiciel-de-Restaurant-Sintel-Systems-855-POS-SALE-150x150.png\" class=\"attachment-thumbnail size-thumbnail\" alt=\"PDV-Logiciel-de-Restaurant-Sintel-Systems-855-POS-SALE\" \/><\/a>\n\t\t\t<\/dt><\/dl>\n\t\t\t<br style='clear: both' \/>\n\t\t<\/div>\n<\/td>\n<td>\n<h2 class=\"product-name\"><span style=\"color: #57cf93;\"><strong><span class=\"h1\">PDV Logiciel de Restaurant<\/span><\/strong><\/span><\/h2>\n<div>\n<p>Garder un contact fluide et r\u00e9pondre aux demandes de la client\u00e8le est essentiel pour r\u00e9ussir. Avec l\u2019outil Restaurant du syst\u00e8me Sintel, les transactions sont effectu\u00e9es rapidement avec pr\u00e9cision. Nos options de menu enti\u00e8rement personnalisables et class\u00e9s rendent le logiciel adaptable et efficace. Ajoutez des articles modifiables, fonctionnalit\u00e9s quotidiennes, et programme des diners sans aucun probl\u00e8me. L\u2019utilisation du logiciel de Restaurant Sintel am\u00e9liorera le service de la client\u00e8le et vous aidera \u00e0 g\u00e9rer votre restaurant facilement comme jamais.<\/p>\n<p>Le logiciel \u00ab\u00a0Sintel Systems\u00a0\u00bb, ins\u00e9r\u00e9 dans les points de vente de restaurants, est adapt\u00e9 \u00e0 toutes sortes de restaurants du secteur, allant la restauration rapide \u00e0 service complet et les op\u00e9rations de restauration. Notre professionnel logiciel \u00abPOS\u00bb est con\u00e7u pour vous aider \u00e0 g\u00e9rer votre magasin de mani\u00e8re efficace et, en m\u00eame temps, \u00e0 fournir un service client de qualit\u00e9. Calculer le co\u00fbt des commandes des clients n\u2019a jamais \u00e9t\u00e9 plus rapide ou plus facile gr\u00e2ce \u00e0 l\u2019aide d\u2019une interface adaptative et de la capacit\u00e9 de mettre en \u0153uvre le menu facilement. Le front-end, avec une interface intuitive, permet la formation rapide des employ\u00e9s alors que l&rsquo;arri\u00e8re-plan propose un menu d&rsquo;outils de gestion, y compris des rapports de ventes, la gestion du temps des employ\u00e9s, le traitement des transactions et la possibilit\u00e9 de faire des inventaires. Avec moins de temps consacr\u00e9 aux t\u00e2ches de gestion, vous aurez le temps de fournir \u00e0 vos clients un environnement pour lequel ils veulent revenir. Dans un march\u00e9 tr\u00e8s concurrentiel, il est essentiel de maintenir la qualit\u00e9 du service \u00e0 la client\u00e8le. G\u00e9rer votre entreprise devient facile avec le logiciel professionnel POS Sintel Systems con\u00e7u pour les restaurants.<\/p>\n<p>La configuration de logiciel, la formation, le soutien continu et la maintenance et les mises \u00e0 niveau sont tous inclus dans le plan technologique soutenu par Sintel Systems.<\/p>\n<p>Le logiciel de point de vente pour les restaurants est inclus dans le paquet complet \u00ab\u00a0Restaurant POS\u00bb appartenant \u00e0 Sintel Systems.<\/p>\n<p>Sintel Systems est le seul service complet directement \u00e0 l&rsquo;utilisateur qui assure syst\u00e8mes de point de vente adapt\u00e9s aux restaurants avec emplacement unique ou franchis\u00e9s \u00e0 l&rsquo;\u00e9chelle mondiale, y compris des pizzerias et des restaurants de sushi.<\/p>\n<p>*<span id=\"result_box\" class=\"\" lang=\"fr\"><span class=\"hps\">Configuration<\/span> <span class=\"hps\">complet<\/span>, <span class=\"hps\">Support Formation et<\/span> <span class=\"hps\">technique<\/span> <span class=\"hps\">disponible<\/span><\/span><br \/>\n*<a href=\"https:\/\/sintelsoftware.com\/request-live-demo\" target=\"_blank\">Demandez une d\u00e9monstration en direct<\/a><br \/>\n*L<span id=\"result_box\" class=\"short_text\" lang=\"fr\"><span class=\"hps\">angues Disponibles<\/span><\/span>: Arabe \u2013 Chinois \u2013 Italien \u2013 Allemand \u2013 Japonais &#8211; Cor\u00e9en &#8211; Anglais &#8211; Fran\u00e7ais &#8211; Portugais &#8211; Russe &#8211; Espagnol<\/p>\n<\/div>\n<\/td>\n<\/tr>\n<\/tbody>\n<\/table>\n<p><\/p>","protected":false},"excerpt":{"rendered":"<p>PDV Logiciel de Restaurant Garder un contact fluide et r\u00e9pondre aux demandes de la client\u00e8le est essentiel pour r\u00e9ussir. Avec l\u2019outil Restaurant du syst\u00e8me Sintel, les transactions sont effectu\u00e9es rapidement avec pr\u00e9cision. Nos options de menu enti\u00e8rement personnalisables et class\u00e9s rendent le logiciel adaptable et efficace. Ajoutez des articles modifiables, fonctionnalit\u00e9s quotidiennes, et programme des [&hellip;]<\/p>\n","protected":false},"author":1,"featured_media":0,"parent":0,"menu_order":0,"comment_status":"closed","ping_status":"open","template":"","meta":{"footnotes":""},"class_list":["post-134","page","type-page","status-publish","czr-hentry"],"_links":{"self":[{"href":"https:\/\/sintelsoftware.com\/fr\/wp-json\/wp\/v2\/pages\/134","targetHints":{"allow":["GET"]}}],"collection":[{"href":"https:\/\/sintelsoftware.com\/fr\/wp-json\/wp\/v2\/pages"}],"about":[{"href":"https:\/\/sintelsoftware.com\/fr\/wp-json\/wp\/v2\/types\/page"}],"author":[{"embeddable":true,"href":"https:\/\/sintelsoftware.com\/fr\/wp-json\/wp\/v2\/users\/1"}],"replies":[{"embeddable":true,"href":"https:\/\/sintelsoftware.com\/fr\/wp-json\/wp\/v2\/comments?post=134"}],"version-history":[{"count":57,"href":"https:\/\/sintelsoftware.com\/fr\/wp-json\/wp\/v2\/pages\/134\/revisions"}],"predecessor-version":[{"id":1183,"href":"https:\/\/sintelsoftware.com\/fr\/wp-json\/wp\/v2\/pages\/134\/revisions\/1183"}],"wp:attachment":[{"href":"https:\/\/sintelsoftware.com\/fr\/wp-json\/wp\/v2\/media?parent=134"}],"curies":[{"name":"wp","href":"https:\/\/api.w.org\/{rel}","templated":true}]}}