{"id":8,"date":"2015-05-14T20:50:14","date_gmt":"2015-05-14T20:50:14","guid":{"rendered":"http:\/\/sintelsoftware.com\/?page_id=8"},"modified":"2015-08-10T10:30:19","modified_gmt":"2015-08-10T17:30:19","slug":"solutions","status":"publish","type":"page","link":"https:\/\/sintelsoftware.com\/es\/solutions","title":{"rendered":"Soluciones"},"content":{"rendered":"<p><\/p>\n<table border=\"1\">\n<tbody>\n<tr>\n<td>\n<div class=\"product-shop\">\n<div class=\"f-fix\">\n<div class=\"product-primary\">\n<h2 class=\"product-name\" style=\"text-align: center;\"><a href=\"https:\/\/sintelsoftware.com\/retail-software-pos\"><img loading=\"lazy\" decoding=\"async\" class=\" alignright\" src=\"https:\/\/www.sintelsystems.com\/media\/catalog\/product\/cache\/1\/small_image\/300x\/17f82f742ffe127f42dca9de82fb58b1\/r\/e\/retail.png\" alt=\"\" width=\"300\" height=\"333\" \/><\/a><a title=\"Retail Software POS\" href=\"https:\/\/sintelsoftware.com\/retail-software-pos\">Tienda al por Menor Software TPV<\/a><\/h2>\n<div class=\"product-shop\" style=\"text-align: center;\">\n<div class=\"desc std\">\n<p style=\"text-align: center;\">El sistema de venta al por menor de Sintel Systems ofrece un software potente y profesional para su negocio. La funcionalidad de centro de operaciones, la gesti\u00f3n de clientes en tiempo real y el control de inventario simplificado, son s\u00f3lo tres de las muchas caracter\u00edsticas que convierten la gesti\u00f3n de sus operaciones en algo realmente sencillo. El software no s\u00f3lo es totalmente personalizable, sino que tambi\u00e9n es muy f\u00e1cil de usar. Tanto si tiene un \u00fanico punto de venta al poner menor como si tiene una gran cadena, nuestro software de venta al por menor est\u00e1 dise\u00f1ado para llevar su negocio hasta el siguiente nivel.<\/p>\n<\/div>\n<\/div>\n<\/div>\n<\/div>\n<\/div>\n<\/td>\n<td><a href=\"https:\/\/sintelsoftware.com\/restaurant-software-pos\"><img loading=\"lazy\" decoding=\"async\" class=\"alignright\" src=\"https:\/\/www.sintelsystems.com\/media\/catalog\/product\/cache\/1\/small_image\/300x\/17f82f742ffe127f42dca9de82fb58b1\/r\/e\/restaurant_box.jpg\" alt=\"\" width=\"300\" height=\"333\" \/><\/a><\/p>\n<div class=\"product-shop\">\n<div class=\"f-fix\">\n<div class=\"product-primary\">\n<h2 class=\"product-name\" style=\"text-align: center;\"><a title=\"Restaurant Software POS\" href=\"https:\/\/sintelsoftware.com\/restaurant-software-pos\">Restaurante Software TPV<\/a><\/h2>\n<\/div>\n<p style=\"text-align: center;\">Mantener el ritmo en un restaurante muy concurrido y satisfacer las demandas de los clientes es esencial para tener \u00e9xito. Con el software para restaurantes de Sintel Systems, las transacciones se procesan de manera r\u00e1pida y precisa. Nuestras opciones de men\u00fa categorizadas y totalmente personalizables hacen que el software sea adaptable y eficiente. A\u00f1ada elementos modificadores, caracter\u00edsticas diarias y almuerzos\/cenas especiales sin ning\u00fan problema. Usando el software para restaurantes de Sintel Systems mejorar\u00e1 el servicio de atenci\u00f3n al cliente y ayudar\u00e1 a hacer que la gesti\u00f3n de su restaurante sea m\u00e1s f\u00e1cil que nunca.<\/p>\n<\/div>\n<\/div>\n<\/td>\n<\/tr>\n<tr>\n<td><a title=\"Chinese Food Software POS\" href=\"https:\/\/sintelsoftware.com\/chinese-food-software-pos\"><img loading=\"lazy\" decoding=\"async\" class=\" alignright\" src=\"https:\/\/www.sintelsystems.com\/media\/catalog\/product\/cache\/1\/small_image\/300x\/17f82f742ffe127f42dca9de82fb58b1\/c\/h\/chinese_food.png\" alt=\"\" width=\"300\" height=\"333\" \/><\/a><\/p>\n<div class=\"product-shop\">\n<div class=\"f-fix\">\n<div class=\"product-primary\">\n<h2 class=\"product-name\" style=\"text-align: center;\"><a title=\"Chinese Food Software POS\" href=\"https:\/\/sintelsoftware.com\/chinese-food-software-pos\">Comida China Software TPV<\/a><\/h2>\n<\/div>\n<div class=\"product-secondary\" style=\"text-align: center;\">\n<div class=\"product-secondary\" style=\"text-align: center;\"><span id=\"product-price-1017\" class=\"regular-price\"> <\/span>Los sistemas TPV para comida china y cocina asi\u00e1tica tienen que gestionar todo su inventario, con peque\u00f1os platos, sopas, entrantes y modificadores adicionales para cada pedido. Ya sea para agregar pollo, filete de res o tofu, o para especificar entre varios niveles de picante, es necesario que usted sea capaz de gestionar f\u00e1cilmente cada pedido para mantener a sus clientes satisfechos. Adem\u00e1s de eso, \u00bfno ser\u00eda genial poder enviarle a su chef las recetas de cocina tambi\u00e9n en chino? Con un terminal punto de venta Sintel Systems, podemos asegurarle la satisfacci\u00f3n de estas y de otras necesidades.<\/div>\n<\/div>\n<\/div>\n<\/div>\n<\/td>\n<td><a href=\"https:\/\/sintelsoftware.com\/pizza-software-pos\"><img loading=\"lazy\" decoding=\"async\" class=\" alignright\" src=\"https:\/\/www.sintelsystems.com\/media\/catalog\/product\/cache\/1\/small_image\/300x\/17f82f742ffe127f42dca9de82fb58b1\/p\/i\/pizza.jpg\" alt=\"\" width=\"300\" height=\"333\" \/><\/a><\/p>\n<div class=\"product-shop\">\n<div class=\"desc std\">\n<div class=\"product-primary\">\n<h2 class=\"product-name\" style=\"text-align: center;\"><a title=\"Pizza Software POS\" href=\"https:\/\/sintelsoftware.com\/pizza-software-pos\">Pizza Software TPV<\/a><\/h2>\n<\/div>\n<p style=\"text-align: center;\">Independientemente de si usted vende su pizza en porciones, con entrega a domicilio o en un restaurante con servicio completo, los sistemas TPV para pizzer\u00edas de Sintel Systems le proporcionar\u00e1n a su negocio todo lo que necesita. El software incluye gesti\u00f3n simplificada de men\u00fas, opciones de entrega personalizadas e identificaci\u00f3n de llamadas integrada. El cliente elige la corteza, la salsa, el queso y, por supuesto, los ingredientes. El sistema TPV para pizzer\u00edas de su restaurante debe ser configurado para permitir una entrada r\u00e1pida y eficiente de toda esta informaci\u00f3n, adapt\u00e1ndose a la manera de funcionar de su negocio. El software de Sintel Systems incluye todos los detalles necesarios, sin perder por ello la facilidad de uso.<\/p>\n<\/div>\n<\/div>\n<\/td>\n<\/tr>\n<tr>\n<td><a href=\"https:\/\/sintelsoftware.com\/frozen-yogurt-software-pos\"><img loading=\"lazy\" decoding=\"async\" class=\" alignright\" src=\"https:\/\/www.sintelsystems.com\/media\/catalog\/product\/cache\/1\/small_image\/300x\/17f82f742ffe127f42dca9de82fb58b1\/f\/r\/frozen_yogurt.png\" alt=\"\" width=\"300\" height=\"333\" \/><\/a><\/p>\n<div class=\"product-primary\">\n<h2 class=\"product-name\" style=\"text-align: center;\"><a title=\"Frozen Yogurt Software POS\" href=\"https:\/\/sintelsoftware.com\/frozen-yogurt-software-pos\">Helado De Yogur Software TPV<\/a><\/h2>\n<\/div>\n<div class=\"desc std\">\n<div class=\"short-description\" style=\"text-align: center;\">\n<div class=\"std\">\n<p>Como propietario de una tienda de yogur helado, es importante mantenerse al d\u00eda no s\u00f3lo de la variedad, sino tambi\u00e9n de la constante demanda y de la competencia. Incluyendo una b\u00e1scula integrada, una funci\u00f3n de tara y un programa de tarjetas de fidelizaci\u00f3n incorporado, el TPV Yogur Helado de Sintel Systems ofrece un software f\u00e1cil de usar con una gran capacidad de gesti\u00f3n para su negocio. Nuestro software permite a sus empleados procesar los pedidos en segundos con el procesamiento de tarjetas de cr\u00e9dito integrado y la funci\u00f3n de retenci\u00f3n de pedidos.<\/p>\n<\/div>\n<\/div>\n<\/div>\n<\/td>\n<td><a href=\"https:\/\/sintelsoftware.com\/bakery-software-pos\"><img loading=\"lazy\" decoding=\"async\" class=\" alignright\" src=\"https:\/\/www.sintelsystems.com\/media\/catalog\/product\/cache\/1\/small_image\/300x\/17f82f742ffe127f42dca9de82fb58b1\/b\/a\/bakery.jpg\" alt=\"\" width=\"300\" height=\"333\" \/><\/a><\/p>\n<div class=\"product-shop\">\n<div class=\"desc std\">\n<div class=\"product-primary\">\n<h2 class=\"product-name\" style=\"text-align: center;\"><a title=\"Bakery Software POS\" href=\"https:\/\/sintelsoftware.com\/bakery-software-pos\">Panaderia Software TPV<\/a><\/h2>\n<\/div>\n<p style=\"text-align: center;\">Gestionar su panader\u00eda nunca ha sido tan f\u00e1cil con el software TPV (punto de venta) para panader\u00edas de Sintel Systems. Con caracter\u00edsticas totalmente personalizables, cualquier gran acontecimiento o pedido de catering puede ser llevado a cabo directamente a trav\u00e9s del sistema. Mantenga un registro de los pedidos de tartas personalizadas y permita que los clientes efect\u00faen dep\u00f3sitos al hacer sus pedidos. Use la b\u00e1scula integrada para todos aquellos productos que haya que pesar. Le podemos garantizar que nuestro software profesional y f\u00e1cil de usar es exactamente lo que su panader\u00eda necesita.<\/p>\n<\/div>\n<\/div>\n<\/td>\n<\/tr>\n<tr>\n<td><a href=\"https:\/\/sintelsoftware.com\/salon-software-pos\"><img loading=\"lazy\" decoding=\"async\" class=\" alignright\" src=\"https:\/\/www.sintelsystems.com\/media\/catalog\/product\/cache\/1\/small_image\/300x\/17f82f742ffe127f42dca9de82fb58b1\/s\/a\/salon.png\" alt=\"\" width=\"300\" height=\"333\" \/><\/a><\/p>\n<div class=\"product-shop\">\n<div class=\"desc std\">\n<div class=\"product-primary\">\n<h2 class=\"product-name\" style=\"text-align: center;\"><a title=\"Salon Software POS\" href=\"https:\/\/sintelsoftware.com\/salon-software-pos\">Salon de Belleza Software TPV<\/a><\/h2>\n<\/div>\n<p style=\"text-align: center;\">Si bien los salones y los spas siguen satisfaciendo las demandas de sus clientes, la industria de los puntos de venta ha aumentado su desarrollo para satisfacer las necesidades de los salones. El software TPV de Sintel Systems para salones y spas ofrece una agenda de citas f\u00e1cil de usar con un c\u00f3modo historial de compras y servicios prestados al cliente, para que tanto usted como sus clientes queden satisfechos. Adem\u00e1s, puede gestionar f\u00e1cilmente todo el inventario de su sal\u00f3n y llevar un seguimiento de las ventas. Siga mimando a sus clientes sin preocuparse de su sistema TPV. Deje que Sintel Systems se encargue del resto.<\/p>\n<\/div>\n<\/div>\n<\/td>\n<td><a href=\"https:\/\/sintelsoftware.com\/produce-grocery-software-pos\"><img loading=\"lazy\" decoding=\"async\" class=\" alignright\" src=\"https:\/\/www.sintelsystems.com\/media\/catalog\/product\/cache\/1\/small_image\/300x\/17f82f742ffe127f42dca9de82fb58b1\/p\/r\/produce_and_grocery.png\" alt=\"\" width=\"300\" height=\"333\" \/><\/a><\/p>\n<div class=\"product-primary\">\n<h2 class=\"product-name\" style=\"text-align: center;\"><a title=\"Produce &#038; Grocery Software POS\" href=\"https:\/\/sintelsoftware.com\/produce-grocery-software-pos\">Supermercado Software TPV<\/a><\/h2>\n<\/div>\n<div class=\"desc std\">\n<p style=\"text-align: center;\">Con el software para Tiendas de Alimentos, Fruta y Verdura de Sintel Systems, su negocio funcionar\u00e1de manera eficaz y sin ning\u00fan contratiempo. La b\u00e1scula integrada permite pesar f\u00e1cilmente las frutas y verduras para que el pago en caja sea r\u00e1pido y veloz. Para efectuar las transacciones a\u00fan m\u00e1s r\u00e1pido, el software tambi\u00e9n incluye procesamiento de tarjetas de cr\u00e9dito integrado. Mantenga felices a sus clientes con las operaciones de cambio y reembolso de art\u00edculos. Si su tienda de alimentos, o de frutas y verduras, est\u00e1 buscando mejorar la calidad de su software TPV mientras mejora la eficiencia para satisfacer las demandas de los clientes, Sintel Systems est\u00e1 aqu\u00ed para ayudarle.<\/p>\n<\/div>\n<\/td>\n<\/tr>\n<tr>\n<td><a href=\"https:\/\/sintelsoftware.com\/back-office-software-pos\"><img loading=\"lazy\" decoding=\"async\" class=\" alignright\" src=\"https:\/\/www.sintelsystems.com\/media\/catalog\/product\/cache\/1\/small_image\/300x\/17f82f742ffe127f42dca9de82fb58b1\/b\/a\/back_office_software.png\" alt=\"\" width=\"300\" height=\"333\" \/><\/a><\/p>\n<div class=\"product-shop\">\n<div class=\"desc std\">\n<div class=\"product-primary\">\n<h2 class=\"product-name\" style=\"text-align: center;\"><a title=\"Back Office Software POS\" href=\"https:\/\/sintelsoftware.com\/back-office-software-pos\">Back Office Software TPV<\/a><\/h2>\n<\/div>\n<p style=\"text-align: center;\">El acceso a la gesti\u00f3n de las operaciones es esencial para su negocio, pero interrumpir las transacciones de los clientes para obtener la informaci\u00f3n necesaria puede ser perjudicial. El Software de Back Office de Sintel Systems le permite ver las hojas de asistencia de los empleados, gestionar el inventario y analizar los informes de ventas desde cualquier lugar. El software tambi\u00e9n permite la gesti\u00f3n de m\u00faltiples tiendas para las franquicias. \u00bfNo tiene una oficina? No hay problema. El Software de Back Office de Sintel Systems puede ser instalado directamente en su port\u00e1til. Siempre y cuando forme parte de la red de la tienda, podr\u00e1 acceder a su base de datos.<\/p>\n<\/div>\n<\/div>\n<\/td>\n<td><a href=\"https:\/\/sintelsoftware.com\/coffee-shop-software-pos\"><img loading=\"lazy\" decoding=\"async\" class=\" alignright\" src=\"https:\/\/www.sintelsystems.com\/media\/catalog\/product\/cache\/1\/small_image\/300x\/17f82f742ffe127f42dca9de82fb58b1\/c\/o\/coffee_shop_box.png\" alt=\"\" width=\"300\" height=\"333\" \/><\/a><\/p>\n<div class=\"product-shop\">\n<div class=\"desc std\" style=\"text-align: right;\">\n<div class=\"product-primary\">\n<h2 class=\"product-name\" style=\"text-align: center;\"><a title=\"Coffee Shop Software POS\" href=\"https:\/\/sintelsoftware.com\/coffee-shop-software-pos\">Cafeteria Software TPV<\/a><\/h2>\n<\/div>\n<p style=\"text-align: center;\">Con millones de americanos que empiezan el d\u00eda con caf\u00e9, deje que el software TPV para Cafeter\u00edas de Sintel Systems sea su elecci\u00f3n. Los pagos en caja nunca han sido tan r\u00e1pidos gracias a nuestro modo de servicio r\u00e1pido. La b\u00e1scula integrada permite a los clientes comprar no s\u00f3lo su taza de caf\u00e9, sino tambi\u00e9n su mezcla favorita y \u00fanica de caf\u00e9 molido. El programa de fidelizaci\u00f3n de clientes permite a sus clientes ganar puntos y canjear premios, adem\u00e1s de enviarles ofertas especiales y cupones descuento tras introducirlos datos de los clientes en el sistema. El caf\u00e9 ha dejado de ser un simple negocio, ahora es una cultura. Nuestra tecnolog\u00eda TPV actualizada es la manera m\u00e1s eficaz de dirigir su cafeter\u00eda.<\/p>\n<\/div>\n<\/div>\n<\/td>\n<\/tr>\n<\/tbody>\n<\/table>\n<p><\/p>","protected":false},"excerpt":{"rendered":"<p>Tienda al por Menor Software TPV El sistema de venta al por menor de Sintel Systems ofrece un software potente y profesional para su negocio. La funcionalidad de centro de operaciones, la gesti\u00f3n de clientes en tiempo real y el control de inventario simplificado, son s\u00f3lo tres de las muchas caracter\u00edsticas que convierten la gesti\u00f3n [&hellip;]<\/p>\n","protected":false},"author":1,"featured_media":204,"parent":0,"menu_order":0,"comment_status":"closed","ping_status":"open","template":"","meta":{"footnotes":""},"class_list":["post-8","page","type-page","status-publish","has-post-thumbnail","czr-hentry"],"_links":{"self":[{"href":"https:\/\/sintelsoftware.com\/es\/wp-json\/wp\/v2\/pages\/8","targetHints":{"allow":["GET"]}}],"collection":[{"href":"https:\/\/sintelsoftware.com\/es\/wp-json\/wp\/v2\/pages"}],"about":[{"href":"https:\/\/sintelsoftware.com\/es\/wp-json\/wp\/v2\/types\/page"}],"author":[{"embeddable":true,"href":"https:\/\/sintelsoftware.com\/es\/wp-json\/wp\/v2\/users\/1"}],"replies":[{"embeddable":true,"href":"https:\/\/sintelsoftware.com\/es\/wp-json\/wp\/v2\/comments?post=8"}],"version-history":[{"count":112,"href":"https:\/\/sintelsoftware.com\/es\/wp-json\/wp\/v2\/pages\/8\/revisions"}],"predecessor-version":[{"id":394,"href":"https:\/\/sintelsoftware.com\/es\/wp-json\/wp\/v2\/pages\/8\/revisions\/394"}],"wp:featuredmedia":[{"embeddable":true,"href":"https:\/\/sintelsoftware.com\/es\/wp-json\/wp\/v2\/media\/204"}],"wp:attachment":[{"href":"https:\/\/sintelsoftware.com\/es\/wp-json\/wp\/v2\/media?parent=8"}],"curies":[{"name":"wp","href":"https:\/\/api.w.org\/{rel}","templated":true}]}}