{"id":164,"date":"2015-05-22T16:42:18","date_gmt":"2015-05-22T16:42:18","guid":{"rendered":"http:\/\/sintelsoftware.com\/?page_id=164"},"modified":"2016-03-25T18:50:22","modified_gmt":"2016-03-26T01:50:22","slug":"coffee-shop-software-pos","status":"publish","type":"page","link":"https:\/\/sintelsoftware.com\/es\/coffee-shop-software-pos","title":{"rendered":"Cafeteria Software TPV"},"content":{"rendered":"<p><\/p>\n<table border=\"0\">\n<tbody>\n<tr>\n<td><img loading=\"lazy\" decoding=\"async\" title=\"Coffee Shop POS Software\" src=\"https:\/\/sintelsoftware.com\/wp-content\/uploads\/2015\/12\/Espanol-Cafeteria-PTV-Punto-de-Venta-Sintel-Systems-855-POS-SALE-www.SintelSoftware.com_.png\" alt=\"Coffee Shop POS Software\" width=\"583\" height=\"647\" \/><\/p>\n<p>\n\t\t<style type=\"text\/css\">\n\t\t\t#gallery-2 {\n\t\t\t\tmargin: auto;\n\t\t\t}\n\t\t\t#gallery-2 .gallery-item {\n\t\t\t\tfloat: left;\n\t\t\t\tmargin-top: 10px;\n\t\t\t\ttext-align: center;\n\t\t\t\twidth: 33%;\n\t\t\t}\n\t\t\t#gallery-2 img {\n\t\t\t\tborder: 2px solid #cfcfcf;\n\t\t\t}\n\t\t\t#gallery-2 .gallery-caption {\n\t\t\t\tmargin-left: 0;\n\t\t\t}\n\t\t\t\/* see gallery_shortcode() in wp-includes\/media.php *\/\n\t\t<\/style>\n\t\t<div id='gallery-2' class='gallery galleryid-164 gallery-columns-3 gallery-size-thumbnail'><dl class='gallery-item'>\n\t\t\t<dt class='gallery-icon portrait'>\n\t\t\t\t<a class=\"grouped_elements\" rel=\"tc-fancybox-group\" href=\"https:\/\/sintelsoftware.com\/wp-content\/uploads\/2015\/12\/Deutsch-Caf\u00e9-POS-Kassensysteme-Kassensoftware-Sintel-Software-855-POS-SALE-www.SintelSoftware.com_.png\" title=\"Deutsch-Caf\u00e9-POS-Kassensysteme-Kassensoftware-Sintel-Software-855-POS-SALE-www.SintelSoftware.com\"><img loading=\"lazy\" decoding=\"async\" width=\"150\" height=\"150\" src=\"https:\/\/sintelsoftware.com\/wp-content\/uploads\/2015\/12\/Deutsch-Caf\u00e9-POS-Kassensysteme-Kassensoftware-Sintel-Software-855-POS-SALE-www.SintelSoftware.com_-150x150.png\" class=\"attachment-thumbnail size-thumbnail\" alt=\"Deutsch-Caf\u00e9-POS-Kassensysteme-Kassensoftware-Sintel-Software-855-POS-SALE-www.SintelSoftware.com\" \/><\/a>\n\t\t\t<\/dt><\/dl><dl class='gallery-item'>\n\t\t\t<dt class='gallery-icon portrait'>\n\t\t\t\t<a class=\"grouped_elements\" rel=\"tc-fancybox-group\" href=\"https:\/\/sintelsoftware.com\/wp-content\/uploads\/2015\/12\/Portugu\u00eas-Cafeteria-PDV-Pontos-de-Venda-Sintel-Software-855-POS-SALE-www.SintelSoftware.com_.png\" title=\"Portugu\u00eas-Cafeteria-PDV-Pontos-de-Venda-Sintel-Software-855-POS-SALE-www.SintelSoftware.com\"><img loading=\"lazy\" decoding=\"async\" width=\"150\" height=\"150\" src=\"https:\/\/sintelsoftware.com\/wp-content\/uploads\/2015\/12\/Portugu\u00eas-Cafeteria-PDV-Pontos-de-Venda-Sintel-Software-855-POS-SALE-www.SintelSoftware.com_-150x150.png\" class=\"attachment-thumbnail size-thumbnail\" alt=\"Portugu\u00eas-Cafeteria-PDV-Pontos-de-Venda-Sintel-Software-855-POS-SALE-www.SintelSoftware.com\" \/><\/a>\n\t\t\t<\/dt><\/dl><dl class='gallery-item'>\n\t\t\t<dt class='gallery-icon portrait'>\n\t\t\t\t<a class=\"grouped_elements\" rel=\"tc-fancybox-group\" href=\"https:\/\/sintelsoftware.com\/wp-content\/uploads\/2015\/12\/Italiano-Caff\u00e8-POS-Punto-Vendito-Sintel-Software-855-POS-SALE-www.SintelSoftware.com_.png\" title=\"Italiano-Caff\u00e8-POS-Punto-Vendito-Sintel-Software-855-POS-SALE-www.SintelSoftware.com\"><img loading=\"lazy\" decoding=\"async\" width=\"150\" height=\"150\" src=\"https:\/\/sintelsoftware.com\/wp-content\/uploads\/2015\/12\/Italiano-Caff\u00e8-POS-Punto-Vendito-Sintel-Software-855-POS-SALE-www.SintelSoftware.com_-150x150.png\" class=\"attachment-thumbnail size-thumbnail\" alt=\"Italiano-Caff\u00e8-POS-Punto-Vendito-Sintel-Software-855-POS-SALE-www.SintelSoftware.com\" \/><\/a>\n\t\t\t<\/dt><\/dl><br style=\"clear: both\" \/><dl class='gallery-item'>\n\t\t\t<dt class='gallery-icon portrait'>\n\t\t\t\t<a class=\"grouped_elements\" rel=\"tc-fancybox-group\" href=\"https:\/\/sintelsoftware.com\/wp-content\/uploads\/2015\/12\/Fran\u00e7ais-Cuisine-Chinoise-PDV-Point-De-Vente-Logiciel-Sintel-Software-855-POS-SALE-www.SintelSoftware.com_.png\" title=\"Fran\u00e7ais-Cuisine-Chinoise-PDV-Point-De-Vente-Logiciel-Sintel-Software-855-POS-SALE-www.SintelSoftware.com\"><img loading=\"lazy\" decoding=\"async\" width=\"150\" height=\"150\" src=\"https:\/\/sintelsoftware.com\/wp-content\/uploads\/2015\/12\/Fran\u00e7ais-Cuisine-Chinoise-PDV-Point-De-Vente-Logiciel-Sintel-Software-855-POS-SALE-www.SintelSoftware.com_-150x150.png\" class=\"attachment-thumbnail size-thumbnail\" alt=\"\" \/><\/a>\n\t\t\t<\/dt><\/dl>\n\t\t\t<br style='clear: both' \/>\n\t\t<\/div>\n<\/td>\n<td>\n<h2 class=\"product-name\"><span style=\"color: #57cf93;\"><strong><span class=\"h1\">Cafeteria Software TPV<\/span><\/strong><\/span><\/h2>\n<div>\n<div class=\"std\">\n<div class=\"std\">\n<div class=\"std\">\n<div class=\"std\">\n<div class=\"std\">\n<div class=\"std\">\n<div class=\"std\">\n<div class=\"std\">\n<div class=\"std\">\n<div class=\"std\">\n<div class=\"std\">\n<div class=\"std\">\n<div class=\"std\">\n<dl id=\"collateral-tabs\" class=\"collateral-tabs\">\n<dd class=\"tab-container current\">\n<div class=\"tab-content\">\n<div class=\"std\">\n<p>Con millones de americanos que empiezan el d\u00eda con caf\u00e9, deje que el software TPV para Cafeter\u00edas de Sintel Systems sea su elecci\u00f3n. Los pagos en caja nunca han sido tan r\u00e1pidos gracias a nuestro modo de servicio r\u00e1pido. La b\u00e1scula integrada permite a los clientes comprar no s\u00f3lo su taza de caf\u00e9, sino tambi\u00e9n su mezcla favorita y \u00fanica de caf\u00e9 molido. El programa de fidelizaci\u00f3n de clientes permite a sus clientes ganar puntos y canjear premios, adem\u00e1s de enviarles ofertas especiales y cupones descuento tras introducirlos datos de los clientes en el sistema. El caf\u00e9 ha dejado de ser un simple negocio, ahora es una cultura. Nuestra tecnolog\u00eda TPV actualizada es la manera m\u00e1s eficaz de dirigir su cafeter\u00eda.<\/p>\n<p><b>El software de Sintel Systems<\/b> le proporciona un proveedor de servicios de aplicaciones (ASP por sus siglas en ingl\u00e9s) que le ofrece control total sobre su negocio desde cualquier lugar. Esta opci\u00f3n le permite hacer uso de funciones de mejora, incluyendo la integraci\u00f3n con Google Maps y la realizaci\u00f3n de pedidos en l\u00ednea. Tanto si el comerciante es un peque\u00f1o restaurante de una comunidad rural, como si es la ubicaci\u00f3n de una franquicia mundialmente famosa, Sintel Systems es la soluci\u00f3n universal para todo tipo de negocios.<\/p>\n<p><b>Sistema de puntos de fidelizaci\u00f3n:<\/b><br \/>\nPremie a sus clientes fieles y mu\u00e9streles su agradecimiento por hacer negocios. Este sistema interno de puntos anima a los clientes a regresar una y otra vez. Los clientes pueden canjear los puntos en futuras compras seg\u00fan los detalles de su programa. El sistema de fidelizaci\u00f3n guarda la informaci\u00f3n de los clientes en la nube, en lugar de en su equipo local. De esta manera, la informaci\u00f3n no se pierde y los clientes pueden acceder a sus puntos incluso a trav\u00e9s de la aplicaci\u00f3n m\u00f3vil. La informaci\u00f3n de contacto tambi\u00e9n puede ser utilizada para enviar cupones y ofertas especiales.<\/p>\n<p><b>CERTIFICACI\u00d3N DEL SISTEMA TPV :<\/b>El software TPV para cafeteria est\u00e1 certificado a nivel nacional por el Congreso Nacional Sobre Pesos y Medidas (NCWM por sus siglas en ingl\u00e9s) dentro de su Programa de Evaluaci\u00f3n de Tipos Nacional (NTEP por sus siglas en ingl\u00e9s). El software TPV para panader\u00edas cumple todos los requisitos t\u00e9cnicos del manual NIST 44: Especificaciones, tolerancias y otros requisitos t\u00e9cnicos para dispositivos de pesado y medici\u00f3n.<br \/>\n<a href=\"https:\/\/sintelsoftware.com\/wp-content\/uploads\/2015\/12\/Coffee-Shop-Certificate-of-Conformance.pdf\" target=\"_blank\">Haga clic en la imagen para ver el Certificado de conformidad<\/a><\/p>\n<\/div>\n<\/div>\n<\/dd>\n<\/dl>\n<p><a href=\"https:\/\/sintelsoftware.com\/wp-content\/uploads\/2015\/12\/Coffee-Shop-Certificate-of-Conformance.pdf\" target=\"_blank\"><img loading=\"lazy\" decoding=\"async\" title=\"Scale Certified\" src=\"http:\/\/www.sintelsystems.com\/images\/Certificate-Icon01.png\" alt=\"Scale Certified\" width=\"150\" height=\"164\" \/><\/a><\/p>\n<\/div>\n<\/div>\n<\/div>\n<\/div>\n<\/div>\n<\/div>\n<\/div>\n<\/div>\n<\/div>\n<\/div>\n<\/div>\n<\/div>\n<\/div>\n<p>*Configuracion Completa, Capacitacion y Soporte Tecnico Disponible<br \/>\n*<a title=\"Request Live Demo\" href=\"https:\/\/sintelsoftware.com\/request-live-demo\">Solicitar Demostracion en Vivo<\/a><br \/>\n*Idiomas Disponibles: Arabe\u2013 Frances\u2013 Italiano \u2013 Portugues \u2013 Espa\u00f1ol &#8211; Aleman &#8211; Japones &#8211; Ruso &#8211; Chino Mandarin &#8211; Koreano &#8211; Ingles<\/p>\n<\/div>\n<\/td>\n<\/tr>\n<\/tbody>\n<\/table>\n<p><\/p>","protected":false},"excerpt":{"rendered":"<p>Cafeteria Software TPV Con millones de americanos que empiezan el d\u00eda con caf\u00e9, deje que el software TPV para Cafeter\u00edas de Sintel Systems sea su elecci\u00f3n. Los pagos en caja nunca han sido tan r\u00e1pidos gracias a nuestro modo de servicio r\u00e1pido. La b\u00e1scula integrada permite a los clientes comprar no s\u00f3lo su taza de [&hellip;]<\/p>\n","protected":false},"author":1,"featured_media":0,"parent":0,"menu_order":0,"comment_status":"closed","ping_status":"open","template":"","meta":{"footnotes":""},"class_list":["post-164","page","type-page","status-publish","czr-hentry"],"_links":{"self":[{"href":"https:\/\/sintelsoftware.com\/es\/wp-json\/wp\/v2\/pages\/164","targetHints":{"allow":["GET"]}}],"collection":[{"href":"https:\/\/sintelsoftware.com\/es\/wp-json\/wp\/v2\/pages"}],"about":[{"href":"https:\/\/sintelsoftware.com\/es\/wp-json\/wp\/v2\/types\/page"}],"author":[{"embeddable":true,"href":"https:\/\/sintelsoftware.com\/es\/wp-json\/wp\/v2\/users\/1"}],"replies":[{"embeddable":true,"href":"https:\/\/sintelsoftware.com\/es\/wp-json\/wp\/v2\/comments?post=164"}],"version-history":[{"count":33,"href":"https:\/\/sintelsoftware.com\/es\/wp-json\/wp\/v2\/pages\/164\/revisions"}],"predecessor-version":[{"id":1181,"href":"https:\/\/sintelsoftware.com\/es\/wp-json\/wp\/v2\/pages\/164\/revisions\/1181"}],"wp:attachment":[{"href":"https:\/\/sintelsoftware.com\/es\/wp-json\/wp\/v2\/media?parent=164"}],"curies":[{"name":"wp","href":"https:\/\/api.w.org\/{rel}","templated":true}]}}