{"id":159,"date":"2015-05-22T16:36:21","date_gmt":"2015-05-22T16:36:21","guid":{"rendered":"http:\/\/sintelsoftware.com\/?page_id=159"},"modified":"2016-03-25T15:05:07","modified_gmt":"2016-03-25T22:05:07","slug":"back-office-software-pos","status":"publish","type":"page","link":"https:\/\/sintelsoftware.com\/es\/back-office-software-pos","title":{"rendered":"Back Office Software TPV"},"content":{"rendered":"<p><\/p>\n<table border=\"0\">\n<tbody>\n<tr>\n<td><img loading=\"lazy\" decoding=\"async\" title=\"Back Office POS Software\" src=\"https:\/\/sintelsoftware.com\/wp-content\/uploads\/2015\/12\/Espanol-BackOffice-PTV-Punto-de-Venta-Sintel-Software-855-POS-SALE-www.SintelSoftware.com_.png\" alt=\"Back Office POS Software\" width=\"583\" height=\"647\" \/><\/p>\n<p>\n\t\t<style type=\"text\/css\">\n\t\t\t#gallery-2 {\n\t\t\t\tmargin: auto;\n\t\t\t}\n\t\t\t#gallery-2 .gallery-item {\n\t\t\t\tfloat: left;\n\t\t\t\tmargin-top: 10px;\n\t\t\t\ttext-align: center;\n\t\t\t\twidth: 33%;\n\t\t\t}\n\t\t\t#gallery-2 img {\n\t\t\t\tborder: 2px solid #cfcfcf;\n\t\t\t}\n\t\t\t#gallery-2 .gallery-caption {\n\t\t\t\tmargin-left: 0;\n\t\t\t}\n\t\t\t\/* see gallery_shortcode() in wp-includes\/media.php *\/\n\t\t<\/style>\n\t\t<div id='gallery-2' class='gallery galleryid-159 gallery-columns-3 gallery-size-thumbnail'><dl class='gallery-item'>\n\t\t\t<dt class='gallery-icon portrait'>\n\t\t\t\t<a class=\"grouped_elements\" rel=\"tc-fancybox-group\" href=\"https:\/\/sintelsoftware.com\/wp-content\/uploads\/2015\/12\/Deutsch-Abrechnungsstelle-POS-Kassensysteme-Kassensoftware-Sintel-Software-855-POS-SALE-www.SintelSoftware.com_.png\" title=\"Deutsch-Abrechnungsstelle-POS-Kassensysteme-Kassensoftware-Sintel-Software-855-POS-SALE-www.SintelSoftware.com\"><img loading=\"lazy\" decoding=\"async\" width=\"150\" height=\"150\" src=\"https:\/\/sintelsoftware.com\/wp-content\/uploads\/2015\/12\/Deutsch-Abrechnungsstelle-POS-Kassensysteme-Kassensoftware-Sintel-Software-855-POS-SALE-www.SintelSoftware.com_-150x150.png\" class=\"attachment-thumbnail size-thumbnail\" alt=\"Deutsch-Abrechnungsstelle-POS-Kassensysteme-Kassensoftware-Sintel-Software-855-POS-SALE-www.SintelSoftware.com\" \/><\/a>\n\t\t\t<\/dt><\/dl><dl class='gallery-item'>\n\t\t\t<dt class='gallery-icon portrait'>\n\t\t\t\t<a class=\"grouped_elements\" rel=\"tc-fancybox-group\" href=\"https:\/\/sintelsoftware.com\/wp-content\/uploads\/2015\/12\/Portugu\u00eas-Escrit\u00f3rio-PDV-Pontos-de-Venda-Sintel-Software-855-POS-SALE-www.SintelSoftware.com_.png\" title=\"Portugu\u00eas- Escrit\u00f3rio-PDV-Pontos-de-Venda-Sintel-Software-855-POS-SALE-www.SintelSoftware.com\"><img loading=\"lazy\" decoding=\"async\" width=\"150\" height=\"150\" src=\"https:\/\/sintelsoftware.com\/wp-content\/uploads\/2015\/12\/Portugu\u00eas-Escrit\u00f3rio-PDV-Pontos-de-Venda-Sintel-Software-855-POS-SALE-www.SintelSoftware.com_-150x150.png\" class=\"attachment-thumbnail size-thumbnail\" alt=\"Portugu\u00eas- Escrit\u00f3rio-PDV-Pontos-de-Venda-Sintel-Software-855-POS-SALE-www.SintelSoftware.com\" \/><\/a>\n\t\t\t<\/dt><\/dl><dl class='gallery-item'>\n\t\t\t<dt class='gallery-icon portrait'>\n\t\t\t\t<a class=\"grouped_elements\" rel=\"tc-fancybox-group\" href=\"https:\/\/sintelsoftware.com\/wp-content\/uploads\/2015\/12\/Italiano-Amministrazione-POS-Punto-Vendito-Sintel-Software-855-POS-SALE-www.SintelSoftware.com_.png\" title=\"Italiano-Amministrazione-POS-Punto-Vendito-Sintel-Software-855-POS-SALE-www.SintelSoftware.com\"><img loading=\"lazy\" decoding=\"async\" width=\"150\" height=\"150\" src=\"https:\/\/sintelsoftware.com\/wp-content\/uploads\/2015\/12\/Italiano-Amministrazione-POS-Punto-Vendito-Sintel-Software-855-POS-SALE-www.SintelSoftware.com_-150x150.png\" class=\"attachment-thumbnail size-thumbnail\" alt=\"Italiano-Amministrazione-POS-Punto-Vendito-Sintel-Software-855-POS-SALE-www.SintelSoftware.com\" \/><\/a>\n\t\t\t<\/dt><\/dl><br style=\"clear: both\" \/><dl class='gallery-item'>\n\t\t\t<dt class='gallery-icon portrait'>\n\t\t\t\t<a class=\"grouped_elements\" rel=\"tc-fancybox-group\" href=\"https:\/\/sintelsoftware.com\/wp-content\/uploads\/2015\/12\/Fran\u00e7ais-Dossier-Bureau-PDV-Point-De-Vente-Logiciel-Sintel-Software-855-POS-SALE-www.SintelSoftware.com_.png\" title=\"Fran\u00e7ais-Dossier-Bureau-PDV-Point-De-Vente-Logiciel-Sintel-Software-855-POS-SALE-www.SintelSoftware.com\"><img loading=\"lazy\" decoding=\"async\" width=\"150\" height=\"150\" src=\"https:\/\/sintelsoftware.com\/wp-content\/uploads\/2015\/12\/Fran\u00e7ais-Dossier-Bureau-PDV-Point-De-Vente-Logiciel-Sintel-Software-855-POS-SALE-www.SintelSoftware.com_-150x150.png\" class=\"attachment-thumbnail size-thumbnail\" alt=\"Fran\u00e7ais-Dossier-Bureau-PDV-Point-De-Vente-Logiciel-Sintel-Software-855-POS-SALE-www.SintelSoftware.com\" \/><\/a>\n\t\t\t<\/dt><\/dl>\n\t\t\t<br style='clear: both' \/>\n\t\t<\/div>\n<\/td>\n<td>\n<h2 class=\"product-name\"><span style=\"color: #57cf93;\"><strong><span class=\"h1\">Back Office Software TPV<\/span><\/strong><\/span><\/h2>\n<div>\n<div class=\"std\">\n<div class=\"std\">\n<div class=\"std\">\n<div class=\"std\">\n<div class=\"std\">\n<div class=\"std\">\n<div class=\"std\">\n<div class=\"std\">\n<div class=\"std\">\n<div class=\"std\">\n<div class=\"std\">\n<div class=\"std\">\n<div class=\"std\">\n<p>El acceso a la gesti\u00f3n de las operaciones es esencial para su negocio, pero interrumpir las transacciones de los clientes para obtener la informaci\u00f3n necesaria puede ser perjudicial. El Software de Back Office de Sintel Systems le permite ver las hojas de asistencia de los empleados, gestionar el inventario y analizar los informes de ventas desde cualquier lugar. El software tambi\u00e9n permite la gesti\u00f3n de m\u00faltiples tiendas para las franquicias. \u00bfNo tiene una oficina? No hay problema. El Software de Back Office de Sintel Systems puede ser instalado directamente en su port\u00e1til. Siempre y cuando forme parte de la red de la tienda, podr\u00e1 acceder a su base de datos.<\/p>\n<p><b>El software de Sintel Systems<\/b> le proporciona un proveedor de servicios de aplicaciones (ASP por sus siglas en ingl\u00e9s) que le ofrece control total sobre su negocio desde cualquier lugar. Esta opci\u00f3n le permite hacer uso de funciones de mejora, incluyendo la integraci\u00f3n con Google Maps y la realizaci\u00f3n de pedidos en l\u00ednea. Tanto si el comerciante es un peque\u00f1o restaurante de una comunidad rural, como si es la ubicaci\u00f3n de una franquicia mundialmente famosa, Sintel Systems es la soluci\u00f3n universal para todo tipo de negocios.<\/p>\n<p><b>Sistema de puntos de fidelizaci\u00f3n:<\/b><br \/>\nPremie a sus clientes fieles y mu\u00e9streles su agradecimiento por hacer negocios. Este sistema interno de puntos anima a los clientes a regresar una y otra vez. Los clientes pueden canjear los puntos en futuras compras seg\u00fan los detalles de su programa. El sistema de fidelizaci\u00f3n guarda la informaci\u00f3n de los clientes en la nube, en lugar de en su equipo local. De esta manera, la informaci\u00f3n no se pierde y los clientes pueden acceder a sus puntos incluso a trav\u00e9s de la aplicaci\u00f3n m\u00f3vil. La informaci\u00f3n de contacto tambi\u00e9n puede ser utilizada para enviar cupones y ofertas especiales.<\/p>\n<p>Licencia del Software de Back Office: Licencia completa con acceso local a las funciones de Terminal y Back Office<\/p>\n<\/div>\n<\/div>\n<\/div>\n<\/div>\n<\/div>\n<\/div>\n<\/div>\n<\/div>\n<\/div>\n<\/div>\n<\/div>\n<\/div>\n<\/div>\n<p>*Full Configuration, Training &amp; Technical Support Available<br \/>\n*<a href=\"https:\/\/sintelsoftware.com\/request-live-demo\" target=\"_blank\">Request Live Demo<\/a><br \/>\n*Languages Available: Arabe\u2013 Frances\u2013 Italiano \u2013 Portugues \u2013 Espa\u00f1ol &#8211; Aleman &#8211; Japones &#8211; Ruso &#8211; Chino Mandarin &#8211; Koreano &#8211; Ingles<\/p>\n<\/div>\n<\/td>\n<\/tr>\n<\/tbody>\n<\/table>\n<p><\/p>","protected":false},"excerpt":{"rendered":"<p>Back Office Software TPV El acceso a la gesti\u00f3n de las operaciones es esencial para su negocio, pero interrumpir las transacciones de los clientes para obtener la informaci\u00f3n necesaria puede ser perjudicial. El Software de Back Office de Sintel Systems le permite ver las hojas de asistencia de los empleados, gestionar el inventario y analizar [&hellip;]<\/p>\n","protected":false},"author":1,"featured_media":0,"parent":0,"menu_order":0,"comment_status":"closed","ping_status":"open","template":"","meta":{"footnotes":""},"class_list":["post-159","page","type-page","status-publish","czr-hentry"],"_links":{"self":[{"href":"https:\/\/sintelsoftware.com\/es\/wp-json\/wp\/v2\/pages\/159","targetHints":{"allow":["GET"]}}],"collection":[{"href":"https:\/\/sintelsoftware.com\/es\/wp-json\/wp\/v2\/pages"}],"about":[{"href":"https:\/\/sintelsoftware.com\/es\/wp-json\/wp\/v2\/types\/page"}],"author":[{"embeddable":true,"href":"https:\/\/sintelsoftware.com\/es\/wp-json\/wp\/v2\/users\/1"}],"replies":[{"embeddable":true,"href":"https:\/\/sintelsoftware.com\/es\/wp-json\/wp\/v2\/comments?post=159"}],"version-history":[{"count":35,"href":"https:\/\/sintelsoftware.com\/es\/wp-json\/wp\/v2\/pages\/159\/revisions"}],"predecessor-version":[{"id":1179,"href":"https:\/\/sintelsoftware.com\/es\/wp-json\/wp\/v2\/pages\/159\/revisions\/1179"}],"wp:attachment":[{"href":"https:\/\/sintelsoftware.com\/es\/wp-json\/wp\/v2\/media?parent=159"}],"curies":[{"name":"wp","href":"https:\/\/api.w.org\/{rel}","templated":true}]}}