{"id":154,"date":"2015-05-22T00:07:53","date_gmt":"2015-05-22T00:07:53","guid":{"rendered":"http:\/\/sintelsoftware.com\/?page_id=154"},"modified":"2016-03-25T18:37:52","modified_gmt":"2016-03-26T01:37:52","slug":"produce-grocery-software-pos","status":"publish","type":"page","link":"https:\/\/sintelsoftware.com\/es\/produce-grocery-software-pos","title":{"rendered":"Supermercado Software TPV"},"content":{"rendered":"<p><\/p>\n<table border=\"0\">\n<tbody>\n<tr>\n<td><img loading=\"lazy\" decoding=\"async\" title=\"Produce and Grocery POS Software\" src=\"https:\/\/sintelsoftware.com\/wp-content\/uploads\/2015\/12\/Espanol-Supermercado-PTV-Punto-de-Venta-Sintel-Software-855-POS-SALE-www.SintelSoftware.com_.png\" alt=\"Produce and Grocery POS Software\" width=\"583\" height=\"647\" \/><\/p>\n<p>\n\t\t<style type=\"text\/css\">\n\t\t\t#gallery-2 {\n\t\t\t\tmargin: auto;\n\t\t\t}\n\t\t\t#gallery-2 .gallery-item {\n\t\t\t\tfloat: left;\n\t\t\t\tmargin-top: 10px;\n\t\t\t\ttext-align: center;\n\t\t\t\twidth: 33%;\n\t\t\t}\n\t\t\t#gallery-2 img {\n\t\t\t\tborder: 2px solid #cfcfcf;\n\t\t\t}\n\t\t\t#gallery-2 .gallery-caption {\n\t\t\t\tmargin-left: 0;\n\t\t\t}\n\t\t\t\/* see gallery_shortcode() in wp-includes\/media.php *\/\n\t\t<\/style>\n\t\t<div id='gallery-2' class='gallery galleryid-154 gallery-columns-3 gallery-size-thumbnail'><dl class='gallery-item'>\n\t\t\t<dt class='gallery-icon portrait'>\n\t\t\t\t<a class=\"grouped_elements\" rel=\"tc-fancybox-group\" href=\"https:\/\/sintelsoftware.com\/wp-content\/uploads\/2015\/12\/Deutsch-Supermarkt-Lebensmittel-POS-Kassensysteme-Kassensoftware-Sintel-Software-855-POS-SALE-www.SintelSoftware.com_.png\" title=\"Deutsch-Supermarkt-Lebensmittel -POS-Kassensysteme-Kassensoftware-Sintel-Software-855-POS-SALE-www.SintelSoftware.com\"><img loading=\"lazy\" decoding=\"async\" width=\"150\" height=\"150\" src=\"https:\/\/sintelsoftware.com\/wp-content\/uploads\/2015\/12\/Deutsch-Supermarkt-Lebensmittel-POS-Kassensysteme-Kassensoftware-Sintel-Software-855-POS-SALE-www.SintelSoftware.com_-150x150.png\" class=\"attachment-thumbnail size-thumbnail\" alt=\"Deutsch-Supermarkt-Lebensmittel -POS-Kassensysteme-Kassensoftware-Sintel-Software-855-POS-SALE-www.SintelSoftware.com\" \/><\/a>\n\t\t\t<\/dt><\/dl><dl class='gallery-item'>\n\t\t\t<dt class='gallery-icon portrait'>\n\t\t\t\t<a class=\"grouped_elements\" rel=\"tc-fancybox-group\" href=\"https:\/\/sintelsoftware.com\/wp-content\/uploads\/2015\/12\/Portugu\u00eas-Supermercado-Mercearia-PDV-Pontos-de-Venda-Sintel-Software-855-POS-SALE-www.SintelSoftware.com_.png\" title=\"Portugu\u00eas-Supermercado-Mercearia-PDV-Pontos-de-Venda-Sintel-Software-855-POS-SALE-www.SintelSoftware.com\"><img loading=\"lazy\" decoding=\"async\" width=\"150\" height=\"150\" src=\"https:\/\/sintelsoftware.com\/wp-content\/uploads\/2015\/12\/Portugu\u00eas-Supermercado-Mercearia-PDV-Pontos-de-Venda-Sintel-Software-855-POS-SALE-www.SintelSoftware.com_-150x150.png\" class=\"attachment-thumbnail size-thumbnail\" alt=\"\" \/><\/a>\n\t\t\t<\/dt><\/dl><dl class='gallery-item'>\n\t\t\t<dt class='gallery-icon portrait'>\n\t\t\t\t<a class=\"grouped_elements\" rel=\"tc-fancybox-group\" href=\"https:\/\/sintelsoftware.com\/wp-content\/uploads\/2015\/12\/Italiano-Supermercato-POS-Punto-Vendito-Sintel-Software-855-POS-SALE-www.SintelSoftware.com_.png\" title=\"Italiano-Supermercato-POS-Punto-Vendito-Sintel-Software-855-POS-SALE-www.SintelSoftware.com\"><img loading=\"lazy\" decoding=\"async\" width=\"150\" height=\"150\" src=\"https:\/\/sintelsoftware.com\/wp-content\/uploads\/2015\/12\/Italiano-Supermercato-POS-Punto-Vendito-Sintel-Software-855-POS-SALE-www.SintelSoftware.com_-150x150.png\" class=\"attachment-thumbnail size-thumbnail\" alt=\"\" \/><\/a>\n\t\t\t<\/dt><\/dl><br style=\"clear: both\" \/><dl class='gallery-item'>\n\t\t\t<dt class='gallery-icon portrait'>\n\t\t\t\t<a class=\"grouped_elements\" rel=\"tc-fancybox-group\" href=\"https:\/\/sintelsoftware.com\/wp-content\/uploads\/2015\/12\/Fran\u00e7ais-Produire-Epicerie-PDV-Point-De-Vente-Logiciel-Sintel-Software-855-POS-SALE-www.SintelSoftware.com_.png\" title=\"Fran\u00e7ais-Produire-Epicerie-PDV-Point-De-Vente-Logiciel-Sintel-Software-855-POS-SALE-www.SintelSoftware.com\"><img loading=\"lazy\" decoding=\"async\" width=\"150\" height=\"150\" src=\"https:\/\/sintelsoftware.com\/wp-content\/uploads\/2015\/12\/Fran\u00e7ais-Produire-Epicerie-PDV-Point-De-Vente-Logiciel-Sintel-Software-855-POS-SALE-www.SintelSoftware.com_-150x150.png\" class=\"attachment-thumbnail size-thumbnail\" alt=\"\" \/><\/a>\n\t\t\t<\/dt><\/dl>\n\t\t\t<br style='clear: both' \/>\n\t\t<\/div>\n<\/td>\n<td>\n<h2 class=\"product-name\"><span style=\"color: #57cf93;\"><strong><span class=\"h1\">Supermercado Software TPV<\/span><\/strong><\/span><\/h2>\n<div>\n<div class=\"std\">\n<div class=\"std\">\n<div class=\"std\">\n<div class=\"std\">\n<div class=\"std\">\n<div class=\"std\">\n<div class=\"std\">\n<div class=\"std\">\n<div class=\"std\">\n<div class=\"std\">\n<div class=\"std\">\n<div class=\"std\">\n<div class=\"std\">\n<p>Con el software para Tiendas de Alimentos, Fruta y Verdura de Sintel Systems, su negocio funcionar\u00e1de manera eficaz y sin ning\u00fan contratiempo. La b\u00e1scula integrada permite pesar f\u00e1cilmente las frutas y verduras para que el pago en caja sea r\u00e1pido y veloz. Para efectuar las transacciones a\u00fan m\u00e1s r\u00e1pido, el software tambi\u00e9n incluye procesamiento de tarjetas de cr\u00e9dito integrado. Mantenga felices a sus clientes con las operaciones de cambio y reembolso de art\u00edculos. Si su tienda de alimentos, o de frutas y verduras, est\u00e1 buscando mejorar la calidad de su software TPV mientras mejora la eficiencia para satisfacer las demandas de los clientes, Sintel Systems est\u00e1 aqu\u00ed para ayudarle.<\/p>\n<p><b>El software de Sintel Systems<\/b> le proporciona un proveedor de servicios de aplicaciones (ASP por sus siglas en ingl\u00e9s) que le ofrece control total sobre su negocio desde cualquier lugar. Esta opci\u00f3n le permite hacer uso de funciones de mejora, incluyendo la integraci\u00f3n con Google Maps y la realizaci\u00f3n de pedidos en l\u00ednea. Tanto si el comerciante es un peque\u00f1o restaurante de una comunidad rural, como si es la ubicaci\u00f3n de una franquicia mundialmente famosa, Sintel Systems es la soluci\u00f3n universal para todo tipo de negocios.<\/p>\n<p><b>Sistema de puntos de fidelizaci\u00f3n:<\/b><br \/>\nPremie a sus clientes fieles y mu\u00e9streles su agradecimiento por hacer negocios. Este sistema interno de puntos anima a los clientes a regresar una y otra vez. Los clientes pueden canjear los puntos en futuras compras seg\u00fan los detalles de su programa. El sistema de fidelizaci\u00f3n guarda la informaci\u00f3n de los clientes en la nube, en lugar de en su equipo local. De esta manera, la informaci\u00f3n no se pierde y los clientes pueden acceder a sus puntos incluso a trav\u00e9s de la aplicaci\u00f3n m\u00f3vil. La informaci\u00f3n de contacto tambi\u00e9n puede ser utilizada para enviar cupones y ofertas especiales.<\/p>\n<\/div>\n<\/div>\n<\/div>\n<\/div>\n<\/div>\n<\/div>\n<\/div>\n<\/div>\n<\/div>\n<\/div>\n<\/div>\n<\/div>\n<\/div>\n<p>*Configuracion Completa, Capacitacion y Soporte Tecnico Disponible<br \/>\n*<a title=\"Request Live Demo\" href=\"https:\/\/sintelsoftware.com\/request-live-demo\">Solicitar Demostracion en Vivo<\/a><br \/>\n*Idiomas Disponibles: Arabe\u2013 Frances\u2013 Italiano \u2013 Portugues \u2013 Espa\u00f1ol &#8211; Aleman &#8211; Japones &#8211; Ruso &#8211; Chino Mandarin &#8211; Koreano &#8211; Ingles<\/p>\n<\/div>\n<\/td>\n<\/tr>\n<\/tbody>\n<\/table>\n<p><\/p>","protected":false},"excerpt":{"rendered":"<p>Supermercado Software TPV Con el software para Tiendas de Alimentos, Fruta y Verdura de Sintel Systems, su negocio funcionar\u00e1de manera eficaz y sin ning\u00fan contratiempo. La b\u00e1scula integrada permite pesar f\u00e1cilmente las frutas y verduras para que el pago en caja sea r\u00e1pido y veloz. Para efectuar las transacciones a\u00fan m\u00e1s r\u00e1pido, el software tambi\u00e9n [&hellip;]<\/p>\n","protected":false},"author":1,"featured_media":0,"parent":0,"menu_order":0,"comment_status":"closed","ping_status":"open","template":"","meta":{"footnotes":""},"class_list":["post-154","page","type-page","status-publish","czr-hentry"],"_links":{"self":[{"href":"https:\/\/sintelsoftware.com\/es\/wp-json\/wp\/v2\/pages\/154","targetHints":{"allow":["GET"]}}],"collection":[{"href":"https:\/\/sintelsoftware.com\/es\/wp-json\/wp\/v2\/pages"}],"about":[{"href":"https:\/\/sintelsoftware.com\/es\/wp-json\/wp\/v2\/types\/page"}],"author":[{"embeddable":true,"href":"https:\/\/sintelsoftware.com\/es\/wp-json\/wp\/v2\/users\/1"}],"replies":[{"embeddable":true,"href":"https:\/\/sintelsoftware.com\/es\/wp-json\/wp\/v2\/comments?post=154"}],"version-history":[{"count":33,"href":"https:\/\/sintelsoftware.com\/es\/wp-json\/wp\/v2\/pages\/154\/revisions"}],"predecessor-version":[{"id":1184,"href":"https:\/\/sintelsoftware.com\/es\/wp-json\/wp\/v2\/pages\/154\/revisions\/1184"}],"wp:attachment":[{"href":"https:\/\/sintelsoftware.com\/es\/wp-json\/wp\/v2\/media?parent=154"}],"curies":[{"name":"wp","href":"https:\/\/api.w.org\/{rel}","templated":true}]}}