{"id":151,"date":"2015-05-22T00:04:46","date_gmt":"2015-05-22T00:04:46","guid":{"rendered":"http:\/\/sintelsoftware.com\/?page_id=151"},"modified":"2016-03-25T18:29:47","modified_gmt":"2016-03-26T01:29:47","slug":"salon-software-pos","status":"publish","type":"page","link":"https:\/\/sintelsoftware.com\/es\/salon-software-pos","title":{"rendered":"Salon de Belleza Software TPV"},"content":{"rendered":"<p><\/p>\n<table border=\"0\">\n<tbody>\n<tr>\n<td><img loading=\"lazy\" decoding=\"async\" title=\"Salon POS Software\" src=\"https:\/\/sintelsoftware.com\/wp-content\/uploads\/2015\/12\/Espanol-Salon-de-Belleza-PTV-Punto-de-Venta-Sintel-Software-855-POS-SALE-www.SintelSoftware.com_.png\" alt=\"Salon POS Software\" width=\"583\" height=\"647\" \/><\/p>\n<p>\n\t\t<style type=\"text\/css\">\n\t\t\t#gallery-2 {\n\t\t\t\tmargin: auto;\n\t\t\t}\n\t\t\t#gallery-2 .gallery-item {\n\t\t\t\tfloat: left;\n\t\t\t\tmargin-top: 10px;\n\t\t\t\ttext-align: center;\n\t\t\t\twidth: 33%;\n\t\t\t}\n\t\t\t#gallery-2 img {\n\t\t\t\tborder: 2px solid #cfcfcf;\n\t\t\t}\n\t\t\t#gallery-2 .gallery-caption {\n\t\t\t\tmargin-left: 0;\n\t\t\t}\n\t\t\t\/* see gallery_shortcode() in wp-includes\/media.php *\/\n\t\t<\/style>\n\t\t<div id='gallery-2' class='gallery galleryid-151 gallery-columns-3 gallery-size-thumbnail'><dl class='gallery-item'>\n\t\t\t<dt class='gallery-icon portrait'>\n\t\t\t\t<a class=\"grouped_elements\" rel=\"tc-fancybox-group\" href=\"https:\/\/sintelsoftware.com\/wp-content\/uploads\/2015\/12\/Deutsch-Salon-und-Spa-POS-Kassensysteme-Kassensoftware-Sintel-Software-855-POS-SALE-www.SintelSoftware.com_.png\" title=\"Deutsch-Salon-und-Spa-POS-Kassensysteme-Kassensoftware-Sintel-Software-855-POS-SALE-www.SintelSoftware.com\"><img loading=\"lazy\" decoding=\"async\" width=\"150\" height=\"150\" src=\"https:\/\/sintelsoftware.com\/wp-content\/uploads\/2015\/12\/Deutsch-Salon-und-Spa-POS-Kassensysteme-Kassensoftware-Sintel-Software-855-POS-SALE-www.SintelSoftware.com_-150x150.png\" class=\"attachment-thumbnail size-thumbnail\" alt=\"Deutsch-Salon-und-Spa-POS-Kassensysteme-Kassensoftware-Sintel-Software-855-POS-SALE-www.SintelSoftware.com\" \/><\/a>\n\t\t\t<\/dt><\/dl><dl class='gallery-item'>\n\t\t\t<dt class='gallery-icon portrait'>\n\t\t\t\t<a class=\"grouped_elements\" rel=\"tc-fancybox-group\" href=\"https:\/\/sintelsoftware.com\/wp-content\/uploads\/2015\/12\/Portugu\u00eas-Sal\u00e3o-e-Spa-PDV-Pontos-De-Venda-Sintel-Software-855-POS-SALE-www.SintelSoftware.com_.png\" title=\"Portugu\u00eas-Sal\u00e3o-e-Spa-PDV-Pontos-De-Venda-Sintel-Software-855-POS-SALE-www.SintelSoftware.com\"><img loading=\"lazy\" decoding=\"async\" width=\"150\" height=\"150\" src=\"https:\/\/sintelsoftware.com\/wp-content\/uploads\/2015\/12\/Portugu\u00eas-Sal\u00e3o-e-Spa-PDV-Pontos-De-Venda-Sintel-Software-855-POS-SALE-www.SintelSoftware.com_-150x150.png\" class=\"attachment-thumbnail size-thumbnail\" alt=\"Portugu\u00eas-Sal\u00e3o-e-Spa-PDV-Pontos-De-Venda-Sintel-Software-855-POS-SALE-www.SintelSoftware.com\" \/><\/a>\n\t\t\t<\/dt><\/dl><dl class='gallery-item'>\n\t\t\t<dt class='gallery-icon portrait'>\n\t\t\t\t<a class=\"grouped_elements\" rel=\"tc-fancybox-group\" href=\"https:\/\/sintelsoftware.com\/wp-content\/uploads\/2015\/12\/Italiano-Salon-e-Spa-POS-Punto-Vendito-Sintel-Software-855-POS-SALE-www.SintelSoftware.com_.png\" title=\"Italiano-Salon-e-Spa-POS-Punto-Vendito-Sintel-Software-855-POS-SALE-www.SintelSoftware.com\"><img loading=\"lazy\" decoding=\"async\" width=\"150\" height=\"150\" src=\"https:\/\/sintelsoftware.com\/wp-content\/uploads\/2015\/12\/Italiano-Salon-e-Spa-POS-Punto-Vendito-Sintel-Software-855-POS-SALE-www.SintelSoftware.com_-150x150.png\" class=\"attachment-thumbnail size-thumbnail\" alt=\"Italiano-Salon-e-Spa-POS-Punto-Vendito-Sintel-Software-855-POS-SALE-www.SintelSoftware.com\" \/><\/a>\n\t\t\t<\/dt><\/dl><br style=\"clear: both\" \/><dl class='gallery-item'>\n\t\t\t<dt class='gallery-icon portrait'>\n\t\t\t\t<a class=\"grouped_elements\" rel=\"tc-fancybox-group\" href=\"https:\/\/sintelsoftware.com\/wp-content\/uploads\/2015\/12\/Fran\u00e7ais-Salon-et-Spa-PDV-Point-De-Vente-Logiciel-Sintel-Software-855-POS-SALE-www.SintelSoftware.com_.png\" title=\"Fran\u00e7ais-Salon-et-Spa-PDV-Point-De-Vente-Logiciel-Sintel-Software-855-POS-SALE-www.SintelSoftware.com\"><img loading=\"lazy\" decoding=\"async\" width=\"150\" height=\"150\" src=\"https:\/\/sintelsoftware.com\/wp-content\/uploads\/2015\/12\/Fran\u00e7ais-Salon-et-Spa-PDV-Point-De-Vente-Logiciel-Sintel-Software-855-POS-SALE-www.SintelSoftware.com_-150x150.png\" class=\"attachment-thumbnail size-thumbnail\" alt=\"Fran\u00e7ais-Salon-et-Spa-PDV-Point-De-Vente-Logiciel-Sintel-Software-855-POS-SALE-www.SintelSoftware.com\" \/><\/a>\n\t\t\t<\/dt><\/dl>\n\t\t\t<br style='clear: both' \/>\n\t\t<\/div>\n<\/td>\n<td>\n<h2 class=\"product-name\"><span style=\"color: #57cf93;\"><strong><span class=\"h1\">Salon de Belleza Software TPV<\/span><\/strong><\/span><\/h2>\n<div>\n<div class=\"std\">\n<div class=\"std\">\n<div class=\"std\">\n<div class=\"std\">\n<div class=\"std\">\n<div class=\"std\">\n<p>Si bien los salones y los spas siguen satisfaciendo las demandas de sus clientes, la industria de los puntos de venta ha aumentado su desarrollo para satisfacer las necesidades de los salones. El software TPV de Sintel Systems para salones y spas ofrece una agenda de citas f\u00e1cil de usar con un c\u00f3modo historial de compras y servicios prestados al cliente, para que tanto usted como sus clientes queden satisfechos. Adem\u00e1s, puede gestionar f\u00e1cilmente todo el inventario de su sal\u00f3n y llevar un seguimiento de las ventas. Siga mimando a sus clientes sin preocuparse de su sistema TPV. Deje que Sintel Systems se encargue del resto.<\/p>\n<p>Producido para operaciones a base de citas, el terminal de <strong>Punto de Venta para Sal\u00f3n y Spa de Sintel Systems<\/strong> es ideal para su sal\u00f3n de belleza o spa. Su simple interfaz promueve las gestiones diarias de recepci\u00f3n, manejo de empleados y organizaci\u00f3n de citas. El manejo de los clientes se realiza de manera conveniente utilizando un perfil de cliente e historial de compras. Adem\u00e1s, nuestro programa ofrece una vasta variedad de herramientas de gerencia, desde reportes de ventas hasta controles de inventario. La administraci\u00f3n de su sal\u00f3n nunca ser\u00e1 m\u00e1s f\u00e1cil.<\/p>\n<p>La configuraci\u00f3n del sistema, el entrenamiento, el soporte t\u00e9cnico, el mantenimiento y las actualizaciones est\u00e1n totalmente incluidas en el plan de soporte t\u00e9cnico de Sintel Systems.<\/p>\n<p>El TPV para Sal\u00f3n y Spa est\u00e1 incluido en el paquete completo de <strong>TPV para Sal\u00f3n y Spa<\/strong>.<\/p>\n<\/div>\n<\/div>\n<\/div>\n<\/div>\n<\/div>\n<\/div>\n<p>*Configuracion Completa, Capacitacion y Soporte Tecnico Disponible<br \/>\n*<a title=\"Request Live Demo\" href=\"https:\/\/sintelsoftware.com\/request-live-demo\" target=\"_blank\">Solicitar Demostracion en Vivo<\/a><br \/>\n*Idiomas Disponibles: Arabe\u2013 Frances\u2013 Italiano \u2013 Portugues \u2013 Espa\u00f1ol &#8211; Aleman &#8211; Japones &#8211; Ruso &#8211; Chino Mandarin &#8211; Koreano &#8211; Ingles<\/p>\n<\/div>\n<\/td>\n<\/tr>\n<\/tbody>\n<\/table>\n<p><\/p>","protected":false},"excerpt":{"rendered":"<p>Salon de Belleza Software TPV Si bien los salones y los spas siguen satisfaciendo las demandas de sus clientes, la industria de los puntos de venta ha aumentado su desarrollo para satisfacer las necesidades de los salones. El software TPV de Sintel Systems para salones y spas ofrece una agenda de citas f\u00e1cil de usar [&hellip;]<\/p>\n","protected":false},"author":1,"featured_media":0,"parent":0,"menu_order":0,"comment_status":"closed","ping_status":"open","template":"","meta":{"footnotes":""},"class_list":["post-151","page","type-page","status-publish","czr-hentry"],"_links":{"self":[{"href":"https:\/\/sintelsoftware.com\/es\/wp-json\/wp\/v2\/pages\/151","targetHints":{"allow":["GET"]}}],"collection":[{"href":"https:\/\/sintelsoftware.com\/es\/wp-json\/wp\/v2\/pages"}],"about":[{"href":"https:\/\/sintelsoftware.com\/es\/wp-json\/wp\/v2\/types\/page"}],"author":[{"embeddable":true,"href":"https:\/\/sintelsoftware.com\/es\/wp-json\/wp\/v2\/users\/1"}],"replies":[{"embeddable":true,"href":"https:\/\/sintelsoftware.com\/es\/wp-json\/wp\/v2\/comments?post=151"}],"version-history":[{"count":29,"href":"https:\/\/sintelsoftware.com\/es\/wp-json\/wp\/v2\/pages\/151\/revisions"}],"predecessor-version":[{"id":1185,"href":"https:\/\/sintelsoftware.com\/es\/wp-json\/wp\/v2\/pages\/151\/revisions\/1185"}],"wp:attachment":[{"href":"https:\/\/sintelsoftware.com\/es\/wp-json\/wp\/v2\/media?parent=151"}],"curies":[{"name":"wp","href":"https:\/\/api.w.org\/{rel}","templated":true}]}}