{"id":14,"date":"2015-05-14T20:51:31","date_gmt":"2015-05-14T20:51:31","guid":{"rendered":"http:\/\/sintelsoftware.com\/?page_id=14"},"modified":"2015-12-11T16:43:14","modified_gmt":"2015-12-12T00:43:14","slug":"support","status":"publish","type":"page","link":"https:\/\/sintelsoftware.com\/es\/support","title":{"rendered":"Soporte T\u00e9cnico"},"content":{"rendered":"<p>El Software Profesional Punto de Venta de Sintel (TPV) est\u00e1 altamente optimizado con la configuraci\u00f3n efectiva, la instalaci\u00f3n, la capacitaci\u00f3n inicial y continua, y las actualizaciones peri\u00f3dicas. Asegurar que cada cliente reciba el nivel m\u00e1s alto de servicio y soporte es una prioridad de Sintel Software. El \u00e9xito de cada usuario es el \u00e9xito de todos los socios. Con el fin de garantizar que los usuarios de Sintel Software reciban un servicio inigualable, Sintel Software se ofrece exclusivamente a trav\u00e9s de Punto de Venta Global (TPVG) de Sintel Systems. La certificaci\u00f3n y la autorizaci\u00f3n para la venta y el soporte se ofrece s\u00f3lo a trav\u00e9s de TPVG de Sintel Systems. Cualquier fuente potencial que ofrezca cualquiera de los productos de Sintel Software no est\u00e1 autorizado y no tendr\u00e1 las actualizaciones necesarias.<\/p>\n<p>La infraestructura de soporte para el Software de Sintel se ha dise\u00f1ado con mucha colaboraci\u00f3n entre los expertos en las \u00e1reas de negocios, t\u00e9cnica, y operacionales con el enfoque en el cliente. Ofreciendo la previsi\u00f3n del usuario en el costo ha sido una consideraci\u00f3n importante y por lo tanto las cuotas incidentales han sido eliminadas. La infraestructura completa de TPVG de Sintel Systems permite al equipo de expertos el servicio t\u00e9cnico ininterrumpido. A los clientes se les ofrece la tranquilidad de saber que su personal puede ponerse en contacto con TPVG de Sintel Systems y solucionar todos sus problemas. Adem\u00e1s, todas las actualizaciones y nuevas versiones del software, se ofrecen bajo el plan todo incluido de soporte t\u00e9cnico y sin ning\u00fan costo adicional. Mantenimiento regular de los sistemas se ofrece normalmente cuando el negocio de los clientes est\u00e1 cerrado para garantizar la interrupci\u00f3n limitada en las operaciones.<\/p>\n<p>Para m\u00e1s informaci\u00f3n por favor ll\u00e1menos al 972-POS-TECH o visite TPVG Sintel Systems.Clientes internacionales clic <a href=\"http:\/\/sintelsystemspos.com\/es\/contact-us\/\">aqu\u00ed<\/a><\/p>\n<p style=\"text-align: left;\"><img loading=\"lazy\" decoding=\"async\" class=\"alignleft size-full wp-image-262\" src=\"https:\/\/sintelsoftware.com\/wp-content\/uploads\/2015\/05\/SupportButton-copy.png\" alt=\"SupportButton copy\" width=\"253\" height=\"162\" \/><\/p>\n<p style=\"text-align: left;\"><img loading=\"lazy\" decoding=\"async\" class=\"alignleft size-full wp-image-262\" src=\"https:\/\/sintelsoftware.com\/wp-content\/uploads\/2015\/05\/SupportButton-copy.png\" alt=\"SupportButton copy\" width=\"253\" height=\"162\" \/><\/p>\n<p style=\"text-align: left;\"><img loading=\"lazy\" decoding=\"async\" class=\"alignleft size-full wp-image-262\" src=\"https:\/\/sintelsoftware.com\/wp-content\/uploads\/2015\/05\/SupportButton-copy.png\" alt=\"SupportButton copy\" width=\"253\" height=\"162\" \/><\/p>\n<p style=\"text-align: left;\"><img loading=\"lazy\" decoding=\"async\" class=\"alignleft size-full wp-image-262\" src=\"https:\/\/sintelsoftware.com\/wp-content\/uploads\/2015\/05\/SupportButton-copy.png\" alt=\"SupportButton copy\" width=\"253\" height=\"162\" \/><\/p>\n<p style=\"text-align: left;\">\n<p><\/p>","protected":false},"excerpt":{"rendered":"<p>El Software Profesional Punto de Venta de Sintel (TPV) est\u00e1 altamente optimizado con la configuraci\u00f3n efectiva, la instalaci\u00f3n, la capacitaci\u00f3n inicial y continua, y las actualizaciones peri\u00f3dicas. Asegurar que cada cliente reciba el nivel m\u00e1s alto de servicio y soporte es una prioridad de Sintel Software. El \u00e9xito de cada usuario es el \u00e9xito de [&hellip;]<\/p>\n","protected":false},"author":1,"featured_media":46,"parent":0,"menu_order":0,"comment_status":"closed","ping_status":"open","template":"","meta":{"footnotes":""},"class_list":["post-14","page","type-page","status-publish","has-post-thumbnail","czr-hentry"],"_links":{"self":[{"href":"https:\/\/sintelsoftware.com\/es\/wp-json\/wp\/v2\/pages\/14","targetHints":{"allow":["GET"]}}],"collection":[{"href":"https:\/\/sintelsoftware.com\/es\/wp-json\/wp\/v2\/pages"}],"about":[{"href":"https:\/\/sintelsoftware.com\/es\/wp-json\/wp\/v2\/types\/page"}],"author":[{"embeddable":true,"href":"https:\/\/sintelsoftware.com\/es\/wp-json\/wp\/v2\/users\/1"}],"replies":[{"embeddable":true,"href":"https:\/\/sintelsoftware.com\/es\/wp-json\/wp\/v2\/comments?post=14"}],"version-history":[{"count":19,"href":"https:\/\/sintelsoftware.com\/es\/wp-json\/wp\/v2\/pages\/14\/revisions"}],"predecessor-version":[{"id":1082,"href":"https:\/\/sintelsoftware.com\/es\/wp-json\/wp\/v2\/pages\/14\/revisions\/1082"}],"wp:featuredmedia":[{"embeddable":true,"href":"https:\/\/sintelsoftware.com\/es\/wp-json\/wp\/v2\/media\/46"}],"wp:attachment":[{"href":"https:\/\/sintelsoftware.com\/es\/wp-json\/wp\/v2\/media?parent=14"}],"curies":[{"name":"wp","href":"https:\/\/api.w.org\/{rel}","templated":true}]}}