{"id":117,"date":"2015-05-21T20:54:09","date_gmt":"2015-05-21T20:54:09","guid":{"rendered":"http:\/\/sintelsoftware.com\/?page_id=117"},"modified":"2016-03-25T18:32:38","modified_gmt":"2016-03-26T01:32:38","slug":"retail-software-pos","status":"publish","type":"page","link":"https:\/\/sintelsoftware.com\/es\/retail-software-pos","title":{"rendered":"Tienda al por Menor Software TPV"},"content":{"rendered":"<p><\/p>\n<table border=\"0\">\n<tbody>\n<tr>\n<td><img loading=\"lazy\" decoding=\"async\" title=\"Retail POS Software\" src=\"https:\/\/sintelsoftware.com\/wp-content\/uploads\/2015\/12\/Espanol-Tienda-al-por-Menor-PTV-Punto-de-Venta-Sintel-Software-855-POS-SALE-www.SintelSoftware.com_.png\" alt=\"Retail POS Software\" width=\"583\" height=\"647\" \/><\/p>\n<p>\n\t\t<style type=\"text\/css\">\n\t\t\t#gallery-2 {\n\t\t\t\tmargin: auto;\n\t\t\t}\n\t\t\t#gallery-2 .gallery-item {\n\t\t\t\tfloat: left;\n\t\t\t\tmargin-top: 10px;\n\t\t\t\ttext-align: center;\n\t\t\t\twidth: 33%;\n\t\t\t}\n\t\t\t#gallery-2 img {\n\t\t\t\tborder: 2px solid #cfcfcf;\n\t\t\t}\n\t\t\t#gallery-2 .gallery-caption {\n\t\t\t\tmargin-left: 0;\n\t\t\t}\n\t\t\t\/* see gallery_shortcode() in wp-includes\/media.php *\/\n\t\t<\/style>\n\t\t<div id='gallery-2' class='gallery galleryid-117 gallery-columns-3 gallery-size-thumbnail'><dl class='gallery-item'>\n\t\t\t<dt class='gallery-icon portrait'>\n\t\t\t\t<a class=\"grouped_elements\" rel=\"tc-fancybox-group\" href=\"https:\/\/sintelsoftware.com\/wp-content\/uploads\/2015\/12\/Deutsch-Einzelhandel-POS-Kassensysteme-Kassensoftware-Sintel-Software-855-POS-SALE-www.SintelSoftware.com_.png\" title=\"Deutsch-Einzelhandel-POS-Kassensysteme-Kassensoftware-Sintel-Software-855-POS-SALE-www.SintelSoftware.com\"><img loading=\"lazy\" decoding=\"async\" width=\"150\" height=\"150\" src=\"https:\/\/sintelsoftware.com\/wp-content\/uploads\/2015\/12\/Deutsch-Einzelhandel-POS-Kassensysteme-Kassensoftware-Sintel-Software-855-POS-SALE-www.SintelSoftware.com_-150x150.png\" class=\"attachment-thumbnail size-thumbnail\" alt=\"Deutsch-Einzelhandel-POS-Kassensysteme-Kassensoftware-Sintel-Software-855-POS-SALE-www.SintelSoftware.com\" \/><\/a>\n\t\t\t<\/dt><\/dl><dl class='gallery-item'>\n\t\t\t<dt class='gallery-icon portrait'>\n\t\t\t\t<a class=\"grouped_elements\" rel=\"tc-fancybox-group\" href=\"https:\/\/sintelsoftware.com\/wp-content\/uploads\/2015\/12\/Portugu\u00eas-Varejo-PDV-Pontos-De-Venda-Software-Sintel-Software-855-POS-SALE-www.SintelSoftware.com_.png\" title=\"Portugu\u00eas-Varejo-PDV-Pontos-De-Venda-Software-Sintel-Software-855-POS-SALE-www.SintelSoftware.com\"><img loading=\"lazy\" decoding=\"async\" width=\"150\" height=\"150\" src=\"https:\/\/sintelsoftware.com\/wp-content\/uploads\/2015\/12\/Portugu\u00eas-Varejo-PDV-Pontos-De-Venda-Software-Sintel-Software-855-POS-SALE-www.SintelSoftware.com_-150x150.png\" class=\"attachment-thumbnail size-thumbnail\" alt=\"Portugu\u00eas-Varejo-PDV-Pontos-De-Venda-Software-Sintel-Software-855-POS-SALE-www.SintelSoftware.com\" \/><\/a>\n\t\t\t<\/dt><\/dl><dl class='gallery-item'>\n\t\t\t<dt class='gallery-icon portrait'>\n\t\t\t\t<a class=\"grouped_elements\" rel=\"tc-fancybox-group\" href=\"https:\/\/sintelsoftware.com\/wp-content\/uploads\/2015\/12\/Italiano-Commercio-al-Dettaglio-POS-Punto-Vendito-Sintel-Software-855-POS-SALE-www.SintelSoftware.com_.png\" title=\"Italiano-Commercio-al-Dettaglio-POS-Punto-Vendito-Sintel-Software-855-POS-SALE-www.SintelSoftware.com\"><img loading=\"lazy\" decoding=\"async\" width=\"150\" height=\"150\" src=\"https:\/\/sintelsoftware.com\/wp-content\/uploads\/2015\/12\/Italiano-Commercio-al-Dettaglio-POS-Punto-Vendito-Sintel-Software-855-POS-SALE-www.SintelSoftware.com_-150x150.png\" class=\"attachment-thumbnail size-thumbnail\" alt=\"Italiano-Commercio-al-Dettaglio-POS-Punto-Vendito-Sintel-Software-855-POS-SALE-www.SintelSoftware.com\" \/><\/a>\n\t\t\t<\/dt><\/dl><br style=\"clear: both\" \/><dl class='gallery-item'>\n\t\t\t<dt class='gallery-icon portrait'>\n\t\t\t\t<a class=\"grouped_elements\" rel=\"tc-fancybox-group\" href=\"https:\/\/sintelsoftware.com\/wp-content\/uploads\/2015\/12\/Fran\u00e7ais-Vente-Au-Detail-PDV-Point-De-Vente-Logiciel-Sintel-Software-855-POS-Sale-www.SintelSoftware.com_.png\" title=\"Fran\u00e7ais-Vente-Au-Detail-PDV-Point-De-Vente-Logiciel-Sintel-Software-855-POS-Sale-www.SintelSoftware.com\"><img loading=\"lazy\" decoding=\"async\" width=\"150\" height=\"150\" src=\"https:\/\/sintelsoftware.com\/wp-content\/uploads\/2015\/12\/Fran\u00e7ais-Vente-Au-Detail-PDV-Point-De-Vente-Logiciel-Sintel-Software-855-POS-Sale-www.SintelSoftware.com_-150x150.png\" class=\"attachment-thumbnail size-thumbnail\" alt=\"Fran\u00e7ais-Vente-Au-Detail-PDV-Point-De-Vente-Logiciel-Sintel-Software-855-POS-Sale-www.SintelSoftware.com\" \/><\/a>\n\t\t\t<\/dt><\/dl>\n\t\t\t<br style='clear: both' \/>\n\t\t<\/div>\n<\/td>\n<td>\n<h2 class=\"product-name\"><span style=\"color: #57cf93;\"><strong><span class=\"h1\">Tienda al por Menor Software TPVS<\/span><\/strong><\/span><\/h2>\n<div>\n<div class=\"std\">\n<div class=\"std\">\n<p>El sistema de venta al por menor de Sintel Systems ofrece un software potente y profesional para su negocio. La funcionalidad de centro de operaciones, la gesti\u00f3n de clientes en tiempo real y el control de inventario simplificado, son s\u00f3lo tres de las muchas caracter\u00edsticas que convierten la gesti\u00f3n de sus operaciones en algo realmente sencillo. El software no s\u00f3lo es totalmente personalizable, sino que tambi\u00e9n es muy f\u00e1cil de usar. Tanto si tiene un \u00fanico punto de venta al poner menor como si tiene una gran cadena, nuestro software de venta al por menor est\u00e1 dise\u00f1ado para llevar su negocio hasta el siguiente nivel.<\/p>\n<p><b>El software de Sintel Systems<\/b> le proporciona un proveedor de servicios de aplicaciones (ASP por sus siglas en ingl\u00e9s) que le ofrece control total sobre su negocio desde cualquier lugar. Esta opci\u00f3n le permite hacer uso de funciones de mejora, incluyendo la integraci\u00f3n con Google Maps y la realizaci\u00f3n de pedidos en l\u00ednea. Tanto si el comerciante es un peque\u00f1o restaurante de una comunidad rural, como si es la ubicaci\u00f3n de una franquicia mundialmente famosa, Sintel Systems es la soluci\u00f3n universal para todo tipo de negocios.<\/p>\n<p><b>Sistema de puntos de fidelizaci\u00f3n:<\/b><br \/>\nPremie a sus clientes fieles y mu\u00e9streles su agradecimiento por hacer negocios. Este sistema interno de puntos anima a los clientes a regresar una y otra vez. Los clientes pueden canjear los puntos en futuras compras seg\u00fan los detalles de su programa. El sistema de fidelizaci\u00f3n guarda la informaci\u00f3n de los clientes en la nube, en lugar de en su equipo local. De esta manera, la informaci\u00f3n no se pierde y los clientes pueden acceder a sus puntos incluso a trav\u00e9s de la aplicaci\u00f3n m\u00f3vil. La informaci\u00f3n de contacto tambi\u00e9n puede ser utilizada para enviar cupones y ofertas especiales.<\/p>\n<\/div>\n<\/div>\n<p>*Configuracion Completa, Capacitacion y Soporte Tecnico Disponible<br \/>\n*<a title=\"Request Live Demo\" href=\"https:\/\/sintelsoftware.com\/request-live-demo\" target=\"_blank\">Solicitar Demostracion en Vivo<\/a><br \/>\n*Idiomas Disponibles: Arabe\u2013 Frances\u2013 Italiano \u2013 Portugues \u2013 Espa\u00f1ol &#8211; Aleman &#8211; Japones &#8211; Ruso &#8211; Chino Mandarin &#8211; Koreano &#8211; Ingles<\/p>\n<\/div>\n<\/td>\n<\/tr>\n<\/tbody>\n<\/table>\n<p><\/p>","protected":false},"excerpt":{"rendered":"<p>Tienda al por Menor Software TPVS El sistema de venta al por menor de Sintel Systems ofrece un software potente y profesional para su negocio. La funcionalidad de centro de operaciones, la gesti\u00f3n de clientes en tiempo real y el control de inventario simplificado, son s\u00f3lo tres de las muchas caracter\u00edsticas que convierten la gesti\u00f3n [&hellip;]<\/p>\n","protected":false},"author":1,"featured_media":0,"parent":0,"menu_order":0,"comment_status":"closed","ping_status":"open","template":"","meta":{"footnotes":""},"class_list":["post-117","page","type-page","status-publish","czr-hentry"],"_links":{"self":[{"href":"https:\/\/sintelsoftware.com\/es\/wp-json\/wp\/v2\/pages\/117","targetHints":{"allow":["GET"]}}],"collection":[{"href":"https:\/\/sintelsoftware.com\/es\/wp-json\/wp\/v2\/pages"}],"about":[{"href":"https:\/\/sintelsoftware.com\/es\/wp-json\/wp\/v2\/types\/page"}],"author":[{"embeddable":true,"href":"https:\/\/sintelsoftware.com\/es\/wp-json\/wp\/v2\/users\/1"}],"replies":[{"embeddable":true,"href":"https:\/\/sintelsoftware.com\/es\/wp-json\/wp\/v2\/comments?post=117"}],"version-history":[{"count":41,"href":"https:\/\/sintelsoftware.com\/es\/wp-json\/wp\/v2\/pages\/117\/revisions"}],"predecessor-version":[{"id":1186,"href":"https:\/\/sintelsoftware.com\/es\/wp-json\/wp\/v2\/pages\/117\/revisions\/1186"}],"wp:attachment":[{"href":"https:\/\/sintelsoftware.com\/es\/wp-json\/wp\/v2\/media?parent=117"}],"curies":[{"name":"wp","href":"https:\/\/api.w.org\/{rel}","templated":true}]}}