{"id":8,"date":"2015-05-14T20:50:14","date_gmt":"2015-05-14T20:50:14","guid":{"rendered":"http:\/\/sintelsoftware.com\/?page_id=8"},"modified":"2015-08-10T10:30:19","modified_gmt":"2015-08-10T17:30:19","slug":"solutions","status":"publish","type":"page","link":"https:\/\/sintelsoftware.com\/de\/solutions","title":{"rendered":"Produkte"},"content":{"rendered":"<p><\/p>\n<table border=\"1\">\n<tbody>\n<tr>\n<td>\n<div class=\"product-shop\">\n<div class=\"f-fix\">\n<div class=\"product-primary\">\n<h2 class=\"product-name\" style=\"text-align: center;\"><a href=\"https:\/\/sintelsoftware.com\/retail-software-pos\"><img loading=\"lazy\" decoding=\"async\" class=\" alignright\" src=\"https:\/\/www.sintelsystems.com\/media\/catalog\/product\/cache\/1\/small_image\/300x\/17f82f742ffe127f42dca9de82fb58b1\/r\/e\/retail.png\" alt=\"\" width=\"300\" height=\"333\" \/><\/a><a title=\"Retail Software POS\" href=\"https:\/\/sintelsoftware.com\/retail-software-pos\">Einzelhandel POS Software<\/a><\/h2>\n<div class=\"product-shop\" style=\"text-align: center;\">\n<div class=\"desc std\">\n<p style=\"text-align: center;\">Mit Sintel Systems Einzelhandel holen Sie sich eine professionelle und leistungsstarke Software in Ihr Gesch\u00e4ft. HD Funktionalit\u00e4t, Echtzeit Kundenmanagement und eine vereinfachte Lagerbestandsf\u00fchrung sind nur drei der vielen Eigenschaften, welche das Handhaben Ihrer T\u00e4tigkeit kinderleicht werden l\u00e4sst. Die Software l\u00e4sst sich vollst\u00e4ndig an Ihre Bed\u00fcrfnisse anpassen und ist zudem sehr benutzerfreundlich. Ob es sich lediglich um einen Einzelhandel oder eine gro\u00dfe Kette handelt\u2013 unsere Einzelhandelssoftware ist dazu designt Ihre Gesch\u00e4ftst\u00e4tigkeit auf das n\u00e4chste Level zu bringen.<\/p>\n<\/div>\n<\/div>\n<\/div>\n<\/div>\n<\/div>\n<\/td>\n<td><a href=\"https:\/\/sintelsoftware.com\/restaurant-software-pos\"><img loading=\"lazy\" decoding=\"async\" class=\"alignright\" src=\"https:\/\/www.sintelsystems.com\/media\/catalog\/product\/cache\/1\/small_image\/300x\/17f82f742ffe127f42dca9de82fb58b1\/r\/e\/restaurant_box.jpg\" alt=\"\" width=\"300\" height=\"333\" \/><\/a><\/p>\n<div class=\"product-shop\">\n<div class=\"f-fix\">\n<div class=\"product-primary\">\n<h2 class=\"product-name\" style=\"text-align: center;\"><a title=\"Restaurant Software POS\" href=\"https:\/\/sintelsoftware.com\/restaurant-software-pos\">Restaurant POS Software<\/a><\/h2>\n<\/div>\n<p style=\"text-align: center;\">Mit sich rasant entwickelnden Restaurants und Kundenw\u00fcnschen mitzuhalten ist wesentlich f\u00fcr den Erfolg. Mit Sintel Systems Restaurant Software k\u00f6nnen Transaktionen schnell und sorgf\u00e4ltig abgewickelt werden. Unser voll anpassungsf\u00e4higes und kategorisiertes Men\u00fc macht die Software sehr effizient. F\u00fcgen Sie problemlos wechselnde Produkte, t\u00e4gliche Angebote, Mittag- und Abendessen hinzu. Die Nutzung von Sintel Restaurant Software verbessert Ihren Kundenservice und hilft Ihnen Ihr Restaurant so einfach zu managen wie nie zuvor.<\/p>\n<\/div>\n<\/div>\n<\/td>\n<\/tr>\n<tr>\n<td><a title=\"Chinese Food Software POS\" href=\"https:\/\/sintelsoftware.com\/chinese-food-software-pos\"><img loading=\"lazy\" decoding=\"async\" class=\" alignright\" src=\"https:\/\/www.sintelsystems.com\/media\/catalog\/product\/cache\/1\/small_image\/300x\/17f82f742ffe127f42dca9de82fb58b1\/c\/h\/chinese_food.png\" alt=\"\" width=\"300\" height=\"333\" \/><\/a><\/p>\n<div class=\"product-shop\">\n<div class=\"f-fix\">\n<div class=\"product-primary\">\n<h2 class=\"product-name\" style=\"text-align: center;\"><a title=\"Chinese Food Software POS\" href=\"https:\/\/sintelsoftware.com\/chinese-food-software-pos\">ChinesIsches Essen POS Software<\/a><\/h2>\n<\/div>\n<div class=\"product-secondary\" style=\"text-align: center;\">\n<div class=\"product-secondary\" style=\"text-align: center;\"><span id=\"product-price-1017\" class=\"regular-price\"> <\/span>POS Systeme f\u00fcr chinesisches Essen und asiatische K\u00fcche m\u00fcssen Ihren gesamten Bestand verwalten, mit allen kleinen Tellern, Suppen, Vorspeisen und zus\u00e4tzlichen Ab\u00e4nderungen jeder Bestellung. Ob zus\u00e4tzliches H\u00fchnchen, Steak oder Tofu, oder die Auswahl verschiedener Sch\u00e4rfegrade \u2013 Sie wollen Ihre Bestellungen einfach handhaben und Ihre Kunden zufrieden stellen. W\u00e4re es zudem nicht toll in der Lage zu sein Ihrem K\u00fcchenchef Rezepte auf Chinesisch zu schicken? Mit einer Verkaufsstelle von Sintel Systems k\u00f6nnen wir sicher gehen, dass all diese Bed\u00fcrfnisse erf\u00fcllt werden.<\/div>\n<\/div>\n<\/div>\n<\/div>\n<\/td>\n<td><a href=\"https:\/\/sintelsoftware.com\/pizza-software-pos\"><img loading=\"lazy\" decoding=\"async\" class=\" alignright\" src=\"https:\/\/www.sintelsystems.com\/media\/catalog\/product\/cache\/1\/small_image\/300x\/17f82f742ffe127f42dca9de82fb58b1\/p\/i\/pizza.jpg\" alt=\"\" width=\"300\" height=\"333\" \/><\/a><\/p>\n<div class=\"product-shop\">\n<div class=\"desc std\">\n<div class=\"product-primary\">\n<h2 class=\"product-name\" style=\"text-align: center;\"><a title=\"Pizza Software POS\" href=\"https:\/\/sintelsoftware.com\/pizza-software-pos\">Pizza POS Software<\/a><\/h2>\n<\/div>\n<p style=\"text-align: center;\">Ob Sie Ihre Pizza pro St\u00fcck verkaufen, Ausliefern, oder ein vollbesetztes Restaurant besitzen, Pizza POS System von Sintel Systems gibt jedem Gesch\u00e4ft genau das was es braucht. Die Software beinhaltet ein vereinfachtes Men\u00fc-Management, anpassbare Lieferoptionen und eine ID-Integration. Der Kunde w\u00e4hlt seinen Rand, So\u00dfe, K\u00e4se und nat\u00fcrlich alle Bel\u00e4ge aus. Das Pizza POS System in Ihrem Restaurant erlaubt eine schnelle und effiziente Eingabe aller Informationen genauso wie Ihr Gesch\u00e4ft diese verarbeitet. Unsere Software beinhaltet alle ben\u00f6tigten Informationen und ist dennoch benutzerfreundlich.<\/p>\n<\/div>\n<\/div>\n<\/td>\n<\/tr>\n<tr>\n<td><a href=\"https:\/\/sintelsoftware.com\/frozen-yogurt-software-pos\"><img loading=\"lazy\" decoding=\"async\" class=\" alignright\" src=\"https:\/\/www.sintelsystems.com\/media\/catalog\/product\/cache\/1\/small_image\/300x\/17f82f742ffe127f42dca9de82fb58b1\/f\/r\/frozen_yogurt.png\" alt=\"\" width=\"300\" height=\"333\" \/><\/a><\/p>\n<div class=\"product-primary\">\n<h2 class=\"product-name\" style=\"text-align: center;\"><a title=\"Frozen Yogurt Software POS\" href=\"https:\/\/sintelsoftware.com\/frozen-yogurt-software-pos\">Gefrorener Joghurt POS Software<\/a><\/h2>\n<\/div>\n<div class=\"desc std\">\n<div class=\"short-description\" style=\"text-align: center;\">\n<div class=\"std\">\n<p>Als Besitzer eines FrozenYogurt Ladens ist es wichtig sowohl mit den verschiedenen Geschmacksrichtungen, als auch der konstanten Nachfrage und dem Wettbewerb mitzuhalten. Mit einer integrierten Gewichtsstaffel, Tara Funktion und einem eingebauten Treueprogramm bietet Sintel Systems FrozenYogurt POS eine einfach zu bedienende Software mit leistungsf\u00e4higen Managementf\u00e4higkeiten f\u00fcr Ihr Gesch\u00e4ft. Mit einer integrierten Kreditkartenabwicklung erlaubt unsere Software Ihren Mitarbeitern Bestellungen innerhalb von Sekunden zu bearbeiten.<\/p>\n<\/div>\n<\/div>\n<\/div>\n<\/td>\n<td><a href=\"https:\/\/sintelsoftware.com\/bakery-software-pos\"><img loading=\"lazy\" decoding=\"async\" class=\" alignright\" src=\"https:\/\/www.sintelsystems.com\/media\/catalog\/product\/cache\/1\/small_image\/300x\/17f82f742ffe127f42dca9de82fb58b1\/b\/a\/bakery.jpg\" alt=\"\" width=\"300\" height=\"333\" \/><\/a><\/p>\n<div class=\"product-shop\">\n<div class=\"desc std\">\n<div class=\"product-primary\">\n<h2 class=\"product-name\" style=\"text-align: center;\"><a title=\"Bakery Software POS\" href=\"https:\/\/sintelsoftware.com\/bakery-software-pos\">B\u00c4CKEREI POS Software<\/a><\/h2>\n<\/div>\n<p style=\"text-align: center;\">Das Managen Ihrer B\u00e4ckerei k\u00f6nnte mit Sintel Systems B\u00e4ckerei POS Software nicht einfacher sein. Mit voll anpassbaren Eigenschaften kann jedes gro\u00dfe Event oder Catering direkt in Ihrem System erledigt werden. Behalten Sie den \u00dcberblick \u00fcber kundenspezifische Kuchenbestellungen und erm\u00f6glichen Sie Kunden eine Anzahlung bei Bestellung. Nutzen Sie die integrierte Waage f\u00fcr jedes gewogene Produkt. Wir gew\u00e4hrleisten, dass unsere benutzerfreundliche, professionelle Software genau das bietet, was Ihre B\u00e4ckerei ben\u00f6tigt.<\/p>\n<\/div>\n<\/div>\n<\/td>\n<\/tr>\n<tr>\n<td><a href=\"https:\/\/sintelsoftware.com\/salon-software-pos\"><img loading=\"lazy\" decoding=\"async\" class=\" alignright\" src=\"https:\/\/www.sintelsystems.com\/media\/catalog\/product\/cache\/1\/small_image\/300x\/17f82f742ffe127f42dca9de82fb58b1\/s\/a\/salon.png\" alt=\"\" width=\"300\" height=\"333\" \/><\/a><\/p>\n<div class=\"product-shop\">\n<div class=\"desc std\">\n<div class=\"product-primary\">\n<h2 class=\"product-name\" style=\"text-align: center;\"><a title=\"Salon Software POS\" href=\"https:\/\/sintelsoftware.com\/salon-software-pos\">Salon und Spa POS Software<\/a><\/h2>\n<\/div>\n<p style=\"text-align: center;\">W\u00e4hrend Salons und Spas weiterhin die Bed\u00fcrfnisse Ihrer Kunden befriedigen, verbessert die Verkaufsstellen-Industriederen Entwicklungen um hingegen die Bed\u00fcrfnisse der Salons zubefriedigen. Die Sintel Systems Salon und Spa POS Software beinhaltet ein einfach zu bedienendes Terminbuch mit passendem Kundenservice und Bestellhistorie damit sowohl Sie, als auch Ihre Kunden zufrieden sind. Zudem k\u00f6nnen Sie ganz einfach alle Best\u00e4nde verwalten und die Verk\u00e4ufe \u00fcberblicken. Beginnen Sie Ihre Kunden zu verw\u00f6hnen, ohne \u00fcber das POS System nachzudenken. Lassen Sie Sintel Systems sich um den Rest k\u00fcmmern.<\/p>\n<\/div>\n<\/div>\n<\/td>\n<td><a href=\"https:\/\/sintelsoftware.com\/produce-grocery-software-pos\"><img loading=\"lazy\" decoding=\"async\" class=\" alignright\" src=\"https:\/\/www.sintelsystems.com\/media\/catalog\/product\/cache\/1\/small_image\/300x\/17f82f742ffe127f42dca9de82fb58b1\/p\/r\/produce_and_grocery.png\" alt=\"\" width=\"300\" height=\"333\" \/><\/a><\/p>\n<div class=\"product-primary\">\n<h2 class=\"product-name\" style=\"text-align: center;\"><a title=\"Produce &#038; Grocery Software POS\" href=\"https:\/\/sintelsoftware.com\/produce-grocery-software-pos\">Supermarkt Lebensmittel POS Software<\/a><\/h2>\n<\/div>\n<div class=\"desc std\">\n<p style=\"text-align: center;\">Mit der Sintel Systems Erzeugnisse und Lebensmittel Software l\u00e4uft Ihr Gesch\u00e4ft reibungslos und effizient. Die integrierte Gewichtsstaffel erlaubt ein einfaches Wiegen der Produkte f\u00fcr ein schnelles Bezahlen. Um jede Transaktion noch schneller abzuwickeln beinhaltet die Software auch eine integrierte Kreditkartenabwicklung. Machen Sie Ihre Kunden mit Produkterstattungen und Austauschvorg\u00e4ngen gl\u00fccklich. Wenn Ihr Lebensmittel- oder Erzeugnis-Markt nach einer M\u00f6glichkeit sucht die POS Softwarequalit\u00e4t zu verbessern und gleichzeitig die Effizienz zu steigern um die Kundenbed\u00fcrfnisse zu erf\u00fcllen, dann kann Sintel Systems helfen.<\/p>\n<\/div>\n<\/td>\n<\/tr>\n<tr>\n<td><a href=\"https:\/\/sintelsoftware.com\/back-office-software-pos\"><img loading=\"lazy\" decoding=\"async\" class=\" alignright\" src=\"https:\/\/www.sintelsystems.com\/media\/catalog\/product\/cache\/1\/small_image\/300x\/17f82f742ffe127f42dca9de82fb58b1\/b\/a\/back_office_software.png\" alt=\"\" width=\"300\" height=\"333\" \/><\/a><\/p>\n<div class=\"product-shop\">\n<div class=\"desc std\">\n<div class=\"product-primary\">\n<h2 class=\"product-name\" style=\"text-align: center;\"><a title=\"Back Office Software POS\" href=\"https:\/\/sintelsoftware.com\/back-office-software-pos\">Back Office POS Software<\/a><\/h2>\n<\/div>\n<p style=\"text-align: center;\">Der Zugang zur Betriebsf\u00fchrung ist wesentlich f\u00fcr ein Gesch\u00e4ft, aber eine Kundentransaktion zu unterbrechen um an ben\u00f6tigte Informationen zu gelangen kann sehr sch\u00e4dlich sein. Sintel Systems Back Office Software erlaubt es Ihnen Stundenzettel der Mitarbeiter einzusehen, Lagerbest\u00e4nde zu verwalten und Verkaufsreporte jeglicher Standorte zu analysieren. Die Software erm\u00f6glicht zudem das Management mehrere L\u00e4den im Franchise. Sie haben kein B\u00fcro? Kein Problem. Sintel Systems Back Office Software kann direkt auf Ihrem Laptop installiert werden. Solange Sie ein Teil des Ladennetzwerkes sind k\u00f6nnen Sie auf die Datenbank zugreifen. Back Office Software Lizenz: Volle Lizenz mit lokalem Zugang auf Abrechnungsstelle und Geb\u00e4udefunktionen.<\/p>\n<\/div>\n<\/div>\n<\/td>\n<td><a href=\"https:\/\/sintelsoftware.com\/coffee-shop-software-pos\"><img loading=\"lazy\" decoding=\"async\" class=\" alignright\" src=\"https:\/\/www.sintelsystems.com\/media\/catalog\/product\/cache\/1\/small_image\/300x\/17f82f742ffe127f42dca9de82fb58b1\/c\/o\/coffee_shop_box.png\" alt=\"\" width=\"300\" height=\"333\" \/><\/a><\/p>\n<div class=\"product-shop\">\n<div class=\"desc std\" style=\"text-align: right;\">\n<div class=\"product-primary\">\n<h2 class=\"product-name\" style=\"text-align: center;\"><a title=\"Coffee Shop Software POS\" href=\"https:\/\/sintelsoftware.com\/coffee-shop-software-pos\">Caf\u00e9 POS Software<\/a><\/h2>\n<\/div>\n<p style=\"text-align: center;\">Millionen von Amerikanern starten ihren Tag mit einem Kaffee \u2013 w\u00e4hlen Sie Sintel Systems Coffee Shop POS Software. Abwicklungen waren nie schneller als mit unserem Bedienungsmodus. Die integrierte Gewichtsstaffel erlaubt es Kunden nicht nur eine Tasse Kaffee zu kaufen, sondern ihren liebsten gemahlenen Kaffee. Lassen Sie Ihre Kunden mit einem Treueprogramm Punkte sammeln und Preise einl\u00f6sen, w\u00e4hrend Sie IhnenzudemSonderangebote und Coupons mit Kundeninformationen zusenden, welche direkt auf dem System gespeichert sind. Kaffee ist nicht mehr nur ein Gesch\u00e4ft, es ist eine Kultur. Unsere aktuelle POS Technologie ist der effizienteste Weg Ihren Coffee Shop zu leiten.<\/p>\n<\/div>\n<\/div>\n<\/td>\n<\/tr>\n<\/tbody>\n<\/table>\n<p><\/p>","protected":false},"excerpt":{"rendered":"<p>Einzelhandel POS Software Mit Sintel Systems Einzelhandel holen Sie sich eine professionelle und leistungsstarke Software in Ihr Gesch\u00e4ft. HD Funktionalit\u00e4t, Echtzeit Kundenmanagement und eine vereinfachte Lagerbestandsf\u00fchrung sind nur drei der vielen Eigenschaften, welche das Handhaben Ihrer T\u00e4tigkeit kinderleicht werden l\u00e4sst. Die Software l\u00e4sst sich vollst\u00e4ndig an Ihre Bed\u00fcrfnisse anpassen und ist zudem sehr benutzerfreundlich. Ob [&hellip;]<\/p>\n","protected":false},"author":1,"featured_media":204,"parent":0,"menu_order":0,"comment_status":"closed","ping_status":"open","template":"","meta":{"footnotes":""},"class_list":["post-8","page","type-page","status-publish","has-post-thumbnail","czr-hentry"],"_links":{"self":[{"href":"https:\/\/sintelsoftware.com\/de\/wp-json\/wp\/v2\/pages\/8","targetHints":{"allow":["GET"]}}],"collection":[{"href":"https:\/\/sintelsoftware.com\/de\/wp-json\/wp\/v2\/pages"}],"about":[{"href":"https:\/\/sintelsoftware.com\/de\/wp-json\/wp\/v2\/types\/page"}],"author":[{"embeddable":true,"href":"https:\/\/sintelsoftware.com\/de\/wp-json\/wp\/v2\/users\/1"}],"replies":[{"embeddable":true,"href":"https:\/\/sintelsoftware.com\/de\/wp-json\/wp\/v2\/comments?post=8"}],"version-history":[{"count":112,"href":"https:\/\/sintelsoftware.com\/de\/wp-json\/wp\/v2\/pages\/8\/revisions"}],"predecessor-version":[{"id":394,"href":"https:\/\/sintelsoftware.com\/de\/wp-json\/wp\/v2\/pages\/8\/revisions\/394"}],"wp:featuredmedia":[{"embeddable":true,"href":"https:\/\/sintelsoftware.com\/de\/wp-json\/wp\/v2\/media\/204"}],"wp:attachment":[{"href":"https:\/\/sintelsoftware.com\/de\/wp-json\/wp\/v2\/media?parent=8"}],"curies":[{"name":"wp","href":"https:\/\/api.w.org\/{rel}","templated":true}]}}