{"id":145,"date":"2015-05-21T23:48:30","date_gmt":"2015-05-21T23:48:30","guid":{"rendered":"http:\/\/sintelsoftware.com\/?page_id=145"},"modified":"2016-03-25T18:43:06","modified_gmt":"2016-03-26T01:43:06","slug":"frozen-yogurt-software-pos","status":"publish","type":"page","link":"https:\/\/sintelsoftware.com\/de\/frozen-yogurt-software-pos","title":{"rendered":"Gefrorener Joghurt POS Software"},"content":{"rendered":"<p><\/p>\n<table border=\"0\">\n<tbody>\n<tr>\n<td><img loading=\"lazy\" decoding=\"async\" title=\"Frozen Yogurt POS Software\" src=\"https:\/\/sintelsoftware.com\/wp-content\/uploads\/2015\/12\/Deutsch-Gefrorener-Joghurt-POS-Kassensysteme-Kassensoftware-Sintel-Software-855-POS-SALE-www.SintelSoftware.com_.png\" alt=\"Frozen Yogurt POS Software\" width=\"583\" height=\"647\" \/><\/p>\n<p>&nbsp;<\/p>\n<p>\n\t\t<style type=\"text\/css\">\n\t\t\t#gallery-6 {\n\t\t\t\tmargin: auto;\n\t\t\t}\n\t\t\t#gallery-6 .gallery-item {\n\t\t\t\tfloat: left;\n\t\t\t\tmargin-top: 10px;\n\t\t\t\ttext-align: center;\n\t\t\t\twidth: 33%;\n\t\t\t}\n\t\t\t#gallery-6 img {\n\t\t\t\tborder: 2px solid #cfcfcf;\n\t\t\t}\n\t\t\t#gallery-6 .gallery-caption {\n\t\t\t\tmargin-left: 0;\n\t\t\t}\n\t\t\t\/* see gallery_shortcode() in wp-includes\/media.php *\/\n\t\t<\/style>\n\t\t<div id='gallery-6' class='gallery galleryid-145 gallery-columns-3 gallery-size-thumbnail'><dl class='gallery-item'>\n\t\t\t<dt class='gallery-icon portrait'>\n\t\t\t\t<a class=\"grouped_elements\" rel=\"tc-fancybox-group\" href=\"https:\/\/sintelsoftware.com\/wp-content\/uploads\/2015\/12\/Espanol-Helado-de-Yogur-PTV-Punto-de-Venta-Sintel-Software-855-POS-SALE-www.SintelSoftware.com_.png\" title=\"Espanol-Helado-de-Yogur-PTV-Punto-de-Venta-Sintel-Software-855-POS-SALE-www.SintelSoftware.com\"><img loading=\"lazy\" decoding=\"async\" width=\"150\" height=\"150\" src=\"https:\/\/sintelsoftware.com\/wp-content\/uploads\/2015\/12\/Espanol-Helado-de-Yogur-PTV-Punto-de-Venta-Sintel-Software-855-POS-SALE-www.SintelSoftware.com_-150x150.png\" class=\"attachment-thumbnail size-thumbnail\" alt=\"Espanol-Helado-de-Yogur-PTV-Punto-de-Venta-Sintel-Software-855-POS-SALE-www.SintelSoftware.com\" \/><\/a>\n\t\t\t<\/dt><\/dl><dl class='gallery-item'>\n\t\t\t<dt class='gallery-icon portrait'>\n\t\t\t\t<a class=\"grouped_elements\" rel=\"tc-fancybox-group\" href=\"https:\/\/sintelsoftware.com\/wp-content\/uploads\/2015\/12\/Portugu\u00eas-Logurte-Congelado-PDV-Pontos-De-Venda-Sintel-Software-855-POS-SALE-www.SintelSoftware.com_.png\" title=\"Portugu\u00eas-Logurte-Congelado-PDV-Pontos-De-Venda-Sintel-Software-855-POS-SALE-www.SintelSoftware.com\"><img loading=\"lazy\" decoding=\"async\" width=\"150\" height=\"150\" src=\"https:\/\/sintelsoftware.com\/wp-content\/uploads\/2015\/12\/Portugu\u00eas-Logurte-Congelado-PDV-Pontos-De-Venda-Sintel-Software-855-POS-SALE-www.SintelSoftware.com_-150x150.png\" class=\"attachment-thumbnail size-thumbnail\" alt=\"Portugu\u00eas-Logurte-Congelado-PDV-Pontos-De-Venda-Sintel-Software-855-POS-SALE-www.SintelSoftware.com\" \/><\/a>\n\t\t\t<\/dt><\/dl><dl class='gallery-item'>\n\t\t\t<dt class='gallery-icon portrait'>\n\t\t\t\t<a class=\"grouped_elements\" rel=\"tc-fancybox-group\" href=\"https:\/\/sintelsoftware.com\/wp-content\/uploads\/2015\/12\/Italiano-Yogurt-Gelato-POS-Punto-Vendito-Sintel-Software-855-POS-SALE-www.SintelSoftware.com_.png\" title=\"Italiano-Yogurt-Gelato-POS-Punto-Vendito-Sintel-Software-855-POS-SALE-www.SintelSoftware.com\"><img loading=\"lazy\" decoding=\"async\" width=\"150\" height=\"150\" src=\"https:\/\/sintelsoftware.com\/wp-content\/uploads\/2015\/12\/Italiano-Yogurt-Gelato-POS-Punto-Vendito-Sintel-Software-855-POS-SALE-www.SintelSoftware.com_-150x150.png\" class=\"attachment-thumbnail size-thumbnail\" alt=\"Italiano-Yogurt-Gelato-POS-Punto-Vendito-Sintel-Software-855-POS-SALE-www.SintelSoftware.com\" \/><\/a>\n\t\t\t<\/dt><\/dl><br style=\"clear: both\" \/><dl class='gallery-item'>\n\t\t\t<dt class='gallery-icon portrait'>\n\t\t\t\t<a class=\"grouped_elements\" rel=\"tc-fancybox-group\" href=\"https:\/\/sintelsoftware.com\/wp-content\/uploads\/2015\/12\/Fran\u00e7ais-Yaourt-Glace-PDV-Point-De-Vente-Logiciel-Sintel-Software-855-POS-SALE-www.SintelSoftware.com_.png\" title=\"Fran\u00e7ais-Yaourt-Glace-PDV-Point-De-Vente-Logiciel-Sintel-Software-855-POS-SALE-www.SintelSoftware.com\"><img loading=\"lazy\" decoding=\"async\" width=\"150\" height=\"150\" src=\"https:\/\/sintelsoftware.com\/wp-content\/uploads\/2015\/12\/Fran\u00e7ais-Yaourt-Glace-PDV-Point-De-Vente-Logiciel-Sintel-Software-855-POS-SALE-www.SintelSoftware.com_-150x150.png\" class=\"attachment-thumbnail size-thumbnail\" alt=\"Fran\u00e7ais-Yaourt-Glace-PDV-Point-De-Vente-Logiciel-Sintel-Software-855-POS-SALE-www.SintelSoftware.com\" \/><\/a>\n\t\t\t<\/dt><\/dl>\n\t\t\t<br style='clear: both' \/>\n\t\t<\/div>\n<\/td>\n<td>\n<h2 class=\"product-name\"><span style=\"color: #57cf93;\"><strong><span class=\"h1\">Gefrorener Joghurt POS Software<\/span><\/strong><\/span><\/h2>\n<div>\n<p>Als Besitzer eines FrozenYogurt Ladens ist es wichtig sowohl mit den verschiedenen Geschmacksrichtungen, als auch der konstanten Nachfrage und dem Wettbewerb mitzuhalten. Mit einer integrierten Gewichtsstaffel, Tara Funktion und einem eingebauten Treueprogramm bietet Sintel Systems FrozenYogurt POS eine einfach zu bedienende Software mit leistungsf\u00e4higen Managementf\u00e4higkeiten f\u00fcr Ihr Gesch\u00e4ft. Mit einer integrierten Kreditkartenabwicklung erlaubt unsere Software Ihren Mitarbeitern Bestellungen innerhalb von Sekunden zu bearbeiten.<\/p>\n<p>Die <strong>Sintel System Software<\/strong> bietet Ihnen ASP (Anwendungs Service Anbieter (engl.: Application Service Provider)) an, welches Ihnen die gesamte Kontrolle Ihres Unternehmens verleiht, wo immer Sie sich befinden. Diese Option erm\u00f6glicht es Verbesserungsfunktionen einschlie\u00dflich Google Maps Integration und Online-Bestellung. Egal ob der H\u00e4ndler ein kleines Gasthaus in einer l\u00e4ndlichen Gemeinschaft betreibt oder ein weltber\u00fchmtes in einer franchise Lage in einer Gro\u00dfstadt, Sintel Systems is die universale L\u00f6sung f\u00fcr alle Unternehmen.<\/p>\n<p><strong>Treuepunkte System:<\/strong><\/p>\n<p>Belohnen Sie Ihre treuen Kunden und zeigen Sie Ihre Anerkennung f\u00fcr ihr Gesch\u00e4ft. Dieses interne Punktesystem f\u00f6rdert Ihre Kunden immer und immer wieder zur\u00fcckzukehren. Kunden k\u00f6nnen, basierend auf Ihrem Programmdetails, die Punkte f\u00fcr zuk\u00fcnftige K\u00e4ufe einl\u00f6sen. Das Treuesystem speichert Kundeninformationen auf Cloud, anstelle auf Ihrem lokalen Rechner, sodass sie nicht verloren gehen und die Kunden ebenfalls Zugriff auf ihre Punkte haben mit ihrer mobilen App. Die Kontaktinformationen k\u00f6nnen auch genutzt werden um Angebote und Coupons zusenden.<\/p>\n<p><strong>POS SYSTEM-ZERTIFIZIERUNG: <\/strong>Die Frozen-Yogurt POS-Software ist landesweit von der Konfernz f\u00fcr Gewicht und Ma\u00df (NCWM (engl.: National Conference on Weight and Measure)) unter ihrer nationalen Art des Auswertungsprogrammes (NTEP (engl.: National Type Evaluation Program)) zertifizert. Das Frozen-Yogurt POS-Software erf\u00fcllt alle technischen Anforderungen des NIST Handbuches 44: Spezifikationen, Toleranzen und andere technische Anforderungen f\u00fcr Waage- und Messger\u00e4ten.<\/p>\n<p><a href=\"https:\/\/sintelsoftware.com\/wp-content\/uploads\/2015\/12\/Frozen-Yogurt-Certificate-of-Conformance.pdf\" target=\"_blank\">Kicken sie auf das Bild, um Konformit\u00e4tszertifikat anzusehen<\/a><\/p>\n<p><a href=\"https:\/\/sintelsoftware.com\/wp-content\/uploads\/2015\/12\/Frozen-Yogurt-Certificate-of-Conformance.pdf\" target=\"_blank\"><img loading=\"lazy\" decoding=\"async\" title=\"Scale Certified\" src=\"http:\/\/www.sintelsystems.com\/images\/Certificate-Icon01.png\" alt=\"Scale Certified\" width=\"150\" height=\"164\" \/><\/a><\/p>\n<p>*<span id=\"result_box\" class=\"short_text\" lang=\"de\"><span class=\"hps\">Full<\/span><span class=\"\">-Konfiguration<\/span><\/span> <span id=\"result_box\" class=\"short_text\" lang=\"de\"><span class=\"hps\">Unterst\u00fctzung<\/span> <span class=\"hps\">verf\u00fcgbar<\/span><\/span><br \/>\n*<a href=\"https:\/\/sintelsoftware.com\/request-live-demo\" target=\"_blank\">Live-Demo anfordern<\/a><br \/>\n*<span id=\"result_box\" class=\"short_text\" lang=\"de\"><span class=\"hps\">Sprache<\/span> V<span class=\"hps\">erf\u00fcgbar<\/span><\/span>: Arabisch &#8211; Chinese &#8211; Italienisch &#8211; Deutsch- Japanisch &#8211; Koreanisch &#8211; English &#8211; Franz\u00f6sisch &#8211; Portuguese &#8211; Russisch &#8211; Spanisch<\/p>\n<\/div>\n<\/td>\n<\/tr>\n<\/tbody>\n<\/table>\n<p><\/p>","protected":false},"excerpt":{"rendered":"<p>&nbsp; Gefrorener Joghurt POS Software Als Besitzer eines FrozenYogurt Ladens ist es wichtig sowohl mit den verschiedenen Geschmacksrichtungen, als auch der konstanten Nachfrage und dem Wettbewerb mitzuhalten. Mit einer integrierten Gewichtsstaffel, Tara Funktion und einem eingebauten Treueprogramm bietet Sintel Systems FrozenYogurt POS eine einfach zu bedienende Software mit leistungsf\u00e4higen Managementf\u00e4higkeiten f\u00fcr Ihr Gesch\u00e4ft. Mit einer [&hellip;]<\/p>\n","protected":false},"author":1,"featured_media":0,"parent":0,"menu_order":0,"comment_status":"closed","ping_status":"open","template":"","meta":{"footnotes":""},"class_list":["post-145","page","type-page","status-publish","czr-hentry"],"_links":{"self":[{"href":"https:\/\/sintelsoftware.com\/de\/wp-json\/wp\/v2\/pages\/145","targetHints":{"allow":["GET"]}}],"collection":[{"href":"https:\/\/sintelsoftware.com\/de\/wp-json\/wp\/v2\/pages"}],"about":[{"href":"https:\/\/sintelsoftware.com\/de\/wp-json\/wp\/v2\/types\/page"}],"author":[{"embeddable":true,"href":"https:\/\/sintelsoftware.com\/de\/wp-json\/wp\/v2\/users\/1"}],"replies":[{"embeddable":true,"href":"https:\/\/sintelsoftware.com\/de\/wp-json\/wp\/v2\/comments?post=145"}],"version-history":[{"count":35,"href":"https:\/\/sintelsoftware.com\/de\/wp-json\/wp\/v2\/pages\/145\/revisions"}],"predecessor-version":[{"id":1178,"href":"https:\/\/sintelsoftware.com\/de\/wp-json\/wp\/v2\/pages\/145\/revisions\/1178"}],"wp:attachment":[{"href":"https:\/\/sintelsoftware.com\/de\/wp-json\/wp\/v2\/media?parent=145"}],"curies":[{"name":"wp","href":"https:\/\/api.w.org\/{rel}","templated":true}]}}